{"id":1000706,"date":"2025-11-28T09:14:06","date_gmt":"2025-11-28T09:14:06","guid":{"rendered":"https:\/\/nicopouche.com\/?post_type=product&#038;p=1000706"},"modified":"2025-11-28T19:13:01","modified_gmt":"2025-11-28T19:13:01","slug":"lips-original-cherry-cola-16g","status":"publish","type":"product","link":"https:\/\/nicopouche.com\/sl\/katalog\/lips-original-cherry-cola-16g\/","title":{"rendered":"Lips Original Cherry &amp; Cola 16g"},"content":{"rendered":"<p class=\"h3 mb-0\"><strong>Lips Original Cherry &amp; Cola 16g - <\/strong><strong>Kupite nikotinske vre\u010dke LIPS!<\/strong><\/p>\n<p>Zaradi arome, okusa in gladke nikotinske izku\u0161nje spreminja pravila igre. Bela nikotinska vre\u010dica z bogato in zabavno kombinacijo okusa kola in \u010de\u0161nje. Koli\u010dina nikotina v enem gramu je 16 mg. Vsebuje 3 razli\u010dne vrste celuloze: Dolgotrajnej\u0161e spro\u0161\u010danje nikotina Gladka absorpcija in nikotinski u\u010dinek. Ve\u010d okusa in dalj\u0161e trajanje!<\/p>\n<p id=\"tw-target-text\" class=\"tw-data-text tw-text-large tw-ta\" dir=\"ltr\" data-placeholder=\"\u00d6vers\u00e4ttning\" data-ved=\"2ahUKEwjHnI6y0fiCAxVQLBAIHSC6BFMQ3ewLegQIDhAQ\"><span class=\"Y2IQFc\" lang=\"en\">LIPS je blagovna znamka, znana po razli\u010dnih nikotinskih izdelkih. Te vre\u010dke so odli\u010dna izbira za tiste, ki \u017eelijo u\u017eivati nikotin, ne da bi pri tem kadili ali uporabljali tobak. Bele nikotinske vre\u010dke omogo\u010dajo preprosto uporabo in diskretnost ter se udobno namestijo pod ustnico. Poleg tega so te vre\u010dke na voljo v razli\u010dnih okusih, tako da lahko izberete popoln okus, ki bo zadovoljil va\u0161e \u017eelje.<\/span><\/p>\n<p id=\"tw-target-text\" class=\"tw-data-text tw-text-large tw-ta\" dir=\"ltr\" data-placeholder=\"\u00d6vers\u00e4ttning\" data-ved=\"2ahUKEwjHnI6y0fiCAxVQLBAIHSC6BFMQ3ewLegQIDhAQ\"><span class=\"Y2IQFc\" lang=\"en\">Bele nikotinske vre\u010dke LIPS so oblikovane z mislijo na tankost, zato so izjemno priro\u010dna in diskretna izbira za uporabnike nikotina. Njihovi dobro napolnjeni porcijski vre\u010dki v tankem formatu so kot nala\u0161\u010d za tiste, ki \u017eelijo uporabljati nikotinske vre\u010dke, ne da bi vzbujali pozornost. <\/span><\/p>\n<p class=\"tw-data-text tw-text-large tw-ta\" dir=\"ltr\" data-placeholder=\"\u00d6vers\u00e4ttning\" data-ved=\"2ahUKEwjHnI6y0fiCAxVQLBAIHSC6BFMQ3ewLegQIDhAQ\"><span class=\"Y2IQFc\" lang=\"en\">Zlahka jih lahko nosite s seboj in jih uporabite, kadar koli \u017eelite. S tankimi nikotinskimi vre\u010dkami LIPS lahko u\u017eivate nikotin, ne da bi vas skrbelo, da motite okolico ali ogro\u017eate svoje udobje.<\/span><\/p>\n<h2 dir=\"ltr\" data-placeholder=\"\u00d6vers\u00e4ttning\" data-ved=\"2ahUKEwjHnI6y0fiCAxVQLBAIHSC6BFMQ3ewLegQIDhAQ\"><strong>Kupite nikotinske vre\u010dke LIPS<\/strong><\/h2>\n<p id=\"tw-target-text\" class=\"tw-data-text tw-text-large tw-ta\" dir=\"ltr\" data-placeholder=\"\u00d6vers\u00e4ttning\" data-ved=\"2ahUKEwjHnI6y0fiCAxVQLBAIHSC6BFMQ3ewLegQIDhAQ\"><span class=\"Y2IQFc\" lang=\"en\">Podjetje LIPS je zelo ponosno na kakovost svojih belih nikotinskih vre\u010dk, saj sestavine pridobiva od najbolj\u0161ih svetovnih proizvajalcev. Podjetje uporablja edinstven proizvodni postopek, ki zagotavlja stalno visoko kakovost izdelka. Zavezanost k odli\u010dnosti zagotavlja, da boste ob vsaki uporabi bele nikotinske vre\u010dke LIPS do\u017eiveli enako odli\u010dno izku\u0161njo. <\/span><\/p>\n<p class=\"tw-data-text tw-text-large tw-ta\" dir=\"ltr\" data-placeholder=\"\u00d6vers\u00e4ttning\" data-ved=\"2ahUKEwjHnI6y0fiCAxVQLBAIHSC6BFMQ3ewLegQIDhAQ\"><span class=\"Y2IQFc\" lang=\"en\">Omeniti velja tudi elegantno in sodobno embala\u017eo belih nikotinskih vre\u010dk, ki je odli\u010dna za uporabo na poti. Tanka in elegantna \u0161katlica pomaga, da vre\u010dke dlje \u010dasa ostanejo sve\u017ee ter ohranijo svoj okus in mo\u010d. Embala\u017ea ni le funkcionalna, temve\u010d tudi elegantna, saj jo odlikuje edinstven motiv, zaradi katerega izstopa od konkurence.<\/span><\/p>\n<p>LIPS Original zagotavlja popolno dovajanje nikotina z dobro znano kombinacijo okusov Cherry &amp; Cola.<\/p>\n<h2><strong>Nikotinske vre\u010dke LIPS: Re\u0161itev brez kajenja<\/strong><\/h2>\n<p>Nikotinske vre\u010dke LIPS so priro\u010den in diskreten na\u010din za pote\u0161itev nikotinske \u017eelje brez uporabe klasi\u010dnih cigaret. Ti majhni izdelki v obliki vre\u010dk vsebujejo nikotin in me\u0161anico arom ter zagotavljajo zadovoljivo izku\u0161njo brez \u0161kodljivih u\u010dinkov toba\u010dnega dima.<\/p>\n<p><strong>1. Priro\u010dno in diskretno:<\/strong> Vre\u010dke LIPS je enostavno uporabljati in jih je mogo\u010de diskretno namestiti pod zgornjo ustnico, kar uporabnikom omogo\u010da, da u\u017eivajo nikotin, ne da bi pri tem motili druge.<\/p>\n<p><strong>2. Brez kajenja:<\/strong> Vre\u010dke LIPS v nasprotju s cigaretami ne proizvajajo dima, kar odpravlja tveganja, povezana s pasivnim kajenjem.<\/p>\n<p><strong>3. \u0160irok izbor okusov:<\/strong> LIPS ponuja \u0161irok izbor okusov, od mete in sadja do tradicionalnega tobaka, s \u010dimer zadovoljuje razli\u010dne \u017eelje.<\/p>\n<p><strong>4. Brez pljuvanja ali nereda:<\/strong> Te vre\u010dke so zasnovane tako, da ne povzro\u010dajo nereda, saj ni treba pljuvati ali odstranjevati uporabljenih vre\u010dk.<\/p>\n<p><strong>5. Nadzorovan vnos nikotina:<\/strong> Uporabniki lahko izbirajo med razli\u010dnimi jakostmi nikotina, kar jim omogo\u010da, da nadzorujejo vnos nikotina in ga po \u017eelji postopoma zmanj\u0161ujejo.<\/p>\n<p><strong>6. Zmanj\u0161ana zdravstvena tveganja:<\/strong> Ker vre\u010dke LIPS ne zgorevajo, predstavljajo manj\u0161e tveganje za zdravje v primerjavi s kajenjem.<\/p>\n<p><strong>7. Dru\u017ebeno sprejemljivo:<\/strong> Vre\u010dke LIPS brez dima in dolgotrajnega vonja so dru\u017ebeno sprejemljiv na\u010din u\u017eivanja nikotina.<\/p>\n<p><strong>8. Dostopnost:<\/strong> Vre\u010dke LIPS so na voljo na spletu in v trgovinah, zato so lahko dostopne vsem, ki i\u0161\u010dejo alternativo kajenju.<\/p>\n<h2><strong>Top 5 prednosti z nikotinskimi vre\u010dkami LIPS!<\/strong><\/h2>\n<ul>\n<li><strong>Brez kajenja:<\/strong> Nikotinske vre\u010dke ne zgorevajo, zato ni \u0161kodljivega dima in s tem povezanih tveganj vdihavanja toksinov.<\/li>\n<li><strong>Diskretno in priro\u010dno:<\/strong> Uporabljate jih lahko diskretno. Ne potrebujete v\u017eigalic ali v\u017eigalnikov, zato so priro\u010dni za razli\u010dne namene.<\/li>\n<li><strong>Zmanj\u0161ana zdravstvena tveganja:<\/strong> Nikotinske vre\u010dke na splo\u0161no veljajo za manj \u0161kodljive kot klasi\u010dne cigarete. V njih ni veliko rakotvornih spojin, ki jih najdemo v toba\u010dnem dimu.<\/li>\n<li><strong>Raznolikost okusov:<\/strong> Nikotinske vre\u010dke so na voljo v razli\u010dnih okusih. To uporabnikom omogo\u010da, da izberejo \u017eeleni okus in razi\u0161\u010dejo razli\u010dne mo\u017enosti.<\/li>\n<li><strong>Nadzorovano u\u017eivanje nikotina:<\/strong> Uporabniki lahko izberejo vre\u010dke z razli\u010dno mo\u010djo nikotina. Tako lahko prilagodite porabo nikotina in s\u010dasoma zmanj\u0161ate njihovo odvisnost.<\/li>\n<\/ul>\n<p><strong>Sestavine<\/strong><br \/> E460 celuloza, E501 prilagajanje PH, E1520 sredstvo za ohranjanje vlage, nikotin, aroma, voda, konzervans<\/p>","protected":false},"excerpt":{"rendered":"<p class=\"h3 mb-0\"><strong>Lips Original Cherry &amp; Cola 16g<\/strong><\/p>\n<p>LIPS Original, pravo novo nikotinsko do\u017eivetje z izjemnim, prijetnim ob\u010dutkom, ki ga dopolnjujeta zelo ne\u017ena okusa \u010de\u0161nje in kola. Izdelal <strong><a href=\"https:\/\/ngpeurope.eu\/\">NGP<\/a><\/strong>, proizvajalca snusa Pablo in snusa Killa.<\/p>","protected":false},"featured_media":1000811,"comment_status":"closed","ping_status":"closed","template":"","meta":[],"product_brand":[1291],"product_cat":[104],"product_tag":[725,722,726,113],"class_list":{"0":"post-1000706","1":"product","2":"type-product","3":"status-publish","4":"has-post-thumbnail","6":"product_brand-lips","7":"product_cat-nicotine-pouches","8":"product_tag-bulk-order-nicotine-pouches","9":"product_tag-lips-nicotine-pouches","10":"product_tag-lips-original-cherry-cola","11":"product_tag-nicotine-pouches","13":"first","14":"instock","15":"sale","16":"shipping-taxable","17":"purchasable","18":"product-type-simple"},"_links":{"self":[{"href":"https:\/\/nicopouche.com\/sl\/wp-json\/wp\/v2\/product\/1000706","targetHints":{"allow":["GET"]}}],"collection":[{"href":"https:\/\/nicopouche.com\/sl\/wp-json\/wp\/v2\/product"}],"about":[{"href":"https:\/\/nicopouche.com\/sl\/wp-json\/wp\/v2\/types\/product"}],"replies":[{"embeddable":true,"href":"https:\/\/nicopouche.com\/sl\/wp-json\/wp\/v2\/comments?post=1000706"}],"version-history":[{"count":0,"href":"https:\/\/nicopouche.com\/sl\/wp-json\/wp\/v2\/product\/1000706\/revisions"}],"wp:featuredmedia":[{"embeddable":true,"href":"https:\/\/nicopouche.com\/sl\/wp-json\/wp\/v2\/media\/1000811"}],"wp:attachment":[{"href":"https:\/\/nicopouche.com\/sl\/wp-json\/wp\/v2\/media?parent=1000706"}],"wp:term":[{"taxonomy":"product_brand","embeddable":true,"href":"https:\/\/nicopouche.com\/sl\/wp-json\/wp\/v2\/product_brand?post=1000706"},{"taxonomy":"product_cat","embeddable":true,"href":"https:\/\/nicopouche.com\/sl\/wp-json\/wp\/v2\/product_cat?post=1000706"},{"taxonomy":"product_tag","embeddable":true,"href":"https:\/\/nicopouche.com\/sl\/wp-json\/wp\/v2\/product_tag?post=1000706"}],"curies":[{"name":"wp","href":"https:\/\/api.w.org\/{rel}","templated":true}]}}