{"id":1000169,"date":"2025-11-28T08:59:22","date_gmt":"2025-11-28T08:59:22","guid":{"rendered":"https:\/\/nicopouche.com\/?post_type=product&#038;p=1000169"},"modified":"2026-01-17T18:41:09","modified_gmt":"2026-01-17T18:41:09","slug":"vargarda-bar-white-portion-snus","status":"publish","type":"product","link":"https:\/\/nicopouche.com\/sl\/katalog\/vargarda-bar-white-portion-snus\/","title":{"rendered":"V\u00e5rg\u00e5rda B\u00e4r White Portion snus"},"content":{"rendered":"<p><strong>V\u00e5rg\u00e5rda B\u00e4r White Portion snus: Vargarda snus<\/strong><\/p>\n<h2><strong>About V\u00e5rg\u00e5rda B\u00e4r White Portion snus<\/strong><\/h2>\n<p id=\"tw-target-text\" class=\"tw-data-text tw-text-large tw-ta\" dir=\"ltr\" data-placeholder=\"\u00d6vers\u00e4ttning\" data-ved=\"2ahUKEwjWt-6svbOOAxVXAxAIHUGXNLIQ3ewLegQICRAV\" aria-label=\"\u00d6versatt text: V\u00e5rg\u00e5rda B\u00e4r is a white portion that has a light and spicy tobacco character with hints of red and ripe berries and elderberry. The base for V\u00e5rg\u00e5rda's products is a light and spicy tobacco character with various hints such as juniper, red and ripe berries, lingonberries and plums.  A can contains 20 1g portions. The can is also equipped with a lid-in-the-lid for storing the used prills.\"><span class=\"Y2IQFc\" lang=\"en\">V\u00e5rg\u00e5rda B\u00e4r is a white portion that has a light and spicy tobacco character with hints of red and ripe berries and elderberry. The base for V\u00e5rg\u00e5rda\u2019s products is a light and spicy tobacco character with various hints such as juniper, red and ripe berries, lingonberries and plums. A can contains 20 pieces of 1g portions. The can is also equipped with a lid-in-the-lid for storing the used prills.<\/span><\/p>\n<p dir=\"ltr\" data-placeholder=\"\u00d6vers\u00e4ttning\" data-ved=\"2ahUKEwjWt-6svbOOAxVXAxAIHUGXNLIQ3ewLegQICRAV\" aria-label=\"\u00d6versatt text: V\u00e5rg\u00e5rda B\u00e4r is a white portion that has a light and spicy tobacco character with hints of red and ripe berries and elderberry. The base for V\u00e5rg\u00e5rda's products is a light and spicy tobacco character with various hints such as juniper, red and ripe berries, lingonberries and plums.  A can contains 20 1g portions. The can is also equipped with a lid-in-the-lid for storing the used prills.\"><strong>Facts: V\u00e5rg\u00e5rda B\u00e4r White Portion snus<\/strong><\/p>\n<ul>\n<li id=\"tw-target-text\" class=\"tw-data-text tw-text-large tw-ta\" dir=\"ltr\" data-placeholder=\"\u00d6vers\u00e4ttning\" data-ved=\"2ahUKEwjWt-6svbOOAxVXAxAIHUGXNLIQ3ewLegQICRAV\" aria-label=\"\u00d6versatt text: Brand: V\u00e5rg\u00e5rda Taste: Spicy tobacco, red berries, elderberry Format: Normal Product type: White Portion Number of servings in a can: 20 Nicotine content: 10 mg\/g Portion weight: 1 g Manufacturer: Nordic Snus\"><span class=\"Y2IQFc\" lang=\"en\">Brand: V\u00e5rg\u00e5rda <\/span><\/li>\n<li class=\"tw-data-text tw-text-large tw-ta\" dir=\"ltr\" data-placeholder=\"\u00d6vers\u00e4ttning\" data-ved=\"2ahUKEwjWt-6svbOOAxVXAxAIHUGXNLIQ3ewLegQICRAV\" aria-label=\"\u00d6versatt text: Brand: V\u00e5rg\u00e5rda Taste: Spicy tobacco, red berries, elderberry Format: Normal Product type: White Portion Number of servings in a can: 20 Nicotine content: 10 mg\/g Portion weight: 1 g Manufacturer: Nordic Snus\"><span class=\"Y2IQFc\" lang=\"en\">Taste: Spicy tobacco, red berries, elderberry <\/span><\/li>\n<li class=\"tw-data-text tw-text-large tw-ta\" dir=\"ltr\" data-placeholder=\"\u00d6vers\u00e4ttning\" data-ved=\"2ahUKEwjWt-6svbOOAxVXAxAIHUGXNLIQ3ewLegQICRAV\" aria-label=\"\u00d6versatt text: Brand: V\u00e5rg\u00e5rda Taste: Spicy tobacco, red berries, elderberry Format: Normal Product type: White Portion Number of servings in a can: 20 Nicotine content: 10 mg\/g Portion weight: 1 g Manufacturer: Nordic Snus\"><span class=\"Y2IQFc\" lang=\"en\">Format: Normal <\/span><\/li>\n<li class=\"tw-data-text tw-text-large tw-ta\" dir=\"ltr\" data-placeholder=\"\u00d6vers\u00e4ttning\" data-ved=\"2ahUKEwjWt-6svbOOAxVXAxAIHUGXNLIQ3ewLegQICRAV\" aria-label=\"\u00d6versatt text: Brand: V\u00e5rg\u00e5rda Taste: Spicy tobacco, red berries, elderberry Format: Normal Product type: White Portion Number of servings in a can: 20 Nicotine content: 10 mg\/g Portion weight: 1 g Manufacturer: Nordic Snus\"><span class=\"Y2IQFc\" lang=\"en\">Product type: White <\/span><\/li>\n<li class=\"tw-data-text tw-text-large tw-ta\" dir=\"ltr\" data-placeholder=\"\u00d6vers\u00e4ttning\" data-ved=\"2ahUKEwjWt-6svbOOAxVXAxAIHUGXNLIQ3ewLegQICRAV\" aria-label=\"\u00d6versatt text: Brand: V\u00e5rg\u00e5rda Taste: Spicy tobacco, red berries, elderberry Format: Normal Product type: White Portion Number of servings in a can: 20 Nicotine content: 10 mg\/g Portion weight: 1 g Manufacturer: Nordic Snus\"><span class=\"Y2IQFc\" lang=\"en\">Portion Number of servings in a can: 20 <\/span><\/li>\n<li class=\"tw-data-text tw-text-large tw-ta\" dir=\"ltr\" data-placeholder=\"\u00d6vers\u00e4ttning\" data-ved=\"2ahUKEwjWt-6svbOOAxVXAxAIHUGXNLIQ3ewLegQICRAV\" aria-label=\"\u00d6versatt text: Brand: V\u00e5rg\u00e5rda Taste: Spicy tobacco, red berries, elderberry Format: Normal Product type: White Portion Number of servings in a can: 20 Nicotine content: 10 mg\/g Portion weight: 1 g Manufacturer: Nordic Snus\"><span class=\"Y2IQFc\" lang=\"en\">Nicotine content: 10 mg\/g <\/span><\/li>\n<li class=\"tw-data-text tw-text-large tw-ta\" dir=\"ltr\" data-placeholder=\"\u00d6vers\u00e4ttning\" data-ved=\"2ahUKEwjWt-6svbOOAxVXAxAIHUGXNLIQ3ewLegQICRAV\" aria-label=\"\u00d6versatt text: Brand: V\u00e5rg\u00e5rda Taste: Spicy tobacco, red berries, elderberry Format: Normal Product type: White Portion Number of servings in a can: 20 Nicotine content: 10 mg\/g Portion weight: 1 g Manufacturer: Nordic Snus\"><span class=\"Y2IQFc\" lang=\"en\">Portion weight: 1 g <\/span><\/li>\n<li class=\"tw-data-text tw-text-large tw-ta\" dir=\"ltr\" data-placeholder=\"\u00d6vers\u00e4ttning\" data-ved=\"2ahUKEwjWt-6svbOOAxVXAxAIHUGXNLIQ3ewLegQICRAV\" aria-label=\"\u00d6versatt text: Brand: V\u00e5rg\u00e5rda Taste: Spicy tobacco, red berries, elderberry Format: Normal Product type: White Portion Number of servings in a can: 20 Nicotine content: 10 mg\/g Portion weight: 1 g Manufacturer: Nordic Snus\"><span class=\"Y2IQFc\" lang=\"en\">Manufacturer: Nordic Snus<\/span><\/li>\n<\/ul>\n<p id=\"tw-target-text\" class=\"tw-data-text tw-text-large tw-ta\" dir=\"ltr\" data-placeholder=\"\u00d6vers\u00e4ttning\" data-ved=\"2ahUKEwjWt-6svbOOAxVXAxAIHUGXNLIQ3ewLegQICRAV\" aria-label=\"\u00d6versatt text: V\u00e5rg\u00e5rda B\u00e4r portion snus has a normal strength. The snus has a nicotine content of 10 milligrams per gram. This is a white prill with a dry surface. V\u00e5rg\u00e5rda B\u00e4r is one of the first products launched by V\u00e5rg\u00e5rda and is also available in a stronger variant - V\u00e5rg\u00e5rda B\u00e4r Stark.\"><span class=\"Y2IQFc\" lang=\"en\">V\u00e5rg\u00e5rda B\u00e4r portion snus has a normal strength. The snus has a nicotine content of 10 milligrams per gram. This is a white prill with a dry surface. V\u00e5rg\u00e5rda B\u00e4r is one of the first products launched by V\u00e5rg\u00e5rda and is also available in a stronger variant \u2013 V\u00e5rg\u00e5rda B\u00e4r Stark.<\/span><\/p>\n<p dir=\"ltr\" data-placeholder=\"\u00d6vers\u00e4ttning\" data-ved=\"2ahUKEwjWt-6svbOOAxVXAxAIHUGXNLIQ3ewLegQICRAV\" aria-label=\"\u00d6versatt text: V\u00e5rg\u00e5rda B\u00e4r portion snus has a normal strength. The snus has a nicotine content of 10 milligrams per gram. This is a white prill with a dry surface. V\u00e5rg\u00e5rda B\u00e4r is one of the first products launched by V\u00e5rg\u00e5rda and is also available in a stronger variant - V\u00e5rg\u00e5rda B\u00e4r Stark.\">Buy Vargarda snu, V\u00e5rg\u00e5rda snus, online in the USA!. One of the most popular new Swedish snus brands, give Vargarda snu a try!<\/p>","protected":false},"excerpt":{"rendered":"<p><strong>V\u00e5rg\u00e5rda B\u00e4r White Portion snus<\/strong><\/p>\n<p id=\"tw-target-text\" class=\"tw-data-text tw-text-large tw-ta\" dir=\"ltr\" data-placeholder=\"\u00d6vers\u00e4ttning\" data-ved=\"2ahUKEwjWt-6svbOOAxVXAxAIHUGXNLIQ3ewLegQICRAV\" aria-label=\"\u00d6versatt text: V\u00e5rg\u00e5rda B\u00e4r is a white portion with a taste of spicy tobacco and hints of red and ripe berries with notes of elderberry. The product belongs to V\u00e5rg\u00e5rda's product series of white portion snus in normal strength.\"><span class=\"Y2IQFc\" lang=\"en\">V\u00e5rg\u00e5rda B\u00e4r is a white portion with a taste of spicy tobacco and hints of red and ripe berries with notes of elderberry. The product belongs to V\u00e5rg\u00e5rda\u2019s product series of white portion snus in normal strength.<\/span><\/p>","protected":false},"featured_media":1000202,"comment_status":"closed","ping_status":"closed","template":"","meta":[],"product_brand":[1281],"product_cat":[103,201],"product_tag":[244,227,228,245],"class_list":{"0":"post-1000169","1":"product","2":"type-product","3":"status-publish","4":"has-post-thumbnail","6":"product_brand-vargarda","7":"product_cat-news","8":"product_cat-original-portion-pouches","9":"product_tag-vargarda-bar-white-portion-snus","10":"product_tag-vargarda-snus","11":"product_tag-vargarda-snus-in-the-us","12":"product_tag-vargarda-snus-in-the-usa","14":"first","15":"instock","16":"shipping-taxable","17":"purchasable","18":"product-type-simple"},"_links":{"self":[{"href":"https:\/\/nicopouche.com\/sl\/wp-json\/wp\/v2\/product\/1000169","targetHints":{"allow":["GET"]}}],"collection":[{"href":"https:\/\/nicopouche.com\/sl\/wp-json\/wp\/v2\/product"}],"about":[{"href":"https:\/\/nicopouche.com\/sl\/wp-json\/wp\/v2\/types\/product"}],"replies":[{"embeddable":true,"href":"https:\/\/nicopouche.com\/sl\/wp-json\/wp\/v2\/comments?post=1000169"}],"version-history":[{"count":1,"href":"https:\/\/nicopouche.com\/sl\/wp-json\/wp\/v2\/product\/1000169\/revisions"}],"predecessor-version":[{"id":1002891,"href":"https:\/\/nicopouche.com\/sl\/wp-json\/wp\/v2\/product\/1000169\/revisions\/1002891"}],"wp:featuredmedia":[{"embeddable":true,"href":"https:\/\/nicopouche.com\/sl\/wp-json\/wp\/v2\/media\/1000202"}],"wp:attachment":[{"href":"https:\/\/nicopouche.com\/sl\/wp-json\/wp\/v2\/media?parent=1000169"}],"wp:term":[{"taxonomy":"product_brand","embeddable":true,"href":"https:\/\/nicopouche.com\/sl\/wp-json\/wp\/v2\/product_brand?post=1000169"},{"taxonomy":"product_cat","embeddable":true,"href":"https:\/\/nicopouche.com\/sl\/wp-json\/wp\/v2\/product_cat?post=1000169"},{"taxonomy":"product_tag","embeddable":true,"href":"https:\/\/nicopouche.com\/sl\/wp-json\/wp\/v2\/product_tag?post=1000169"}],"curies":[{"name":"wp","href":"https:\/\/api.w.org\/{rel}","templated":true}]}}