{"id":1000036,"date":"2025-11-28T08:57:46","date_gmt":"2025-11-28T08:57:46","guid":{"rendered":"https:\/\/nicopouche.com\/?post_type=product&#038;p=1000036"},"modified":"2026-01-17T18:44:24","modified_gmt":"2026-01-17T18:44:24","slug":"goteborgs-rape-slim-white-strong","status":"publish","type":"product","link":"https:\/\/nicopouche.com\/sl\/katalog\/goteborgs-rape-slim-white-strong\/","title":{"rendered":"G\u00f6teborgs Rap\u00e9 Slim White Strong"},"content":{"rendered":"<p class=\"product-detail__name\"><strong>G\u00f6teborgs Rap\u00e9 Slim White Strong<\/strong><\/p>\n<h2 class=\"product-detail__name\"><strong>About G\u00f6teborgs Rap\u00e9 Slim White Strong<\/strong><\/h2>\n<p id=\"tw-target-text\" class=\"tw-data-text tw-text-large tw-ta\" dir=\"ltr\" role=\"text\" data-placeholder=\"\u00d6vers\u00e4ttning\" data-ved=\"2ahUKEwiF9LCTlJCRAxVbJxAIHbdJFboQ3ewLegQIDBAV\" aria-label=\"\u00d6versatt text: G\u00f6teborgs Rap\u00e9 Strong Slim White Portion snus is a product manufactured by Swedish Match under the XR series. The product belongs to the White Portion category in slim format and contains tobacco and nicotine. The nicotine content in the product is classified as strong. The product is characterized by tobacco and contains aromas of lavender, juniper, cedar and citrus.\"><span class=\"Y2IQFc\" lang=\"en\">G\u00f6teborgs Rap\u00e9 Strong Slim White Portion snus is a product manufactured by Swedish Match under the XR series. The product belongs to the White Portion category in slim format and contains tobacco and nicotine. The nicotine content in the product is classified as strong. The product is characterized by tobacco and contains aromas of lavender, juniper, cedar and citrus.<\/span><\/p>\n<p id=\"tw-target-text\" class=\"tw-data-text tw-text-large tw-ta\" dir=\"ltr\" role=\"text\" data-placeholder=\"\u00d6vers\u00e4ttning\" data-ved=\"2ahUKEwiF9LCTlJCRAxVbJxAIHbdJFboQ3ewLegQIDBAV\" aria-label=\"\u00d6versatt text: G\u00f6teborgs Rap\u00e9 Strong Slim White Portion snus is a White Portion product in slim format with a strong nicotine content. The flavor profile consists of tobacco and notes of lavender, juniper, cedar and citrus. The nicotine content per portion is 10.8 mg and per gram is 13.5 mg.\"><span class=\"Y2IQFc\" lang=\"en\">G\u00f6teborgs Rap\u00e9 Strong Slim White Portion snus is a White Portion product in slim format with a strong nicotine content. The flavor profile consists of tobacco and notes of lavender, juniper, cedar and citrus. The nicotine content per portion is 10.8 mg and per gram is 13.5 mg.<\/span><\/p>\n<p>\u00a0<\/p>","protected":false},"excerpt":{"rendered":"<p class=\"product-detail__name\"><strong>G\u00f6teborgs Rap\u00e9 Slim White Strong<\/strong><\/p>\n<p id=\"tw-target-text\" class=\"tw-data-text tw-text-large tw-ta\" dir=\"ltr\" role=\"text\" data-placeholder=\"\u00d6vers\u00e4ttning\" data-ved=\"2ahUKEwiF9LCTlJCRAxVbJxAIHbdJFboQ3ewLegQIDBAV\" aria-label=\"\u00d6versatt text: G\u00f6teborgs Rap\u00e9 Strong Slim White Portion snus from the XR brand presents a flavor profile of tobacco, lavender, juniper, cedar and citrus. The product is categorized as strong in slim format with 20 servings per can.  NOTE! New name and new design but same taste!\"><span class=\"Y2IQFc\" lang=\"en\">G\u00f6teborgs Rap\u00e9 Strong Slim White Portion snus from the XR brand presents a flavor profile of tobacco, lavender, juniper, cedar and citrus. The product is categorized as strong in slim format with 20 servings per can. <\/span><\/p>\n<p class=\"tw-data-text tw-text-large tw-ta\" dir=\"ltr\" role=\"text\" data-placeholder=\"\u00d6vers\u00e4ttning\" data-ved=\"2ahUKEwiF9LCTlJCRAxVbJxAIHbdJFboQ3ewLegQIDBAV\" aria-label=\"\u00d6versatt text: G\u00f6teborgs Rap\u00e9 Strong Slim White Portion snus from the XR brand presents a flavor profile of tobacco, lavender, juniper, cedar and citrus. The product is categorized as strong in slim format with 20 servings per can.  NOTE! New name and new design but same taste!\"><span class=\"Y2IQFc\" lang=\"en\">NOTE! New name and new design but same taste!<\/span><\/p>","protected":false},"featured_media":1000066,"comment_status":"closed","ping_status":"closed","template":"","meta":[],"product_brand":[1282],"product_cat":[89],"product_tag":[90],"class_list":{"0":"post-1000036","1":"product","2":"type-product","3":"status-publish","4":"has-post-thumbnail","6":"product_brand-goteborgs","7":"product_cat-portion-snus-slim","8":"product_tag-goteborgs-rape-slim-white-strong","10":"first","11":"instock","12":"shipping-taxable","13":"purchasable","14":"product-type-simple"},"_links":{"self":[{"href":"https:\/\/nicopouche.com\/sl\/wp-json\/wp\/v2\/product\/1000036","targetHints":{"allow":["GET"]}}],"collection":[{"href":"https:\/\/nicopouche.com\/sl\/wp-json\/wp\/v2\/product"}],"about":[{"href":"https:\/\/nicopouche.com\/sl\/wp-json\/wp\/v2\/types\/product"}],"replies":[{"embeddable":true,"href":"https:\/\/nicopouche.com\/sl\/wp-json\/wp\/v2\/comments?post=1000036"}],"version-history":[{"count":1,"href":"https:\/\/nicopouche.com\/sl\/wp-json\/wp\/v2\/product\/1000036\/revisions"}],"predecessor-version":[{"id":1003045,"href":"https:\/\/nicopouche.com\/sl\/wp-json\/wp\/v2\/product\/1000036\/revisions\/1003045"}],"wp:featuredmedia":[{"embeddable":true,"href":"https:\/\/nicopouche.com\/sl\/wp-json\/wp\/v2\/media\/1000066"}],"wp:attachment":[{"href":"https:\/\/nicopouche.com\/sl\/wp-json\/wp\/v2\/media?parent=1000036"}],"wp:term":[{"taxonomy":"product_brand","embeddable":true,"href":"https:\/\/nicopouche.com\/sl\/wp-json\/wp\/v2\/product_brand?post=1000036"},{"taxonomy":"product_cat","embeddable":true,"href":"https:\/\/nicopouche.com\/sl\/wp-json\/wp\/v2\/product_cat?post=1000036"},{"taxonomy":"product_tag","embeddable":true,"href":"https:\/\/nicopouche.com\/sl\/wp-json\/wp\/v2\/product_tag?post=1000036"}],"curies":[{"name":"wp","href":"https:\/\/api.w.org\/{rel}","templated":true}]}}