{"id":1001303,"date":"2025-11-28T09:20:39","date_gmt":"2025-11-28T09:20:39","guid":{"rendered":"https:\/\/nicopouche.com\/?post_type=product&#038;p=1001303"},"modified":"2026-01-17T18:34:01","modified_gmt":"2026-01-17T18:34:01","slug":"goteborgs-rape-white-lingon-large","status":"publish","type":"product","link":"https:\/\/nicopouche.com\/sk\/catalog\/goteborgs-rape-white-lingon-large\/","title":{"rendered":"G\u00f6teborgs Rap\u00e9 White Lingon Large"},"content":{"rendered":"<p>G\u00f6teborgs Rap\u00e9 White Lingon. A mellow tobacco taste with distinct notes of lavender and lingonberries, along with hints of herbs and citrus. A full sized pouch that is dry on the surface with a moist content for a low salivation and a lasting flavour release.<\/p>\n<div><\/div>\n<div><a class=\"product__content__tabs__attributes__item\" href=\"https:\/\/www.swedishmatch.ch\/en\/buy-snus\/goteborgs-rape\/\" target=\"_blank\" rel=\"noopener\"><span class=\"product__content__tabs__attributes__item__label\">Brand:<\/span><i class=\"product__content__tabs__attributes__item__icon product__content__tabs__attributes__item__icon--logo\"><\/i><span class=\"product__content__tabs__attributes__item__value\">G\u00f6teborgs Rap\u00e9<\/span><\/a><\/div>\n<div><a class=\"product__content__tabs__attributes__item\" href=\"https:\/\/www.swedishmatch.ch\/en\/buy-snus\/?strength=42370\" target=\"_blank\" rel=\"noopener\"><span class=\"product__content__tabs__attributes__item__label\">Strength:<\/span><i class=\"product__content__tabs__attributes__item__icon icon--snus-strength-2\"><\/i><span class=\"product__content__tabs__attributes__item__value\">Normal<\/span><\/a><\/div>\n<div><a class=\"product__content__tabs__attributes__item\" href=\"https:\/\/www.swedishmatch.ch\/en\/buy-snus\/?type=42206\" target=\"_blank\" rel=\"noopener\"><span class=\"product__content__tabs__attributes__item__label\">Type:<\/span><i class=\"product__content__tabs__attributes__item__icon icon--snus-type\"><\/i><span class=\"product__content__tabs__attributes__item__value\">White Portion<\/span><\/a><\/div>\n<div><a class=\"product__content__tabs__attributes__item\" href=\"https:\/\/www.swedishmatch.ch\/en\/buy-snus\/?format=42213\" target=\"_blank\" rel=\"noopener\"><span class=\"product__content__tabs__attributes__item__label\">Format:<\/span><i class=\"product__content__tabs__attributes__item__icon icon--snus-format-original\"><\/i><span class=\"product__content__tabs__attributes__item__value\">Large<\/span><\/a><a class=\"product__content__tabs__attributes__item\" href=\"https:\/\/www.swedishmatch.ch\/en\/buy-snus\/?taste=9929\" target=\"_blank\" rel=\"noopener\"><span class=\"product__content__tabs__attributes__item__label\">Taste:<\/span><i class=\"product__content__tabs__attributes__item__icon icon--snus-taste\"><\/i><span class=\"product__content__tabs__attributes__item__value\">Fruit &#038; Berries<\/span><\/a><\/div>\n<div><\/div>\n<div class=\"product__content__tabs__attributes__item\"><span class=\"product__content__tabs__attributes__item__label\">Nicotine Content:<\/span><span class=\"product__content__tabs__attributes__item__value\">0.8 %<\/span><\/div>\n<div class=\"product__content__tabs__attributes__item\"><span class=\"product__content__tabs__attributes__item__label\">pH:<\/span><span class=\"product__content__tabs__attributes__item__value\">8.7<\/span><\/div>\n<div class=\"product__content__tabs__attributes__item\"><span class=\"product__content__tabs__attributes__item__label\">Moisture content:<\/span><span class=\"product__content__tabs__attributes__item__value\">53.4 %<\/span><\/div>\n<div class=\"product__content__tabs__attributes__item\"><span class=\"product__content__tabs__attributes__item__label\">Snus weight\/can:<\/span><span class=\"product__content__tabs__attributes__item__value\">21.6 g<\/span><\/div>\n<div class=\"product__content__tabs__attributes__item\"><span class=\"product__content__tabs__attributes__item__label\">Weight\/portion:<\/span><span class=\"product__content__tabs__attributes__item__value\">0.9 g<\/span><\/div>\n<div class=\"product__content__tabs__attributes__item\"><span class=\"product__content__tabs__attributes__item__label\">Portions\/can:<\/span><span class=\"product__content__tabs__attributes__item__value\">24<\/span><\/div>\n<div class=\"product__content__tabs__attributes__item\"><span class=\"product__content__tabs__attributes__item__label\">Shelf life:<\/span><span class=\"product__content__tabs__attributes__item__value\">140 days<\/span><\/div>\n<p>Ingredients: water, tobacco (contains nicotine), salt, humectant (propylene glycol), pH adjuster (sodium carbonate), natural and artificial flavors including artificial smoke flavor.<\/p>\n<p id=\"tw-target-text\" class=\"tw-data-text tw-text-large tw-ta\" dir=\"ltr\" data-placeholder=\"\u00d6vers\u00e4ttning\"><span lang=\"en\">Gothenburg Rap\u00e9 from 1919 has a distinctive taste with light tobacco character as well as distinctive elements of juniper and lavendel.<\/span><\/p>\n<p id=\"tw-target-text\" class=\"tw-data-text tw-text-large tw-ta\" dir=\"ltr\" data-placeholder=\"\u00d6vers\u00e4ttning\"><span lang=\"en\">Light tobacco character with clear elements of lavender and lingonberry, and slightly herbs and citrus. A large prill that is dry on the surface with moist content for low purity and a lasting taste release. G\u00f6teborgs Rap\u00e9 White Lingon<\/span><\/p>\n<p class=\"tw-data-text tw-text-large tw-ta\" dir=\"ltr\" data-placeholder=\"\u00d6vers\u00e4ttning\"><span lang=\"en\">#swedishproducts #swedishproductsonline #g\u00f6teborgsrap\u00e9 #buysnus #XRANGE #smokeless #dip #chew #chewinf<\/span><\/p>\n<p dir=\"ltr\" data-placeholder=\"\u00d6vers\u00e4ttning\"><a href=\"https:\/\/swedishproducts.online\" target=\"_blank\" rel=\"noopener\">XRANGE<\/a><\/p>\n<p dir=\"ltr\" data-placeholder=\"\u00d6vers\u00e4ttning\"><a href=\"https:\/\/swedishproducts.online\" target=\"_blank\" rel=\"noopener\">Buy XR<\/a><\/p>\n<p dir=\"ltr\" data-placeholder=\"\u00d6vers\u00e4ttning\"><a href=\"https:\/\/swedishproducts.online\" target=\"_blank\" rel=\"noopener\">SMOKELESS TOBACCO<\/a><\/p>\n<p dir=\"ltr\" data-placeholder=\"\u00d6vers\u00e4ttning\"><a href=\"http:\/\/snubie.com\" target=\"_blank\" rel=\"noopener\">SNUS REVIEW<\/a><\/p>\n<p dir=\"ltr\" data-placeholder=\"\u00d6vers\u00e4ttning\"><a href=\"https:\/\/swedishsnuff.online\" target=\"_blank\" rel=\"noopener\">G\u00d6TEBORGS RAP\u00c9<\/a><\/p>\n<p>\u00a0<\/p>","protected":false},"excerpt":{"rendered":"<p>A mellow tobacco taste with distinct notes of lavender and lingonberries, along with hints of herbs and citrus. A full sized pouch that is dry on the surface with a moist content for a low salivation and a lasting flavour release.<\/p>","protected":false},"featured_media":1001347,"comment_status":"closed","ping_status":"closed","template":"","meta":[],"product_brand":[1282],"product_cat":[200],"product_tag":[260,261,262,263,264,265,266,267,268,269,270,271,272,273,274,741,275,276,277,278,279,280,281,282,283,284,285,349,114,287,292,294,295,296,350,297,298,299,300,174,301],"class_list":{"0":"post-1001303","1":"product","2":"type-product","3":"status-publish","4":"has-post-thumbnail","6":"product_brand-goteborgs","7":"product_cat-white-snus","8":"product_tag-buy-snus-online","9":"product_tag-buy-swedish-snuff","10":"product_tag-buycheapsnus","11":"product_tag-buysnus","12":"product_tag-buysnuscheap","13":"product_tag-buysnusonline","14":"product_tag-camel-snus","15":"product_tag-camel-snus-flavours","16":"product_tag-central-snus","17":"product_tag-ettan-snus","18":"product_tag-fabodsnus","19":"product_tag-general","20":"product_tag-general-onyx","21":"product_tag-general-snus","22":"product_tag-general-storelocator","23":"product_tag-goteborgs-rape","24":"product_tag-granit-snuff","25":"product_tag-granit-snus","26":"product_tag-grov-snus","27":"product_tag-kaliber-vit","28":"product_tag-kaliber-vit-salmiak","29":"product_tag-kurbits","30":"product_tag-kurbits-snus","31":"product_tag-lyft-flavors","32":"product_tag-lyft-flavours","33":"product_tag-lyft-usa","34":"product_tag-morgondagg","35":"product_tag-smokeless-tobacco","36":"product_tag-snus","37":"product_tag-snus-central","38":"product_tag-soldatsnus","39":"product_tag-svenskt-snus","40":"product_tag-swedishproductsonline","41":"product_tag-swedishsnuff","42":"product_tag-us-smokeless-tobacco","43":"product_tag-where-to-buy-general","44":"product_tag-where-to-buy-marlboro-snus","45":"product_tag-where-to-buy-snus","46":"product_tag-xrange","47":"product_tag-zyn-flavors","48":"product_tag-zyn-flavours","50":"first","51":"instock","52":"shipping-taxable","53":"purchasable","54":"product-type-simple"},"_links":{"self":[{"href":"https:\/\/nicopouche.com\/sk\/wp-json\/wp\/v2\/product\/1001303","targetHints":{"allow":["GET"]}}],"collection":[{"href":"https:\/\/nicopouche.com\/sk\/wp-json\/wp\/v2\/product"}],"about":[{"href":"https:\/\/nicopouche.com\/sk\/wp-json\/wp\/v2\/types\/product"}],"replies":[{"embeddable":true,"href":"https:\/\/nicopouche.com\/sk\/wp-json\/wp\/v2\/comments?post=1001303"}],"version-history":[{"count":1,"href":"https:\/\/nicopouche.com\/sk\/wp-json\/wp\/v2\/product\/1001303\/revisions"}],"predecessor-version":[{"id":1002644,"href":"https:\/\/nicopouche.com\/sk\/wp-json\/wp\/v2\/product\/1001303\/revisions\/1002644"}],"wp:featuredmedia":[{"embeddable":true,"href":"https:\/\/nicopouche.com\/sk\/wp-json\/wp\/v2\/media\/1001347"}],"wp:attachment":[{"href":"https:\/\/nicopouche.com\/sk\/wp-json\/wp\/v2\/media?parent=1001303"}],"wp:term":[{"taxonomy":"product_brand","embeddable":true,"href":"https:\/\/nicopouche.com\/sk\/wp-json\/wp\/v2\/product_brand?post=1001303"},{"taxonomy":"product_cat","embeddable":true,"href":"https:\/\/nicopouche.com\/sk\/wp-json\/wp\/v2\/product_cat?post=1001303"},{"taxonomy":"product_tag","embeddable":true,"href":"https:\/\/nicopouche.com\/sk\/wp-json\/wp\/v2\/product_tag?post=1001303"}],"curies":[{"name":"wp","href":"https:\/\/api.w.org\/{rel}","templated":true}]}}