{"id":1000118,"date":"2025-11-28T08:58:33","date_gmt":"2025-11-28T08:58:33","guid":{"rendered":"https:\/\/nicopouche.com\/?post_type=product&#038;p=1000118"},"modified":"2026-01-17T18:41:09","modified_gmt":"2026-01-17T18:41:09","slug":"vargarda-klassisk-vit-portion","status":"publish","type":"product","link":"https:\/\/nicopouche.com\/pt\/catalog\/vargarda-klassisk-vit-portion\/","title":{"rendered":"V\u00e5rg\u00e5rda Klassisk Vit Portion"},"content":{"rendered":"<p><strong>V\u00e5rg\u00e5rda Klassisk Vit Portion<\/strong><\/p>\n<h2><strong>About V\u00e5rg\u00e5rda Klassisk Vit Portion<\/strong><\/h2>\n<p id=\"tw-target-text\" class=\"tw-data-text tw-text-large tw-ta\" dir=\"ltr\" role=\"text\" data-placeholder=\"\u00d6vers\u00e4ttning\" data-ved=\"2ahUKEwjPr7W-5oOQAxWkRvEDHR62BRwQ3ewLegQIChAV\" aria-label=\"\u00d6versatt text: V\u00e5rg\u00e5rda Classic White Portion is a white portion from the V\u00e5rg\u00e5rda brand, produced by Nordic Snus. The product belongs to the white portion category and is delivered in a normal format. It contains tobacco and nicotine. The nicotine content is at a normal level. V\u00e5rg\u00e5rda Classic White Portion is part of the V\u00e5rg\u00e5rda Tobacco Snus series and is designed in a traditional format for white portion snus.\"><span class=\"Y2IQFc\" lang=\"en\">V\u00e5rg\u00e5rda Classic White Portion is a white portion from the V\u00e5rg\u00e5rda brand, produced by Nordic Snus. The product belongs to the white portion category and is delivered in a normal format. It contains tobacco and nicotine. The nicotine content is at a normal level. V\u00e5rg\u00e5rda Classic White Portion is part of the V\u00e5rg\u00e5rda Tobacco Snus series and is designed in a traditional format for white portion snus.<\/span><\/p>\n<p id=\"tw-target-text\" class=\"tw-data-text tw-text-large tw-ta\" dir=\"ltr\" role=\"text\" data-placeholder=\"\u00d6vers\u00e4ttning\" data-ved=\"2ahUKEwjPr7W-5oOQAxWkRvEDHR62BRwQ3ewLegQIChAV\" aria-label=\"\u00d6versatt text: V\u00e5rg\u00e5rda Classic White Portion is a product in the white portion category with flavors of tobacco, bergamot, herbs and lemon balm. The format is normal and the product has normal nicotine content. Nicotine content per puff is 12.6 mg, and nicotine content per gram is 14 mg. The product belongs to the white portion category.\"><span class=\"Y2IQFc\" lang=\"en\">V\u00e5rg\u00e5rda Classic White Portion is a product in the white portion category with flavors of tobacco, bergamot, herbs and lemon balm. The format is normal and the product has normal nicotine content. Nicotine content per puff is 12.6 mg, and nicotine content per gram is 14 mg. The product belongs to the white portion category.<\/span><\/p>","protected":false},"excerpt":{"rendered":"<p><strong>V\u00e5rg\u00e5rda Klassisk Vit Portion<\/strong><\/p>\n<p id=\"tw-target-text\" class=\"tw-data-text tw-text-large tw-ta\" dir=\"ltr\" role=\"text\" data-placeholder=\"\u00d6vers\u00e4ttning\" data-ved=\"2ahUKEwjPr7W-5oOQAxWkRvEDHR62BRwQ3ewLegQIChAV\" aria-label=\"\u00d6versatt text: V\u00e5rg\u00e5rda Classic White Portion from V\u00e5rg\u00e5rda has a taste of tobacco, bergamot, herbs and lemon balm with a normal strength. The product is normally formatted with 22 servings per can in the white portion category.\"><span class=\"Y2IQFc\" lang=\"en\">V\u00e5rg\u00e5rda Classic White Portion from V\u00e5rg\u00e5rda has a taste of tobacco, bergamot, herbs and lemon balm with a normal strength. The product is normally formatted with 22 servings per can in the white portion category.<\/span><\/p>","protected":false},"featured_media":1000174,"comment_status":"closed","ping_status":"closed","template":"","meta":[],"product_brand":[1281],"product_cat":[201],"product_tag":[226,227,228],"class_list":{"0":"post-1000118","1":"product","2":"type-product","3":"status-publish","4":"has-post-thumbnail","6":"product_brand-vargarda","7":"product_cat-original-portion-pouches","8":"product_tag-vargarda-klassisk-vit-portion","9":"product_tag-vargarda-snus","10":"product_tag-vargarda-snus-in-the-us","12":"first","13":"instock","14":"shipping-taxable","15":"purchasable","16":"product-type-simple"},"_links":{"self":[{"href":"https:\/\/nicopouche.com\/pt\/wp-json\/wp\/v2\/product\/1000118","targetHints":{"allow":["GET"]}}],"collection":[{"href":"https:\/\/nicopouche.com\/pt\/wp-json\/wp\/v2\/product"}],"about":[{"href":"https:\/\/nicopouche.com\/pt\/wp-json\/wp\/v2\/types\/product"}],"replies":[{"embeddable":true,"href":"https:\/\/nicopouche.com\/pt\/wp-json\/wp\/v2\/comments?post=1000118"}],"version-history":[{"count":1,"href":"https:\/\/nicopouche.com\/pt\/wp-json\/wp\/v2\/product\/1000118\/revisions"}],"predecessor-version":[{"id":1002893,"href":"https:\/\/nicopouche.com\/pt\/wp-json\/wp\/v2\/product\/1000118\/revisions\/1002893"}],"wp:featuredmedia":[{"embeddable":true,"href":"https:\/\/nicopouche.com\/pt\/wp-json\/wp\/v2\/media\/1000174"}],"wp:attachment":[{"href":"https:\/\/nicopouche.com\/pt\/wp-json\/wp\/v2\/media?parent=1000118"}],"wp:term":[{"taxonomy":"product_brand","embeddable":true,"href":"https:\/\/nicopouche.com\/pt\/wp-json\/wp\/v2\/product_brand?post=1000118"},{"taxonomy":"product_cat","embeddable":true,"href":"https:\/\/nicopouche.com\/pt\/wp-json\/wp\/v2\/product_cat?post=1000118"},{"taxonomy":"product_tag","embeddable":true,"href":"https:\/\/nicopouche.com\/pt\/wp-json\/wp\/v2\/product_tag?post=1000118"}],"curies":[{"name":"wp","href":"https:\/\/api.w.org\/{rel}","templated":true}]}}