{"id":1001354,"date":"2025-11-28T09:21:29","date_gmt":"2025-11-28T09:21:29","guid":{"rendered":"https:\/\/nicopouche.com\/?post_type=product&#038;p=1001354"},"modified":"2026-01-17T18:34:00","modified_gmt":"2026-01-17T18:34:00","slug":"xrange-catch-slim-white-mint","status":"publish","type":"product","link":"https:\/\/nicopouche.com\/pl\/katalog\/xrange-catch-slim-white-mint\/","title":{"rendered":"XRANGE Catch Slim White Mint"},"content":{"rendered":"<p>XRANGE Catch Slim Mint ma \u0142agodny smak tytoniu z wyra\u017anymi nutami mi\u0119ty pieprzowej oraz eukaliptusa i cedru. Ten snus ma d\u0142ug\u0105 i w\u0105sk\u0105, pe\u0142nowymiarow\u0105 saszetk\u0119, kt\u00f3ra ma such\u0105 powierzchni\u0119 z wilgotn\u0105 zawarto\u015bci\u0105 dla trwa\u0142ego uwalniania smaku.<\/p>\n<p>XR Catch Mint slim white to bia\u0142y snus w bardziej suchych porcjach, kt\u00f3re oferuj\u0105 nisk\u0105 czysto\u015b\u0107 i d\u0142ugotrwa\u0142y smak. Smak wynika z lekkiego tytoniowego charakteru, kt\u00f3rego charakterystyczne elementy mi\u0119ty pieprzowej s\u0105 zwie\u0144czone delikatnymi elementami eukaliptusa i cedru. Zobacz pe\u0142n\u0105 seri\u0119 XR tutaj Fakty o marce produktu XR Typ produktu Bia\u0142a porcja Moc Normalna Zawarto\u015b\u0107 nikotyny 9 mg \/ g Zawarto\u015b\u0107\/opakowanie 16,8 g Rodzaj Snus Slim White Format porcji Slim<\/p>\n<p>\u00a0<\/p>","protected":false},"excerpt":{"rendered":"<div>\n<div>\u0141agodny smak tytoniu z wyra\u017anymi nutami mi\u0119ty pieprzowej oraz eukaliptusa i cedru.<\/div>\n<div><\/div>\n<div>Catch Slim White Mint ma d\u0142ug\u0105 i w\u0105sk\u0105 saszetk\u0119 dla optymalnego dopasowania pod warg\u0105. Sucha na powierzchni, aby zapobiec kapaniu i z szerokim uwalnianiem smaku.<\/div>\n<\/p><\/div>\n<div class=\"spacer-top\">Cena za Ca<\/div>","protected":false},"featured_media":1000824,"comment_status":"closed","ping_status":"closed","template":"","meta":[],"product_brand":[1297],"product_cat":[200],"product_tag":[260,261,262,263,264,265,266,267,268,269,270,271,272,273,274,275,276,277,278,279,280,281,282,283,284,285,349,114,287,292,294,295,296,350,297,298,299,300,174,301],"class_list":{"0":"post-1001354","1":"product","2":"type-product","3":"status-publish","4":"has-post-thumbnail","6":"product_brand-xr","7":"product_cat-white-snus","8":"product_tag-buy-snus-online","9":"product_tag-buy-swedish-snuff","10":"product_tag-buycheapsnus","11":"product_tag-buysnus","12":"product_tag-buysnuscheap","13":"product_tag-buysnusonline","14":"product_tag-camel-snus","15":"product_tag-camel-snus-flavours","16":"product_tag-central-snus","17":"product_tag-ettan-snus","18":"product_tag-fabodsnus","19":"product_tag-general","20":"product_tag-general-onyx","21":"product_tag-general-snus","22":"product_tag-general-storelocator","23":"product_tag-granit-snuff","24":"product_tag-granit-snus","25":"product_tag-grov-snus","26":"product_tag-kaliber-vit","27":"product_tag-kaliber-vit-salmiak","28":"product_tag-kurbits","29":"product_tag-kurbits-snus","30":"product_tag-lyft-flavors","31":"product_tag-lyft-flavours","32":"product_tag-lyft-usa","33":"product_tag-morgondagg","34":"product_tag-smokeless-tobacco","35":"product_tag-snus","36":"product_tag-snus-central","37":"product_tag-soldatsnus","38":"product_tag-svenskt-snus","39":"product_tag-swedishproductsonline","40":"product_tag-swedishsnuff","41":"product_tag-us-smokeless-tobacco","42":"product_tag-where-to-buy-general","43":"product_tag-where-to-buy-marlboro-snus","44":"product_tag-where-to-buy-snus","45":"product_tag-xrange","46":"product_tag-zyn-flavors","47":"product_tag-zyn-flavours","49":"first","50":"instock","51":"shipping-taxable","52":"purchasable","53":"product-type-simple"},"_links":{"self":[{"href":"https:\/\/nicopouche.com\/pl\/wp-json\/wp\/v2\/product\/1001354","targetHints":{"allow":["GET"]}}],"collection":[{"href":"https:\/\/nicopouche.com\/pl\/wp-json\/wp\/v2\/product"}],"about":[{"href":"https:\/\/nicopouche.com\/pl\/wp-json\/wp\/v2\/types\/product"}],"replies":[{"embeddable":true,"href":"https:\/\/nicopouche.com\/pl\/wp-json\/wp\/v2\/comments?post=1001354"}],"version-history":[{"count":1,"href":"https:\/\/nicopouche.com\/pl\/wp-json\/wp\/v2\/product\/1001354\/revisions"}],"predecessor-version":[{"id":1002616,"href":"https:\/\/nicopouche.com\/pl\/wp-json\/wp\/v2\/product\/1001354\/revisions\/1002616"}],"wp:featuredmedia":[{"embeddable":true,"href":"https:\/\/nicopouche.com\/pl\/wp-json\/wp\/v2\/media\/1000824"}],"wp:attachment":[{"href":"https:\/\/nicopouche.com\/pl\/wp-json\/wp\/v2\/media?parent=1001354"}],"wp:term":[{"taxonomy":"product_brand","embeddable":true,"href":"https:\/\/nicopouche.com\/pl\/wp-json\/wp\/v2\/product_brand?post=1001354"},{"taxonomy":"product_cat","embeddable":true,"href":"https:\/\/nicopouche.com\/pl\/wp-json\/wp\/v2\/product_cat?post=1001354"},{"taxonomy":"product_tag","embeddable":true,"href":"https:\/\/nicopouche.com\/pl\/wp-json\/wp\/v2\/product_tag?post=1001354"}],"curies":[{"name":"wp","href":"https:\/\/api.w.org\/{rel}","templated":true}]}}