{"id":1000119,"date":"2025-11-28T08:58:33","date_gmt":"2025-11-28T08:58:33","guid":{"rendered":"https:\/\/nicopouche.com\/?post_type=product&#038;p=1000119"},"modified":"2026-01-17T18:41:09","modified_gmt":"2026-01-17T18:41:09","slug":"vargarda-rustik-white-portion","status":"publish","type":"product","link":"https:\/\/nicopouche.com\/pl\/katalog\/vargarda-rustik-white-portion\/","title":{"rendered":"V\u00e5rg\u00e5rda Rustik White Portion"},"content":{"rendered":"<p><strong>V\u00e5rg\u00e5rda Rustik White Portion<\/strong><\/p>\n<h2><strong>About V\u00e5rg\u00e5rda Rustik White Portion<\/strong><\/h2>\n<p id=\"tw-target-text\" class=\"tw-data-text tw-text-large tw-ta\" dir=\"ltr\" role=\"text\" data-placeholder=\"\u00d6vers\u00e4ttning\" data-ved=\"2ahUKEwjPr7W-5oOQAxWkRvEDHR62BRwQ3ewLegQIChAV\" aria-label=\"\u00d6versatt text: V\u00e5rg\u00e5rda Rustik Vit Portion is a product from the brand V\u00e5rg\u00e5rda, manufactured by Nordic Snus. This product is a white portion and has a format that is normal. The product contains both tobacco and nicotine, and has a strength that is described as normal. The nicotine content per portion is 7.2 mg while the nicotine content per gram is 8 mg.\"><span class=\"Y2IQFc\" lang=\"en\">V\u00e5rg\u00e5rda Rustik Vit Portion is a product from the brand V\u00e5rg\u00e5rda, manufactured by Nordic Snus. This product is a white portion and has a format that is normal. The product contains both tobacco and nicotine, and has a strength that is described as normal. The nicotine content per portion is 7.2 mg while the nicotine content per gram is 8 mg.<\/span><\/p>\n<p id=\"tw-target-text\" class=\"tw-data-text tw-text-large tw-ta\" dir=\"ltr\" role=\"text\" data-placeholder=\"\u00d6vers\u00e4ttning\" data-ved=\"2ahUKEwjPr7W-5oOQAxWkRvEDHR62BRwQ3ewLegQIChAV\" aria-label=\"\u00d6versatt text: V\u00e5rg\u00e5rda Snus, with roots in the 15th century, is part of the Swedish snus tradition and offers a selection of products manufactured by Nordic Snus.\"><span class=\"Y2IQFc\" lang=\"en\">V\u00e5rg\u00e5rda Snus, with roots in the 15th century, is part of the Swedish snus tradition and offers a selection of products manufactured by Nordic Snus.<\/span><\/p>","protected":false},"excerpt":{"rendered":"<p><strong>V\u00e5rg\u00e5rda Rustik White Portion<\/strong><\/p>\n<p>V\u00e5rg\u00e5rda Rustic White Portion have a clear and distinct tobacco flavor. The product has a normal strength and comes in a normal format with 20 portions per can.<\/p>","protected":false},"featured_media":1000175,"comment_status":"closed","ping_status":"closed","template":"","meta":[],"product_brand":[1281],"product_cat":[201],"product_tag":[229,227,228],"class_list":{"0":"post-1000119","1":"product","2":"type-product","3":"status-publish","4":"has-post-thumbnail","6":"product_brand-vargarda","7":"product_cat-original-portion-pouches","8":"product_tag-vargarda-rustik-white-portion","9":"product_tag-vargarda-snus","10":"product_tag-vargarda-snus-in-the-us","12":"first","13":"instock","14":"shipping-taxable","15":"purchasable","16":"product-type-simple"},"_links":{"self":[{"href":"https:\/\/nicopouche.com\/pl\/wp-json\/wp\/v2\/product\/1000119","targetHints":{"allow":["GET"]}}],"collection":[{"href":"https:\/\/nicopouche.com\/pl\/wp-json\/wp\/v2\/product"}],"about":[{"href":"https:\/\/nicopouche.com\/pl\/wp-json\/wp\/v2\/types\/product"}],"replies":[{"embeddable":true,"href":"https:\/\/nicopouche.com\/pl\/wp-json\/wp\/v2\/comments?post=1000119"}],"version-history":[{"count":1,"href":"https:\/\/nicopouche.com\/pl\/wp-json\/wp\/v2\/product\/1000119\/revisions"}],"predecessor-version":[{"id":1002892,"href":"https:\/\/nicopouche.com\/pl\/wp-json\/wp\/v2\/product\/1000119\/revisions\/1002892"}],"wp:featuredmedia":[{"embeddable":true,"href":"https:\/\/nicopouche.com\/pl\/wp-json\/wp\/v2\/media\/1000175"}],"wp:attachment":[{"href":"https:\/\/nicopouche.com\/pl\/wp-json\/wp\/v2\/media?parent=1000119"}],"wp:term":[{"taxonomy":"product_brand","embeddable":true,"href":"https:\/\/nicopouche.com\/pl\/wp-json\/wp\/v2\/product_brand?post=1000119"},{"taxonomy":"product_cat","embeddable":true,"href":"https:\/\/nicopouche.com\/pl\/wp-json\/wp\/v2\/product_cat?post=1000119"},{"taxonomy":"product_tag","embeddable":true,"href":"https:\/\/nicopouche.com\/pl\/wp-json\/wp\/v2\/product_tag?post=1000119"}],"curies":[{"name":"wp","href":"https:\/\/api.w.org\/{rel}","templated":true}]}}