{"id":1001298,"date":"2025-11-28T09:20:39","date_gmt":"2025-11-28T09:20:39","guid":{"rendered":"https:\/\/nicopouche.com\/?post_type=product&#038;p=1001298"},"modified":"2026-01-17T18:34:08","modified_gmt":"2026-01-17T18:34:08","slug":"on-mint-strong-6mg","status":"publish","type":"product","link":"https:\/\/nicopouche.com\/nl\/catalogus\/on-mint-strong-6mg\/","title":{"rendered":"On! Mint Strong 6mg"},"content":{"rendered":"<p id=\"tw-target-text\" class=\"tw-data-text tw-text-large tw-ta\" dir=\"ltr\" data-placeholder=\"\u00d6vers\u00e4ttning\"><span lang=\"en\">On! Mint cooling sensation A refreshing crispy mint flavor with cooling effect and nicotine delivery as soon as the white, dry bags become a little moist. Discreet mini format that is especially suitable for those who do not want it to feel or look very much. on! Mint is available in two nicotine strengths: 3 mg and 6 mg. On! is available in three good flavors: Mint, Licorice and Citrus.<\/span><\/p>\n<p id=\"tw-target-text\" class=\"tw-data-text tw-text-large tw-ta\" dir=\"ltr\" data-placeholder=\"\u00d6vers\u00e4ttning\"><span lang=\"en\">1800-1900: Snus manufacturers During the 19th century, manufacturers began manufacturing local varieties of moist snuff. Some well-known suppliers were Petter Swartz with Red Lacket and J.A. Boman with General Snuff. However, the biggest brand was Ettan, Ljungl\u00f6fs Ettan. Jacob Fredrik Ljungl\u00f6f\u2019s factory on Badstugatan, today Sveav\u00e4gen in Stockholm, has its roots in a tobacco company founded around 1695. Jacob Fredrik Ljungl\u00f6f took over the company in 1822 and made it Europe and the world\u2019s leading snus factory. Virtually all Swedish snus manufacturers in the 19th century had in their assortment snus No: 1, No: 2 and No: 3, which denoted different qualities. However, Ljungl\u00f6f launched his 1st as a nationwide quality product and succeeded. Ljungl\u00f6fs Ettan became a concept in the people\u2019s mouth. Today, it is still one of Sweden\u2019s largest brands and accounts for about one fifth of all snus sales in Sweden. America When more than a million Swedes emigrated across the Atlantic from 1846 until 1930, they brought with them their Swedish customs and customs, including the tradition of sniffing. The sniffing was so common that the main street in the Swedish-American districts was called the snus boulevard by the Americans. Snus became one of the Swedes\u2019 identity marks. Monopoly is introduced At the beginning of the 20th century, the Swedish state needed money for the defense and for the first pension reform. The money would come from tobacco. After a break of 250 years, a new tobacco monopoly was introduced in 1915. It was exercised by the limited liability company AB Svenska Tobacco Monopoly. The snuff increased rapidly and reached the record level in 1919 when 7,000 tonnes of snuff were sold. Sweden then had a population of 6 million people, which meant a consumption of 1.2 kg \/ capita. In the following years, snuff was given a decline in favor of other tobacco products, especially the increasingly popular cigarettes, which became part of the American trend after the Second World War. 1970 to today: A success story Snuff began to become more popular again in the late 1960s when health risks associated with cigarette smoking were noted in several reports. In the 1970s, the first portion snus was introduced, an important step for the snus to reach a wider audience. Since then, the sales curve has been pointing upwards.<\/span><\/p>\n<p dir=\"ltr\" data-placeholder=\"\u00d6vers\u00e4ttning\">Look at this\u00a0<a href=\"https:\/\/www.youtube.com\/watch?v=5kMwfIAsB3Q\" target=\"_blank\" rel=\"noopener\">SNUS REVIEW<\/a><\/p>\n<p dir=\"ltr\" data-placeholder=\"\u00d6vers\u00e4ttning\"><a href=\"https:\/\/swedishproducts.online\" target=\"_blank\" rel=\"noopener\">SMOKELESS TOBACCO<\/a><\/p>\n<p dir=\"ltr\" data-placeholder=\"\u00d6vers\u00e4ttning\"><a href=\"https:\/\/swedishsnuff.online\" target=\"_blank\" rel=\"noopener\">CHEWING TOBACCO<\/a><\/p>\n<p dir=\"ltr\" data-placeholder=\"\u00d6vers\u00e4ttning\"><a href=\"http:\/\/snubie.com\" target=\"_blank\" rel=\"noopener\">SNUS REVIEW<\/a><\/p>\n<p>\u00a0<\/p>\n<p>\u00a0<\/p>\n<p>\u00a0<\/p>\n<p>\u00a0<\/p>","protected":false},"excerpt":{"rendered":"<p>On! Mint cooling sensation En uppfriskande krispig mintsmak med kylande effekt och nikotinleverans s\u00e5 fort de vita, torra p\u00e5sarna blivit lite fuktiga. Diskret miniformat som passar framf\u00f6rallt dig som inte vill att det ska k\u00e4nnas eller synas s\u00e4rskilt mycket. on! Mint finns i tv\u00e5 nikotinstyrkor: 3 mg och 6 mg. On! finns i tre goda smaker: Mint, Lakrits\u00a0och Citrus.<\/p>","protected":false},"featured_media":1001344,"comment_status":"closed","ping_status":"closed","template":"","meta":[],"product_brand":[1295],"product_cat":[104],"product_tag":[997,350],"class_list":{"0":"post-1001298","1":"product","2":"type-product","3":"status-publish","4":"has-post-thumbnail","6":"product_brand-on","7":"product_cat-nicotine-pouches","8":"product_tag-on","9":"product_tag-us-smokeless-tobacco","11":"first","12":"instock","13":"shipping-taxable","14":"purchasable","15":"product-type-simple"},"_links":{"self":[{"href":"https:\/\/nicopouche.com\/nl\/wp-json\/wp\/v2\/product\/1001298","targetHints":{"allow":["GET"]}}],"collection":[{"href":"https:\/\/nicopouche.com\/nl\/wp-json\/wp\/v2\/product"}],"about":[{"href":"https:\/\/nicopouche.com\/nl\/wp-json\/wp\/v2\/types\/product"}],"replies":[{"embeddable":true,"href":"https:\/\/nicopouche.com\/nl\/wp-json\/wp\/v2\/comments?post=1001298"}],"version-history":[{"count":1,"href":"https:\/\/nicopouche.com\/nl\/wp-json\/wp\/v2\/product\/1001298\/revisions"}],"predecessor-version":[{"id":1002639,"href":"https:\/\/nicopouche.com\/nl\/wp-json\/wp\/v2\/product\/1001298\/revisions\/1002639"}],"wp:featuredmedia":[{"embeddable":true,"href":"https:\/\/nicopouche.com\/nl\/wp-json\/wp\/v2\/media\/1001344"}],"wp:attachment":[{"href":"https:\/\/nicopouche.com\/nl\/wp-json\/wp\/v2\/media?parent=1001298"}],"wp:term":[{"taxonomy":"product_brand","embeddable":true,"href":"https:\/\/nicopouche.com\/nl\/wp-json\/wp\/v2\/product_brand?post=1001298"},{"taxonomy":"product_cat","embeddable":true,"href":"https:\/\/nicopouche.com\/nl\/wp-json\/wp\/v2\/product_cat?post=1001298"},{"taxonomy":"product_tag","embeddable":true,"href":"https:\/\/nicopouche.com\/nl\/wp-json\/wp\/v2\/product_tag?post=1001298"}],"curies":[{"name":"wp","href":"https:\/\/api.w.org\/{rel}","templated":true}]}}