{"id":1000176,"date":"2025-11-28T08:59:48","date_gmt":"2025-11-28T08:59:48","guid":{"rendered":"https:\/\/nicopouche.com\/?post_type=product&#038;p=1000176"},"modified":"2026-01-17T18:41:08","modified_gmt":"2026-01-17T18:41:08","slug":"vargarda-skog-strong-white-portion","status":"publish","type":"product","link":"https:\/\/nicopouche.com\/nl\/catalogus\/vargarda-skog-strong-white-portion\/","title":{"rendered":"V\u00e5rg\u00e5rda Skog Strong White Portion"},"content":{"rendered":"<p><strong>V\u00e5rg\u00e5rda Skog Strong White Portion<\/strong><\/p>\n<h2><strong>About V\u00e5rg\u00e5rda Skog Strong White Portion<\/strong><\/h2>\n<p id=\"tw-target-text\" class=\"tw-data-text tw-text-large tw-ta\" dir=\"ltr\" data-placeholder=\"\u00d6vers\u00e4ttning\" data-ved=\"2ahUKEwjWt-6svbOOAxVXAxAIHUGXNLIQ3ewLegQICRAV\" aria-label=\"\u00d6versatt text: The V\u00e5rg\u00e5rda Skog Stark Vit portion is a snus with a spicy character. In addition to the tobacco flavor, there are hints of lavender and juniper. The portion comes in the large format and is therefore extra large in size. V\u00e5rg\u00e5rda Skog is a white prill, which means that they have a dry surface with a moist content.\"><span class=\"Y2IQFc\" lang=\"en\">The V\u00e5rg\u00e5rda Skog Strong White portion is a snus with a spicy character. In addition to the tobacco flavor, there are hints of lavender and juniper. The portion comes in the large format and is therefore extra large in size. V\u00e5rg\u00e5rda Skog is a white prill, which means that they have a dry surface with a moist content.<\/span><\/p>\n<ul>\n<li id=\"tw-target-text\" class=\"tw-data-text tw-text-large tw-ta\" dir=\"ltr\" data-placeholder=\"\u00d6vers\u00e4ttning\" data-ved=\"2ahUKEwjWt-6svbOOAxVXAxAIHUGXNLIQ3ewLegQICRAV\" aria-label=\"\u00d6versatt text: Brand: V\u00e5rg\u00e5rda Manufacturer: Nordic Snus Flavor: Spicy Tobacco Format: Regular Product Type: White Portion Number of Bags Per Box: 20 Nicotine Content: 14 mg\/g Strength: Strong\"><span class=\"Y2IQFc\" lang=\"en\">Brand: V\u00e5rg\u00e5rda <\/span><\/li>\n<li class=\"tw-data-text tw-text-large tw-ta\" dir=\"ltr\" data-placeholder=\"\u00d6vers\u00e4ttning\" data-ved=\"2ahUKEwjWt-6svbOOAxVXAxAIHUGXNLIQ3ewLegQICRAV\" aria-label=\"\u00d6versatt text: Brand: V\u00e5rg\u00e5rda Manufacturer: Nordic Snus Flavor: Spicy Tobacco Format: Regular Product Type: White Portion Number of Bags Per Box: 20 Nicotine Content: 14 mg\/g Strength: Strong\"><span class=\"Y2IQFc\" lang=\"en\">Manufacturer: Nordic Snus <\/span><\/li>\n<li class=\"tw-data-text tw-text-large tw-ta\" dir=\"ltr\" data-placeholder=\"\u00d6vers\u00e4ttning\" data-ved=\"2ahUKEwjWt-6svbOOAxVXAxAIHUGXNLIQ3ewLegQICRAV\" aria-label=\"\u00d6versatt text: Brand: V\u00e5rg\u00e5rda Manufacturer: Nordic Snus Flavor: Spicy Tobacco Format: Regular Product Type: White Portion Number of Bags Per Box: 20 Nicotine Content: 14 mg\/g Strength: Strong\"><span class=\"Y2IQFc\" lang=\"en\">Flavor: Spicy Tobacco <\/span><\/li>\n<li class=\"tw-data-text tw-text-large tw-ta\" dir=\"ltr\" data-placeholder=\"\u00d6vers\u00e4ttning\" data-ved=\"2ahUKEwjWt-6svbOOAxVXAxAIHUGXNLIQ3ewLegQICRAV\" aria-label=\"\u00d6versatt text: Brand: V\u00e5rg\u00e5rda Manufacturer: Nordic Snus Flavor: Spicy Tobacco Format: Regular Product Type: White Portion Number of Bags Per Box: 20 Nicotine Content: 14 mg\/g Strength: Strong\"><span class=\"Y2IQFc\" lang=\"en\">Format: Regular <\/span><\/li>\n<li class=\"tw-data-text tw-text-large tw-ta\" dir=\"ltr\" data-placeholder=\"\u00d6vers\u00e4ttning\" data-ved=\"2ahUKEwjWt-6svbOOAxVXAxAIHUGXNLIQ3ewLegQICRAV\" aria-label=\"\u00d6versatt text: Brand: V\u00e5rg\u00e5rda Manufacturer: Nordic Snus Flavor: Spicy Tobacco Format: Regular Product Type: White Portion Number of Bags Per Box: 20 Nicotine Content: 14 mg\/g Strength: Strong\"><span class=\"Y2IQFc\" lang=\"en\">Product Type: White Portion <\/span><\/li>\n<li class=\"tw-data-text tw-text-large tw-ta\" dir=\"ltr\" data-placeholder=\"\u00d6vers\u00e4ttning\" data-ved=\"2ahUKEwjWt-6svbOOAxVXAxAIHUGXNLIQ3ewLegQICRAV\" aria-label=\"\u00d6versatt text: Brand: V\u00e5rg\u00e5rda Manufacturer: Nordic Snus Flavor: Spicy Tobacco Format: Regular Product Type: White Portion Number of Bags Per Box: 20 Nicotine Content: 14 mg\/g Strength: Strong\"><span class=\"Y2IQFc\" lang=\"en\">Number of Bags Per Box: 20 <\/span><\/li>\n<li class=\"tw-data-text tw-text-large tw-ta\" dir=\"ltr\" data-placeholder=\"\u00d6vers\u00e4ttning\" data-ved=\"2ahUKEwjWt-6svbOOAxVXAxAIHUGXNLIQ3ewLegQICRAV\" aria-label=\"\u00d6versatt text: Brand: V\u00e5rg\u00e5rda Manufacturer: Nordic Snus Flavor: Spicy Tobacco Format: Regular Product Type: White Portion Number of Bags Per Box: 20 Nicotine Content: 14 mg\/g Strength: Strong\"><span class=\"Y2IQFc\" lang=\"en\">Nicotine Content: 14 mg\/g <\/span><\/li>\n<li class=\"tw-data-text tw-text-large tw-ta\" dir=\"ltr\" data-placeholder=\"\u00d6vers\u00e4ttning\" data-ved=\"2ahUKEwjWt-6svbOOAxVXAxAIHUGXNLIQ3ewLegQICRAV\" aria-label=\"\u00d6versatt text: Brand: V\u00e5rg\u00e5rda Manufacturer: Nordic Snus Flavor: Spicy Tobacco Format: Regular Product Type: White Portion Number of Bags Per Box: 20 Nicotine Content: 14 mg\/g Strength: Strong\"><span class=\"Y2IQFc\" lang=\"en\">Strength: Strong<\/span><\/li>\n<\/ul>\n<p id=\"tw-target-text\" class=\"tw-data-text tw-text-large tw-ta\" dir=\"ltr\" data-placeholder=\"\u00d6vers\u00e4ttning\" data-ved=\"2ahUKEwjWt-6svbOOAxVXAxAIHUGXNLIQ3ewLegQICRAV\" aria-label=\"\u00d6versatt text: The white portion V\u00e5rg\u00e5rda Skog is a snus that consists mainly of tobacco and has a nicotine strength of 14 milligrams per gram. It is described as a strong strength in the brand's range. The V\u00e5rg\u00e5rda brand is manufactured by the Swedish tobacco company Nordic Snus. V\u00e5rg\u00e5rda is also available in other flavors and strengths.\"><span class=\"Y2IQFc\" lang=\"en\">The white portion V\u00e5rg\u00e5rda Skog is a snus that consists mainly of tobacco and has a nicotine strength of 14 milligrams per gram. It is described as a strong strength in the brand\u2019s range. <\/span><\/p>\n<p class=\"tw-data-text tw-text-large tw-ta\" dir=\"ltr\" data-placeholder=\"\u00d6vers\u00e4ttning\" data-ved=\"2ahUKEwjWt-6svbOOAxVXAxAIHUGXNLIQ3ewLegQICRAV\" aria-label=\"\u00d6versatt text: The white portion V\u00e5rg\u00e5rda Skog is a snus that consists mainly of tobacco and has a nicotine strength of 14 milligrams per gram. It is described as a strong strength in the brand's range. The V\u00e5rg\u00e5rda brand is manufactured by the Swedish tobacco company Nordic Snus. V\u00e5rg\u00e5rda is also available in other flavors and strengths.\"><span class=\"Y2IQFc\" lang=\"en\">The V\u00e5rg\u00e5rda brand is manufactured by the Swedish tobacco company Nordic Snus. V\u00e5rg\u00e5rda is also available in other flavors and strengths.<\/span><\/p>","protected":false},"excerpt":{"rendered":"<p><strong>V\u00e5rg\u00e5rda Skog Strong White Portion<\/strong><\/p>\n<p id=\"tw-target-text\" class=\"tw-data-text tw-text-large tw-ta\" dir=\"ltr\" data-placeholder=\"\u00d6vers\u00e4ttning\" data-ved=\"2ahUKEwjWt-6svbOOAxVXAxAIHUGXNLIQ3ewLegQICRAV\" aria-label=\"\u00d6versatt text: Prillan V\u00e5rg\u00e5rda Skog Stark Vit Portion is a prill with a distinct taste of spicy tobacco. There are 20 prills in a box and there is space in the lid for used prills.\"><span class=\"Y2IQFc\" lang=\"en\">Prillan V\u00e5rg\u00e5rda Skog Strong White Portion is a prill with a distinct taste of spicy tobacco. There are 20 prills in a box and there is space in the lid for used prills.<\/span><\/p>","protected":false},"featured_media":1000232,"comment_status":"closed","ping_status":"closed","template":"","meta":[],"product_brand":[1281],"product_cat":[103,201],"product_tag":[252,227],"class_list":{"0":"post-1000176","1":"product","2":"type-product","3":"status-publish","4":"has-post-thumbnail","6":"product_brand-vargarda","7":"product_cat-news","8":"product_cat-original-portion-pouches","9":"product_tag-vargarda-skog-strong-white-portion","10":"product_tag-vargarda-snus","12":"first","13":"instock","14":"shipping-taxable","15":"purchasable","16":"product-type-simple"},"_links":{"self":[{"href":"https:\/\/nicopouche.com\/nl\/wp-json\/wp\/v2\/product\/1000176","targetHints":{"allow":["GET"]}}],"collection":[{"href":"https:\/\/nicopouche.com\/nl\/wp-json\/wp\/v2\/product"}],"about":[{"href":"https:\/\/nicopouche.com\/nl\/wp-json\/wp\/v2\/types\/product"}],"replies":[{"embeddable":true,"href":"https:\/\/nicopouche.com\/nl\/wp-json\/wp\/v2\/comments?post=1000176"}],"version-history":[{"count":1,"href":"https:\/\/nicopouche.com\/nl\/wp-json\/wp\/v2\/product\/1000176\/revisions"}],"predecessor-version":[{"id":1002886,"href":"https:\/\/nicopouche.com\/nl\/wp-json\/wp\/v2\/product\/1000176\/revisions\/1002886"}],"wp:featuredmedia":[{"embeddable":true,"href":"https:\/\/nicopouche.com\/nl\/wp-json\/wp\/v2\/media\/1000232"}],"wp:attachment":[{"href":"https:\/\/nicopouche.com\/nl\/wp-json\/wp\/v2\/media?parent=1000176"}],"wp:term":[{"taxonomy":"product_brand","embeddable":true,"href":"https:\/\/nicopouche.com\/nl\/wp-json\/wp\/v2\/product_brand?post=1000176"},{"taxonomy":"product_cat","embeddable":true,"href":"https:\/\/nicopouche.com\/nl\/wp-json\/wp\/v2\/product_cat?post=1000176"},{"taxonomy":"product_tag","embeddable":true,"href":"https:\/\/nicopouche.com\/nl\/wp-json\/wp\/v2\/product_tag?post=1000176"}],"curies":[{"name":"wp","href":"https:\/\/api.w.org\/{rel}","templated":true}]}}