{"id":1000540,"date":"2025-11-28T09:12:52","date_gmt":"2025-11-28T09:12:52","guid":{"rendered":"https:\/\/nicopouche.com\/?post_type=product&#038;p=1000540"},"modified":"2025-11-28T18:44:33","modified_gmt":"2025-11-28T18:44:33","slug":"morko-fatal-freeze-danger-strong-12g","status":"publish","type":"product","link":"https:\/\/nicopouche.com\/nb\/katalog\/morko-fatal-freeze-danger-strong-12g\/","title":{"rendered":"M\u00f6rk\u00f6 Fatal Freeze Danger Strong 12g"},"content":{"rendered":"<p><strong>M\u00f6rk\u00f6 Fatal Freeze Danger Strong 12g<\/strong><\/p>\n<h2><strong>About M\u00f6rk\u00f6 Fatal Freeze Danger Strong 12g<\/strong><\/h2>\n<p>Embrace the ultimate challenge with 51 mg\/g of nicotine and an intense \u201cFatal Freeze\u201d sensation. Experience the pinnacle of potency and refreshment.<\/p>\n<p>M\u00f6rk\u00f6 Fatal Freeze stands as a titan among nicotine products, offering an extreme level of potency that\u2019s rare and sought after. Crafted for the daring and the bold, it provides a nicotine experience that\u2019s as intense as it is memorable. This is the choice for those who demand the highest level of stimulation and refreshment from their snus.<\/p>\n<p>For those who crave the ultimate in intensity and refreshment, M\u00f6rk\u00f6 Fatal Freeze is your call to adventure. This snus is not for the uninitiated but for the experienced user looking for the peak of potency and a chilling sensory experience. Embrace the extreme, and let M\u00f6rk\u00f6 Fatal Freeze elevate your nicotine experience to new, exhilarating heights.<\/p>\n<p>Fast shipping worldwide with <a href=\"https:\/\/ups.com\" target=\"_blank\" rel=\"noopener\">UPS<\/a> and <a href=\"https:\/\/postnord.com\" target=\"_blank\" rel=\"noopener\">PostNord<\/a>.<\/p>\n<p><b>CONTENT AND INFORMATION<\/b><\/p>\n<ul>\n<li>Nicotine mg\/g: 51<\/li>\n<li>Nicotine mg\/pouch: 30,6<\/li>\n<li>Pouches\/can: 20<\/li>\n<li>Content: 12g<\/li>\n<li>Produsent: <a href=\"https:\/\/ngpeurope.eu\/\" target=\"_blank\" rel=\"noopener\">N.G.P<\/a><\/li>\n<\/ul>\n<p><b>Declaration of content<\/b><br \/> <i>Xylitol (E967), acidity regulator (E500, soda), moisture binder (E1520), nicotine, water, natural flavor oils.<\/i><\/p>","protected":false},"excerpt":{"rendered":"<p><strong>M\u00f6rk\u00f6 Fatal Freeze Danger Strong 12g<\/strong><\/p>\n<p>M\u00f6rk\u00f6 Fatal Freeze Danger Strong\u00a0have a extreme nicotine level of 51mg\/g (30,6mg\/pouch), combined with the taste of Spearmint and menthol it will give you a nicokick you won\u2019t forget!<\/p>","protected":false},"featured_media":1000570,"comment_status":"closed","ping_status":"closed","template":"","meta":[],"product_brand":[],"product_cat":[104],"product_tag":[630,634,635,448,631],"class_list":{"0":"post-1000540","1":"product","2":"type-product","3":"status-publish","4":"has-post-thumbnail","6":"product_cat-nicotine-pouches","7":"product_tag-killapods","8":"product_tag-morko-fatal-freeze","9":"product_tag-morko-fatal-freeze-danger-strong-12g","10":"product_tag-nicopods","11":"product_tag-strong-nicotine-pouches","13":"first","14":"instock","15":"sale","16":"shipping-taxable","17":"purchasable","18":"product-type-simple"},"_links":{"self":[{"href":"https:\/\/nicopouche.com\/nb\/wp-json\/wp\/v2\/product\/1000540","targetHints":{"allow":["GET"]}}],"collection":[{"href":"https:\/\/nicopouche.com\/nb\/wp-json\/wp\/v2\/product"}],"about":[{"href":"https:\/\/nicopouche.com\/nb\/wp-json\/wp\/v2\/types\/product"}],"replies":[{"embeddable":true,"href":"https:\/\/nicopouche.com\/nb\/wp-json\/wp\/v2\/comments?post=1000540"}],"version-history":[{"count":0,"href":"https:\/\/nicopouche.com\/nb\/wp-json\/wp\/v2\/product\/1000540\/revisions"}],"wp:featuredmedia":[{"embeddable":true,"href":"https:\/\/nicopouche.com\/nb\/wp-json\/wp\/v2\/media\/1000570"}],"wp:attachment":[{"href":"https:\/\/nicopouche.com\/nb\/wp-json\/wp\/v2\/media?parent=1000540"}],"wp:term":[{"taxonomy":"product_brand","embeddable":true,"href":"https:\/\/nicopouche.com\/nb\/wp-json\/wp\/v2\/product_brand?post=1000540"},{"taxonomy":"product_cat","embeddable":true,"href":"https:\/\/nicopouche.com\/nb\/wp-json\/wp\/v2\/product_cat?post=1000540"},{"taxonomy":"product_tag","embeddable":true,"href":"https:\/\/nicopouche.com\/nb\/wp-json\/wp\/v2\/product_tag?post=1000540"}],"curies":[{"name":"wp","href":"https:\/\/api.w.org\/{rel}","templated":true}]}}