{"id":1000945,"date":"2025-11-28T09:16:55","date_gmt":"2025-11-28T09:16:55","guid":{"rendered":"https:\/\/nicopouche.com\/?post_type=product&#038;p=1000945"},"modified":"2026-01-17T18:40:04","modified_gmt":"2026-01-17T18:40:04","slug":"goteborgs-rape-lingon","status":"publish","type":"product","link":"https:\/\/nicopouche.com\/mt\/catalog\/goteborgs-rape-lingon\/","title":{"rendered":"G\u00f6teborgs Rap\u00e9 Lingon"},"content":{"rendered":"<p><strong>G\u00f6teborgs Rap\u00e9 Lingon<\/strong><\/p>\n<h2><strong>G\u00f6teborgs Rap\u00e9 Lingon<\/strong><\/h2>\n<p>Gothenburg\u2019s <a href=\"https:\/\/snuskaufenschweiz.ch\/product\/goteborgs-rape-lingonisch\/\" target=\"_blank\" rel=\"noopener\">Rap\u00e9 Lingon Portion<\/a> is a snus with a mild and fruity taste of tobacco. The basic taste is taken from Gothenburg Rap\u00e9, but the hint of wild berries and lingon berries makes Gothenburg Rap\u00e9 Lingon a little sweeter and less peppery than the original. The name Rap\u00e9 comes from the French \u201crap\u00e9\u201d which means \u201ctorn\u201d. Produced by\u00a0<strong><a href=\"https:\/\/swedishmatch.com\" target=\"_blank\" rel=\"noopener\">SWEDISH MATCH<\/a>, <\/strong>the leading manufacturer of <strong>Swedish snus.<\/strong><\/p>\n<p>At\u00a0<strong><a href=\"https:\/\/swedishproducts.online\" target=\"_blank\" rel=\"noopener\">SWEDISHPRODUCTS.ONLINE<\/a> <\/strong>you will find all major Swedish snus brands. Shipments are carried out by <strong><a href=\"https:\/\/ups.com\" target=\"_blank\" rel=\"noopener\">UPS<\/a><\/strong>. Secure payments by <a href=\"https:\/\/paypal.com\" target=\"_blank\" rel=\"noopener\"><strong>PayPal<\/strong><\/a> include seller insurance for your safety.<\/p>\n<p>\u00a0<\/p>\n<p>\u00a0<\/p>\n<p>\u00a0<\/p>\n<p>\u00a0<\/p>","protected":false},"excerpt":{"rendered":"<pre id=\"tw-target-text\" class=\"tw-data-text tw-text-large XcVN5d tw-ta\" dir=\"ltr\" data-placeholder=\"\u00d6vers\u00e4ttning\"><span lang=\"en\">Gothenburg Rap\u00e9 Lingon portion has a herbal taste, just like Gothenburg Rap\u00e9. \r The difference is instead in a berrylike lingon taste.<\/span><\/pre>\n<p>\u00a0<\/p>\n<p>\u00a0<\/p>","protected":false},"featured_media":1000974,"comment_status":"closed","ping_status":"closed","template":"","meta":[],"product_brand":[1282],"product_cat":[201,200],"product_tag":[835,836,837,838,839,840,841,114,842,843,844,845,846,847,848,849,479,850,211,851,337],"class_list":{"0":"post-1000945","1":"product","2":"type-product","3":"status-publish","4":"has-post-thumbnail","6":"product_brand-goteborgs","7":"product_cat-original-portion-pouches","8":"product_cat-white-snus","9":"product_tag-lingon","10":"product_tag-rape","11":"product_tag-rape-chile","12":"product_tag-rape-lingon","13":"product_tag-rape-peru","14":"product_tag-rapeargentina","15":"product_tag-rapecolombia","16":"product_tag-snus","17":"product_tag-snus-bahrain","18":"product_tag-snus-chile","19":"product_tag-snus-djibouti","20":"product_tag-snus-dubai","21":"product_tag-snus-in-australia","22":"product_tag-snus-in-nz","23":"product_tag-snus-in-south-africa","24":"product_tag-snus-kuwait","25":"product_tag-snus-near-me","26":"product_tag-snus-saudi-arabia","27":"product_tag-snus-usa","28":"product_tag-snusus","29":"product_tag-swedish-snus","31":"first","32":"instock","33":"shipping-taxable","34":"purchasable","35":"product-type-simple"},"_links":{"self":[{"href":"https:\/\/nicopouche.com\/mt\/wp-json\/wp\/v2\/product\/1000945","targetHints":{"allow":["GET"]}}],"collection":[{"href":"https:\/\/nicopouche.com\/mt\/wp-json\/wp\/v2\/product"}],"about":[{"href":"https:\/\/nicopouche.com\/mt\/wp-json\/wp\/v2\/types\/product"}],"replies":[{"embeddable":true,"href":"https:\/\/nicopouche.com\/mt\/wp-json\/wp\/v2\/comments?post=1000945"}],"version-history":[{"count":1,"href":"https:\/\/nicopouche.com\/mt\/wp-json\/wp\/v2\/product\/1000945\/revisions"}],"predecessor-version":[{"id":1002823,"href":"https:\/\/nicopouche.com\/mt\/wp-json\/wp\/v2\/product\/1000945\/revisions\/1002823"}],"wp:featuredmedia":[{"embeddable":true,"href":"https:\/\/nicopouche.com\/mt\/wp-json\/wp\/v2\/media\/1000974"}],"wp:attachment":[{"href":"https:\/\/nicopouche.com\/mt\/wp-json\/wp\/v2\/media?parent=1000945"}],"wp:term":[{"taxonomy":"product_brand","embeddable":true,"href":"https:\/\/nicopouche.com\/mt\/wp-json\/wp\/v2\/product_brand?post=1000945"},{"taxonomy":"product_cat","embeddable":true,"href":"https:\/\/nicopouche.com\/mt\/wp-json\/wp\/v2\/product_cat?post=1000945"},{"taxonomy":"product_tag","embeddable":true,"href":"https:\/\/nicopouche.com\/mt\/wp-json\/wp\/v2\/product_tag?post=1000945"}],"curies":[{"name":"wp","href":"https:\/\/api.w.org\/{rel}","templated":true}]}}