{"id":1000173,"date":"2025-11-28T08:59:22","date_gmt":"2025-11-28T08:59:22","guid":{"rendered":"https:\/\/nicopouche.com\/?post_type=product&#038;p=1000173"},"modified":"2026-01-17T18:41:08","modified_gmt":"2026-01-17T18:41:08","slug":"vargarda-skog-white-portion-snus","status":"publish","type":"product","link":"https:\/\/nicopouche.com\/lv\/catalog\/vargarda-skog-white-portion-snus\/","title":{"rendered":"V\u00e5rg\u00e5rda Skog White Portion snus"},"content":{"rendered":"<p><strong>V\u00e5rg\u00e5rda Skog White Portion snus<\/strong><\/p>\n<h2><strong>About V\u00e5rg\u00e5rda Skog White Portion snus<\/strong><\/h2>\n<p id=\"tw-target-text\" class=\"tw-data-text tw-text-large tw-ta\" dir=\"ltr\" data-placeholder=\"\u00d6vers\u00e4ttning\" data-ved=\"2ahUKEwjWt-6svbOOAxVXAxAIHUGXNLIQ3ewLegQICRAV\" aria-label=\"\u00d6versatt text: V\u00e5rg\u00e5rda Snus Skog contains flavors of juniper and lavender, among others. The snus also has a hint of birch sap and sorrel, along with the traditional spicy tobacco character. V\u00e5rg\u00e5rda Skog White Portion are prills made from plant fiber, aromas and tobacco. They are a normal size. The box has a container in the lid where you can put used prills.\"><span class=\"Y2IQFc\" lang=\"en\">V\u00e5rg\u00e5rda Snus Skog contains flavors of juniper and lavender, among others. The snus also has a hint of birch sap and sorrel, along with the traditional spicy tobacco character. V\u00e5rg\u00e5rda Skog White Portion are prills made from plant fiber, aromas and tobacco. They are a normal size. The box has a container in the lid where you can put used prills.<\/span><\/p>\n<ul>\n<li id=\"tw-target-text\" class=\"tw-data-text tw-text-large tw-ta\" dir=\"ltr\" data-placeholder=\"\u00d6vers\u00e4ttning\" data-ved=\"2ahUKEwjWt-6svbOOAxVXAxAIHUGXNLIQ3ewLegQICRAV\" aria-label=\"\u00d6versatt text: Brand: V\u00e5rg\u00e5rda Flavor: Spicy tobacco, juniper and lavender Format: Regular Product type: Snus, white portion Servings per can: 21 Nicotine content: 10 mg\/g Strength: Regular Manufacturer: Nordic Snus\"><span class=\"Y2IQFc\" lang=\"en\">Brand: V\u00e5rg\u00e5rda <\/span><\/li>\n<li class=\"tw-data-text tw-text-large tw-ta\" dir=\"ltr\" data-placeholder=\"\u00d6vers\u00e4ttning\" data-ved=\"2ahUKEwjWt-6svbOOAxVXAxAIHUGXNLIQ3ewLegQICRAV\" aria-label=\"\u00d6versatt text: Brand: V\u00e5rg\u00e5rda Flavor: Spicy tobacco, juniper and lavender Format: Regular Product type: Snus, white portion Servings per can: 21 Nicotine content: 10 mg\/g Strength: Regular Manufacturer: Nordic Snus\"><span class=\"Y2IQFc\" lang=\"en\">Flavor: Spicy tobacco, juniper and lavender <\/span><\/li>\n<li class=\"tw-data-text tw-text-large tw-ta\" dir=\"ltr\" data-placeholder=\"\u00d6vers\u00e4ttning\" data-ved=\"2ahUKEwjWt-6svbOOAxVXAxAIHUGXNLIQ3ewLegQICRAV\" aria-label=\"\u00d6versatt text: Brand: V\u00e5rg\u00e5rda Flavor: Spicy tobacco, juniper and lavender Format: Regular Product type: Snus, white portion Servings per can: 21 Nicotine content: 10 mg\/g Strength: Regular Manufacturer: Nordic Snus\"><span class=\"Y2IQFc\" lang=\"en\">Format: Regular <\/span><\/li>\n<li class=\"tw-data-text tw-text-large tw-ta\" dir=\"ltr\" data-placeholder=\"\u00d6vers\u00e4ttning\" data-ved=\"2ahUKEwjWt-6svbOOAxVXAxAIHUGXNLIQ3ewLegQICRAV\" aria-label=\"\u00d6versatt text: Brand: V\u00e5rg\u00e5rda Flavor: Spicy tobacco, juniper and lavender Format: Regular Product type: Snus, white portion Servings per can: 21 Nicotine content: 10 mg\/g Strength: Regular Manufacturer: Nordic Snus\"><span class=\"Y2IQFc\" lang=\"en\">Product type: Snus, white portion <\/span><\/li>\n<li class=\"tw-data-text tw-text-large tw-ta\" dir=\"ltr\" data-placeholder=\"\u00d6vers\u00e4ttning\" data-ved=\"2ahUKEwjWt-6svbOOAxVXAxAIHUGXNLIQ3ewLegQICRAV\" aria-label=\"\u00d6versatt text: Brand: V\u00e5rg\u00e5rda Flavor: Spicy tobacco, juniper and lavender Format: Regular Product type: Snus, white portion Servings per can: 21 Nicotine content: 10 mg\/g Strength: Regular Manufacturer: Nordic Snus\"><span class=\"Y2IQFc\" lang=\"en\">Servings per can: 21 <\/span><\/li>\n<li class=\"tw-data-text tw-text-large tw-ta\" dir=\"ltr\" data-placeholder=\"\u00d6vers\u00e4ttning\" data-ved=\"2ahUKEwjWt-6svbOOAxVXAxAIHUGXNLIQ3ewLegQICRAV\" aria-label=\"\u00d6versatt text: Brand: V\u00e5rg\u00e5rda Flavor: Spicy tobacco, juniper and lavender Format: Regular Product type: Snus, white portion Servings per can: 21 Nicotine content: 10 mg\/g Strength: Regular Manufacturer: Nordic Snus\"><span class=\"Y2IQFc\" lang=\"en\">Nicotine content: 10 mg\/g <\/span><\/li>\n<li class=\"tw-data-text tw-text-large tw-ta\" dir=\"ltr\" data-placeholder=\"\u00d6vers\u00e4ttning\" data-ved=\"2ahUKEwjWt-6svbOOAxVXAxAIHUGXNLIQ3ewLegQICRAV\" aria-label=\"\u00d6versatt text: Brand: V\u00e5rg\u00e5rda Flavor: Spicy tobacco, juniper and lavender Format: Regular Product type: Snus, white portion Servings per can: 21 Nicotine content: 10 mg\/g Strength: Regular Manufacturer: Nordic Snus\"><span class=\"Y2IQFc\" lang=\"en\">Strength: Regular <\/span><\/li>\n<li class=\"tw-data-text tw-text-large tw-ta\" dir=\"ltr\" data-placeholder=\"\u00d6vers\u00e4ttning\" data-ved=\"2ahUKEwjWt-6svbOOAxVXAxAIHUGXNLIQ3ewLegQICRAV\" aria-label=\"\u00d6versatt text: Brand: V\u00e5rg\u00e5rda Flavor: Spicy tobacco, juniper and lavender Format: Regular Product type: Snus, white portion Servings per can: 21 Nicotine content: 10 mg\/g Strength: Regular Manufacturer: Nordic Snus\"><span class=\"Y2IQFc\" lang=\"en\">Manufacturer: Nordic Snus<\/span><\/li>\n<\/ul>\n<p>V\u00e5rg\u00e5rda Skog is one of the first products launched by V\u00e5rg\u00e5rda and is available in a stronger variant \u2013 V\u00e5rg\u00e5rda Skog Stark. The base for all V\u00e5rg\u00e5rda products is a light and spicy tobacco character with hints of different flavors such as juniper, red and ripe berries, lingonberries and plums.<\/p>\n<p id=\"tw-target-text\" class=\"tw-data-text tw-text-large tw-ta\" dir=\"ltr\" data-placeholder=\"\u00d6vers\u00e4ttning\" data-ved=\"2ahUKEwjWt-6svbOOAxVXAxAIHUGXNLIQ3ewLegQICRAV\" aria-label=\"\u00d6versatt text: V\u00e5rg\u00e5rda Skog is a portion snus with a strength that is classified as normal. The product contains 10 milligrams of nicotine per gram. The white, perforated portion bags provide less runniness than traditional loose snus.\"><span class=\"Y2IQFc\" lang=\"en\">V\u00e5rg\u00e5rda Skog is a portion snus with a strength that is classified as normal. The product contains 10 milligrams of nicotine per gram. The white, perforated portion bags provide less runniness than traditional loose snus.<\/span><\/p>\n<p id=\"tw-target-text\" class=\"tw-data-text tw-text-large tw-ta\" dir=\"ltr\" data-placeholder=\"\u00d6vers\u00e4ttning\" data-ved=\"2ahUKEwjWt-6svbOOAxVXAxAIHUGXNLIQ3ewLegQICRAV\" aria-label=\"\u00d6versatt text: The V\u00e5rg\u00e5rda brand is a Swedish-made brand with a range of snus containing aromas from herbs, berries and flowers. All flavors have a normal strength and V\u00e5rg\u00e5rda Skog has a nicotine strength of 10 mg\/g.\"><span class=\"Y2IQFc\" lang=\"en\">The V\u00e5rg\u00e5rda brand is a Swedish-made brand with a range of snus containing aromas from herbs, berries and flowers. All flavors have a normal strength and V\u00e5rg\u00e5rda Skog has a nicotine strength of 10 mg\/g.<\/span><\/p>","protected":false},"excerpt":{"rendered":"<p><strong>V\u00e5rg\u00e5rda Skog White Portion snus<\/strong><\/p>\n<p id=\"tw-target-text\" class=\"tw-data-text tw-text-large tw-ta\" dir=\"ltr\" data-placeholder=\"\u00d6vers\u00e4ttning\" data-ved=\"2ahUKEwjWt-6svbOOAxVXAxAIHUGXNLIQ3ewLegQICRAV\" aria-label=\"\u00d6versatt text: The V\u00e5rg\u00e5rda Skog White Portion portion snus is a tobacco product with a flavor of spicy tobacco, juniper and lavender from the Swedish manufacturer Nordic Snus. V\u00e5rg\u00e5rda is a series of snus in several different flavors and strengths. This white portion snus has a normal strength.\"><span class=\"Y2IQFc\" lang=\"en\">The V\u00e5rg\u00e5rda Skog White Portion snus is a tobacco product with a flavor of spicy tobacco, juniper and lavender from the Swedish manufacturer Nordic Snus. V\u00e5rg\u00e5rda is a series of snus in several different flavors and strengths. This white portion snus has a normal strength.<\/span><\/p>","protected":false},"featured_media":1000231,"comment_status":"closed","ping_status":"closed","template":"","meta":[],"product_brand":[1281],"product_cat":[103,201],"product_tag":[250,251,228,245],"class_list":{"0":"post-1000173","1":"product","2":"type-product","3":"status-publish","4":"has-post-thumbnail","6":"product_brand-vargarda","7":"product_cat-news","8":"product_cat-original-portion-pouches","9":"product_tag-vargarda-nus-united-states","10":"product_tag-vargarda-skog-white-portion-snus","11":"product_tag-vargarda-snus-in-the-us","12":"product_tag-vargarda-snus-in-the-usa","14":"first","15":"instock","16":"shipping-taxable","17":"purchasable","18":"product-type-simple"},"_links":{"self":[{"href":"https:\/\/nicopouche.com\/lv\/wp-json\/wp\/v2\/product\/1000173","targetHints":{"allow":["GET"]}}],"collection":[{"href":"https:\/\/nicopouche.com\/lv\/wp-json\/wp\/v2\/product"}],"about":[{"href":"https:\/\/nicopouche.com\/lv\/wp-json\/wp\/v2\/types\/product"}],"replies":[{"embeddable":true,"href":"https:\/\/nicopouche.com\/lv\/wp-json\/wp\/v2\/comments?post=1000173"}],"version-history":[{"count":1,"href":"https:\/\/nicopouche.com\/lv\/wp-json\/wp\/v2\/product\/1000173\/revisions"}],"predecessor-version":[{"id":1002887,"href":"https:\/\/nicopouche.com\/lv\/wp-json\/wp\/v2\/product\/1000173\/revisions\/1002887"}],"wp:featuredmedia":[{"embeddable":true,"href":"https:\/\/nicopouche.com\/lv\/wp-json\/wp\/v2\/media\/1000231"}],"wp:attachment":[{"href":"https:\/\/nicopouche.com\/lv\/wp-json\/wp\/v2\/media?parent=1000173"}],"wp:term":[{"taxonomy":"product_brand","embeddable":true,"href":"https:\/\/nicopouche.com\/lv\/wp-json\/wp\/v2\/product_brand?post=1000173"},{"taxonomy":"product_cat","embeddable":true,"href":"https:\/\/nicopouche.com\/lv\/wp-json\/wp\/v2\/product_cat?post=1000173"},{"taxonomy":"product_tag","embeddable":true,"href":"https:\/\/nicopouche.com\/lv\/wp-json\/wp\/v2\/product_tag?post=1000173"}],"curies":[{"name":"wp","href":"https:\/\/api.w.org\/{rel}","templated":true}]}}