{"id":1002336,"date":"2025-12-02T12:33:47","date_gmt":"2025-12-02T12:33:47","guid":{"rendered":"https:\/\/nicopouche.com\/?page_id=1002336"},"modified":"2025-12-03T11:20:49","modified_gmt":"2025-12-03T11:20:49","slug":"mokejimo-budai","status":"publish","type":"page","link":"https:\/\/nicopouche.com\/lt\/mokejimo-budai\/","title":{"rendered":"Mok\u0117jimo b\u016bdai"},"content":{"rendered":"<h1 class=\"wp-block-heading\"><strong>Mok\u0117jimo b\u016bdai - Nicopouche.com<\/strong><\/h1>\n\n\n\n<p>Mok\u0117jimas u\u017e <strong>auk\u0161\u010diausios kokyb\u0117s \u0161vedi\u0161ki nikotino mai\u0161eliai<\/strong> dar niekada nebuvo taip paprasta. Si\u016blome <strong>saugios, greitos ir patogios mok\u0117jimo galimyb\u0117s.<\/strong> kad gal\u0117tum\u0117te susitelkti \u012f u\u017esakymo malonum\u0105.<\/p>\n\n\n\n<h2 class=\"wp-block-heading\"><strong>Galimi mok\u0117jimo b\u016bdai<\/strong><\/h2>\n\n\n\n<figure class=\"wp-block-table\"><table class=\"has-fixed-layout\"><thead><tr><th>Mok\u0117jimo b\u016bdas<\/th><th>Ikona<\/th><th>I\u0161sami informacija<\/th><\/tr><\/thead><tbody><tr><td><strong>Kredito ir debeto kortel\u0117s<\/strong><\/td><td>\ud83d\udcb3<\/td><td>\"Visa\", \"Mastercard\", \"American Express\". Greitai ir saugiai. Palaikomas \"3D Secure\" patikrinimas (\"Verified by Visa\" \/ \"Mastercard Secure Code\").<\/td><\/tr><tr><td><strong>\"Apple Pay<\/strong><\/td><td>\ud83c\udf4e<\/td><td>Greitas atsiskaitymas naudojant \"Apple\" \u012frenginius.<\/td><\/tr><tr><td><strong>\"Google Pay<\/strong><\/td><td>\ud83e\udd16<\/td><td>Skland\u016bs mok\u0117jimai \"Android\" naudotojams.<\/td><\/tr><tr><td><strong>Bancontact<\/strong><\/td><td>\ud83c\udde7\ud83c\uddea<\/td><td>Patikimas Belgijos mok\u0117jimo b\u016bdas klientams Belgijoje.<\/td><\/tr><tr><td><strong>Internetin\u0117 bankininkyst\u0117 \/ Sofort Banking<\/strong><\/td><td>\ud83c\udfe6<\/td><td>Tiesioginis banko pavedimas per internetin\u0119 bankininkyst\u0119. Saugu ir paprasta.<\/td><\/tr><tr><td><strong>Kriptovaliuta (Bitcoin ir kt.)<\/strong><\/td><td>\u20bf<\/td><td>Mok\u0117kite kriptovaliutomis ir <strong>gauti 10% nuolaid\u0105<\/strong> akimirksniu j\u016bs\u0173 u\u017esakymui.<\/td><\/tr><tr><td><strong>Spustel\u0117kite nor\u0117dami mok\u0117ti<\/strong><\/td><td>\u26a1<\/td><td>Saugiai i\u0161saugokite mok\u0117jimo duomenis, kad ateityje gal\u0117tum\u0117te grei\u010diau atsiskaityti.<\/td><\/tr><\/tbody><\/table><\/figure>\n\n\n\n<blockquote class=\"wp-block-quote is-layout-flow wp-block-quote-is-layout-flow\">\n<p><strong>Patarimas:<\/strong> Pasirink\u0119 cryptocurrency suteikia jums <strong>10% nuolaida<\/strong> j\u016bs\u0173 u\u017esakymui!<\/p>\n<\/blockquote>\n\n\n\n<h2 class=\"wp-block-heading\"><strong>Saugus apsipirkimas Nicopouche.com<\/strong><\/h2>\n\n\n\n<ul class=\"wp-block-list\">\n<li><strong>Visi\u0161kai u\u017e\u0161ifruoti sandoriai<\/strong> visiems mok\u0117jimams<\/li>\n\n\n\n<li><strong>Kredito korteli\u0173 informacijos saugojimo nebuvimas<\/strong> m\u016bs\u0173 svetain\u0117je<\/li>\n\n\n\n<li>Apsauga nuo suk\u010diavimo <strong>\"3D Secure\" patikra<\/strong> kredito kortel\u0117ms<\/li>\n\n\n\n<li>Kriptovaliut\u0173 sandori\u0173 ramyb\u0117<\/li>\n<\/ul>\n\n\n\n<h2 class=\"wp-block-heading\"><strong>Banko pavedim\u0173 mok\u0117jimai<\/strong><\/h2>\n\n\n\n<ul class=\"wp-block-list\">\n<li>Naudokite <strong>IBAN ir SWIFT<\/strong> pervesti l\u0117\u0161as eurais (EUR).<\/li>\n\n\n\n<li>Mok\u0117jimo instrukcijos siun\u010diamos el. pa\u0161tu pateikus u\u017esakym\u0105.<\/li>\n\n\n\n<li>U\u017esakymai apdorojami <strong>gavus mok\u0117jim\u0105<\/strong>, paprastai per 1-2 banko dienas.<\/li>\n\n\n\n<li><strong>Svarbu:<\/strong> Kad i\u0161vengtum\u0117te v\u0117lavimo, atlikite visus veiksmus m\u016bs\u0173 svetain\u0117je po apmok\u0117jimo.<\/li>\n<\/ul>\n\n\n\n<h2 class=\"wp-block-heading\"><strong>Kod\u0117l verta rinktis Nicopouche.com mok\u0117jimams?<\/strong><\/h2>\n\n\n\n<ul class=\"wp-block-list\">\n<li>Keli <strong>saugios mok\u0117jimo galimyb\u0117s<\/strong><\/li>\n\n\n\n<li><strong>U\u017e\u0161ifruoti sandoriai<\/strong> d\u0117l saugumo<\/li>\n\n\n\n<li><strong>Greitas u\u017esakym\u0173 apdorojimas<\/strong> kai mok\u0117jimas bus patvirtintas.<\/li>\n\n\n\n<li><strong>10% kriptografin\u0117 nuolaida<\/strong><\/li>\n\n\n\n<li>Sklandi kasos patirtis visame pasaulyje<\/li>\n<\/ul>\n\n\n\n<h2 class=\"wp-block-heading\"><strong>Papildomos pastabos tarptautiniams klientams<\/strong><\/h2>\n\n\n\n<ul class=\"wp-block-list\">\n<li><strong>Kriptovaliut\u0173 mok\u0117jimai:<\/strong> Patvirtinta i\u0161 karto; nuolaida taikoma automati\u0161kai<\/li>\n\n\n\n<li><strong>Kredito kortel\u0117s:<\/strong> Gali prireikti banko patikrinimo<\/li>\n\n\n\n<li><strong>Banko pavedimas:<\/strong> U\u017esakymai apdorojami po patvirtinimo<\/li>\n\n\n\n<li><strong>Paspauskite nor\u0117dami mok\u0117ti:<\/strong> Idealiai tinka gr\u012f\u017etantiems klientams<\/li>\n<\/ul>\n\n\n\n<p>Dr\u0105siai apsipirkite <strong>Nicopouche.com<\/strong> - patikima paskirties vieta <strong>auk\u0161\u010diausios kokyb\u0117s \u0161vedi\u0161ki nikotino mai\u0161eliai<\/strong>.<\/p>","protected":false},"excerpt":{"rendered":"<p>Payment Methods \u2013 Nicopouche.com Paying for your premium Swedish Nicotine Pouches has never been easier. We offer secure, fast, and<\/p>","protected":false},"author":1,"featured_media":0,"parent":0,"menu_order":0,"comment_status":"closed","ping_status":"closed","template":"","meta":{"footnotes":""},"class_list":["post-1002336","page","type-page","status-publish","hentry"],"_links":{"self":[{"href":"https:\/\/nicopouche.com\/lt\/wp-json\/wp\/v2\/pages\/1002336","targetHints":{"allow":["GET"]}}],"collection":[{"href":"https:\/\/nicopouche.com\/lt\/wp-json\/wp\/v2\/pages"}],"about":[{"href":"https:\/\/nicopouche.com\/lt\/wp-json\/wp\/v2\/types\/page"}],"author":[{"embeddable":true,"href":"https:\/\/nicopouche.com\/lt\/wp-json\/wp\/v2\/users\/1"}],"replies":[{"embeddable":true,"href":"https:\/\/nicopouche.com\/lt\/wp-json\/wp\/v2\/comments?post=1002336"}],"version-history":[{"count":1,"href":"https:\/\/nicopouche.com\/lt\/wp-json\/wp\/v2\/pages\/1002336\/revisions"}],"predecessor-version":[{"id":1002337,"href":"https:\/\/nicopouche.com\/lt\/wp-json\/wp\/v2\/pages\/1002336\/revisions\/1002337"}],"wp:attachment":[{"href":"https:\/\/nicopouche.com\/lt\/wp-json\/wp\/v2\/media?parent=1002336"}],"curies":[{"name":"wp","href":"https:\/\/api.w.org\/{rel}","templated":true}]}}