{"id":1000172,"date":"2025-11-28T08:59:22","date_gmt":"2025-11-28T08:59:22","guid":{"rendered":"https:\/\/nicopouche.com\/?post_type=product&#038;p=1000172"},"modified":"2026-01-17T18:41:08","modified_gmt":"2026-01-17T18:41:08","slug":"vargarda-barstig-white-portion-snus","status":"publish","type":"product","link":"https:\/\/nicopouche.com\/ja\/catalog\/vargarda-barstig-white-portion-snus\/","title":{"rendered":"V\u00e5rg\u00e5rda B\u00e4rstig White Portion snus"},"content":{"rendered":"<p><strong>V\u00e5rg\u00e5rda B\u00e4rstig White Portion snus<\/strong><\/p>\n<h2><strong>About V\u00e5rg\u00e5rda B\u00e4rstig White Portion snus<\/strong><\/h2>\n<p id=\"tw-target-text\" class=\"tw-data-text tw-text-large tw-ta\" dir=\"ltr\" data-placeholder=\"\u00d6vers\u00e4ttning\" data-ved=\"2ahUKEwjWt-6svbOOAxVXAxAIHUGXNLIQ3ewLegQICRAV\" aria-label=\"\u00d6versatt text: V\u00e5rg\u00e5rda B\u00e4rstig White Portion from the V\u00e5rg\u00e5rda brand has flavors of blackcurrant, lingonberry, rosehip, rowanberry and smokiness. The product has a normal strength and was launched September 2024. The format is Normal and each can contains 20 portions of the white portion type.\"><span class=\"Y2IQFc\" lang=\"en\">V\u00e5rg\u00e5rda B\u00e4rstig White Portion from the V\u00e5rg\u00e5rda brand has flavors of blackcurrant, lingonberry, rosehip, rowanberry and smokiness. The product has a normal strength and was launched September 2024. The format is Normal and each can contains 20 portions of the white portion type.<\/span><\/p>\n<p id=\"tw-target-text\" class=\"tw-data-text tw-text-large tw-ta\" dir=\"ltr\" data-placeholder=\"\u00d6vers\u00e4ttning\" data-ved=\"2ahUKEwjWt-6svbOOAxVXAxAIHUGXNLIQ3ewLegQICRAV\" aria-label=\"\u00d6versatt text: V\u00e5rg\u00e5rda B\u00e4rstig Vit Portion is a White Portion product with flavors of blackcurrant, lingonberry, rosehip, rowanberry &#038; smokiness. The product comes in a normal size format and has a normal strength. The nicotine content per portion is 10 mg, and the nicotine content per gram is also 10 mg.\"><span class=\"Y2IQFc\" lang=\"en\">V\u00e5rg\u00e5rda B\u00e4rstig Vit Portion is a White Portion product with flavors of blackcurrant, lingonberry, rosehip, rowanberry &#038; smokiness. The product comes in a normal size format and has a normal strength. The nicotine content per portion is 10 mg, and the nicotine content per gram is also 10 mg.<\/span><\/p>\n<p dir=\"ltr\" data-placeholder=\"\u00d6vers\u00e4ttning\" data-ved=\"2ahUKEwjWt-6svbOOAxVXAxAIHUGXNLIQ3ewLegQICRAV\" aria-label=\"\u00d6versatt text: V\u00e5rg\u00e5rda B\u00e4rstig Vit Portion is a White Portion product with flavors of blackcurrant, lingonberry, rosehip, rowanberry &#038; smokiness. The product comes in a normal size format and has a normal strength. The nicotine content per portion is 10 mg, and the nicotine content per gram is also 10 mg.\"><strong>Facts: V\u00e5rg\u00e5rda B\u00e4rstig White Portion snus<\/strong><\/p>\n<ul>\n<li id=\"tw-target-text\" class=\"tw-data-text tw-text-large tw-ta\" dir=\"ltr\" data-placeholder=\"\u00d6vers\u00e4ttning\" data-ved=\"2ahUKEwjWt-6svbOOAxVXAxAIHUGXNLIQ3ewLegQICRAV\" aria-label=\"\u00d6versatt text: Category: White Portion Taste: Blackcurrant, lingonberry, smokiness, rosehip, rowanberry Strength definition: Normal Manufacturer: Nordic Snus Launched: September 2024 Nicotine content per portion: 10 mg Number of prills per box: 20\"><span class=\"Y2IQFc\" lang=\"en\">Category: White Portion <\/span><\/li>\n<li class=\"tw-data-text tw-text-large tw-ta\" dir=\"ltr\" data-placeholder=\"\u00d6vers\u00e4ttning\" data-ved=\"2ahUKEwjWt-6svbOOAxVXAxAIHUGXNLIQ3ewLegQICRAV\" aria-label=\"\u00d6versatt text: Category: White Portion Taste: Blackcurrant, lingonberry, smokiness, rosehip, rowanberry Strength definition: Normal Manufacturer: Nordic Snus Launched: September 2024 Nicotine content per portion: 10 mg Number of prills per box: 20\"><span class=\"Y2IQFc\" lang=\"en\">Taste: Blackcurrant, lingonberry, smokiness, rosehip, rowanberry <\/span><\/li>\n<li class=\"tw-data-text tw-text-large tw-ta\" dir=\"ltr\" data-placeholder=\"\u00d6vers\u00e4ttning\" data-ved=\"2ahUKEwjWt-6svbOOAxVXAxAIHUGXNLIQ3ewLegQICRAV\" aria-label=\"\u00d6versatt text: Category: White Portion Taste: Blackcurrant, lingonberry, smokiness, rosehip, rowanberry Strength definition: Normal Manufacturer: Nordic Snus Launched: September 2024 Nicotine content per portion: 10 mg Number of prills per box: 20\"><span class=\"Y2IQFc\" lang=\"en\">Strength definition: Normal <\/span><\/li>\n<li class=\"tw-data-text tw-text-large tw-ta\" dir=\"ltr\" data-placeholder=\"\u00d6vers\u00e4ttning\" data-ved=\"2ahUKEwjWt-6svbOOAxVXAxAIHUGXNLIQ3ewLegQICRAV\" aria-label=\"\u00d6versatt text: Category: White Portion Taste: Blackcurrant, lingonberry, smokiness, rosehip, rowanberry Strength definition: Normal Manufacturer: Nordic Snus Launched: September 2024 Nicotine content per portion: 10 mg Number of prills per box: 20\"><span class=\"Y2IQFc\" lang=\"en\">Manufacturer: Nordic Snus <\/span><\/li>\n<li class=\"tw-data-text tw-text-large tw-ta\" dir=\"ltr\" data-placeholder=\"\u00d6vers\u00e4ttning\" data-ved=\"2ahUKEwjWt-6svbOOAxVXAxAIHUGXNLIQ3ewLegQICRAV\" aria-label=\"\u00d6versatt text: Category: White Portion Taste: Blackcurrant, lingonberry, smokiness, rosehip, rowanberry Strength definition: Normal Manufacturer: Nordic Snus Launched: September 2024 Nicotine content per portion: 10 mg Number of prills per box: 20\"><span class=\"Y2IQFc\" lang=\"en\">Launched: September 2024 <\/span><\/li>\n<li class=\"tw-data-text tw-text-large tw-ta\" dir=\"ltr\" data-placeholder=\"\u00d6vers\u00e4ttning\" data-ved=\"2ahUKEwjWt-6svbOOAxVXAxAIHUGXNLIQ3ewLegQICRAV\" aria-label=\"\u00d6versatt text: Category: White Portion Taste: Blackcurrant, lingonberry, smokiness, rosehip, rowanberry Strength definition: Normal Manufacturer: Nordic Snus Launched: September 2024 Nicotine content per portion: 10 mg Number of prills per box: 20\"><span class=\"Y2IQFc\" lang=\"en\">Nicotine content per portion: 10 mg <\/span><\/li>\n<li class=\"tw-data-text tw-text-large tw-ta\" dir=\"ltr\" data-placeholder=\"\u00d6vers\u00e4ttning\" data-ved=\"2ahUKEwjWt-6svbOOAxVXAxAIHUGXNLIQ3ewLegQICRAV\" aria-label=\"\u00d6versatt text: Category: White Portion Taste: Blackcurrant, lingonberry, smokiness, rosehip, rowanberry Strength definition: Normal Manufacturer: Nordic Snus Launched: September 2024 Nicotine content per portion: 10 mg Number of prills per box: 20\"><span class=\"Y2IQFc\" lang=\"en\">Number of pouches per box: 20<\/span><\/li>\n<\/ul>","protected":false},"excerpt":{"rendered":"<p><strong>V\u00e5rg\u00e5rda B\u00e4rstig White Portion snus<\/strong><\/p>\n<p id=\"tw-target-text\" class=\"tw-data-text tw-text-large tw-ta\" dir=\"ltr\" data-placeholder=\"\u00d6vers\u00e4ttning\" data-ved=\"2ahUKEwjWt-6svbOOAxVXAxAIHUGXNLIQ3ewLegQICRAV\" aria-label=\"\u00d6versatt text: V\u00e5rg\u00e5rda B\u00e4rstig White Portion from the V\u00e5rg\u00e5rda brand has flavors of blackcurrant, lingonberry, rosehip, rowanberry and smokiness. The product has a normal strength and was launched September 2024. The format is Normal and each can contains 20 portions of the white portion type.\"><span class=\"Y2IQFc\" lang=\"en\">V\u00e5rg\u00e5rda B\u00e4rstig White Portion from the V\u00e5rg\u00e5rda brand has flavors of blackcurrant, lingonberry, rosehip, rowanberry and smokiness. The product has a normal strength and was launched September 2024. The format is Normal and each can contains 20 portions of the white portion type.<\/span><\/p>","protected":false},"featured_media":1000230,"comment_status":"closed","ping_status":"closed","template":"","meta":[],"product_brand":[1281],"product_cat":[103,201],"product_tag":[249,228,245,247],"class_list":{"0":"post-1000172","1":"product","2":"type-product","3":"status-publish","4":"has-post-thumbnail","6":"product_brand-vargarda","7":"product_cat-news","8":"product_cat-original-portion-pouches","9":"product_tag-vargarda-barstig-white-portion-snus","10":"product_tag-vargarda-snus-in-the-us","11":"product_tag-vargarda-snus-in-the-usa","12":"product_tag-vargarda-snus-united-states","14":"first","15":"instock","16":"shipping-taxable","17":"purchasable","18":"product-type-simple"},"_links":{"self":[{"href":"https:\/\/nicopouche.com\/ja\/wp-json\/wp\/v2\/product\/1000172","targetHints":{"allow":["GET"]}}],"collection":[{"href":"https:\/\/nicopouche.com\/ja\/wp-json\/wp\/v2\/product"}],"about":[{"href":"https:\/\/nicopouche.com\/ja\/wp-json\/wp\/v2\/types\/product"}],"replies":[{"embeddable":true,"href":"https:\/\/nicopouche.com\/ja\/wp-json\/wp\/v2\/comments?post=1000172"}],"version-history":[{"count":1,"href":"https:\/\/nicopouche.com\/ja\/wp-json\/wp\/v2\/product\/1000172\/revisions"}],"predecessor-version":[{"id":1002888,"href":"https:\/\/nicopouche.com\/ja\/wp-json\/wp\/v2\/product\/1000172\/revisions\/1002888"}],"wp:featuredmedia":[{"embeddable":true,"href":"https:\/\/nicopouche.com\/ja\/wp-json\/wp\/v2\/media\/1000230"}],"wp:attachment":[{"href":"https:\/\/nicopouche.com\/ja\/wp-json\/wp\/v2\/media?parent=1000172"}],"wp:term":[{"taxonomy":"product_brand","embeddable":true,"href":"https:\/\/nicopouche.com\/ja\/wp-json\/wp\/v2\/product_brand?post=1000172"},{"taxonomy":"product_cat","embeddable":true,"href":"https:\/\/nicopouche.com\/ja\/wp-json\/wp\/v2\/product_cat?post=1000172"},{"taxonomy":"product_tag","embeddable":true,"href":"https:\/\/nicopouche.com\/ja\/wp-json\/wp\/v2\/product_tag?post=1000172"}],"curies":[{"name":"wp","href":"https:\/\/api.w.org\/{rel}","templated":true}]}}