{"id":1000037,"date":"2025-11-28T08:57:46","date_gmt":"2025-11-28T08:57:46","guid":{"rendered":"https:\/\/nicopouche.com\/?post_type=product&#038;p=1000037"},"modified":"2026-01-17T18:44:24","modified_gmt":"2026-01-17T18:44:24","slug":"goteborgs-rape-slim-white","status":"publish","type":"product","link":"https:\/\/nicopouche.com\/ja\/catalog\/goteborgs-rape-slim-white\/","title":{"rendered":"G\u00f6teborgs Rap\u00e9 Slim White"},"content":{"rendered":"<p class=\"product-detail__name\"><strong>G\u00f6teborgs Rap\u00e9 Slim White<\/strong><\/p>\n<h2 class=\"product-detail__name\"><strong>About G\u00f6teborgs Rap\u00e9 Slim White<\/strong><\/h2>\n<p id=\"tw-target-text\" class=\"tw-data-text tw-text-large tw-ta\" dir=\"ltr\" role=\"text\" data-placeholder=\"\u00d6vers\u00e4ttning\" data-ved=\"2ahUKEwiF9LCTlJCRAxVbJxAIHbdJFboQ3ewLegQIDBAV\" aria-label=\"\u00d6versatt text: lim White is a white portion snus with hints of lavender and juniper, as well as notes of wood and citrus. The snus comes in long, narrow, white portions whose surface is dry, which gives it a low runnability.  The snus has a pH value of 8.7 and a moisture content of 46%. A can weighs 16 g and each portion weighs 0.8 g. There are 20 portions\/prills in each can. XR G\u00f6teborgs Rap\u00e9 Slim White has a shelf life of 140 days from the date of production.\"><span class=\"Y2IQFc\" lang=\"en\">G\u00f6teborgs Rap\u00e9 slim White is a white portion snus with hints of lavender and juniper, as well as notes of wood and citrus. The snus comes in long, narrow, white portions whose surface is dry, which gives it a low runnability. <\/span><\/p>\n<p class=\"tw-data-text tw-text-large tw-ta\" dir=\"ltr\" role=\"text\" data-placeholder=\"\u00d6vers\u00e4ttning\" data-ved=\"2ahUKEwiF9LCTlJCRAxVbJxAIHbdJFboQ3ewLegQIDBAV\" aria-label=\"\u00d6versatt text: lim White is a white portion snus with hints of lavender and juniper, as well as notes of wood and citrus. The snus comes in long, narrow, white portions whose surface is dry, which gives it a low runnability.  The snus has a pH value of 8.7 and a moisture content of 46%. A can weighs 16 g and each portion weighs 0.8 g. There are 20 portions\/prills in each can. XR G\u00f6teborgs Rap\u00e9 Slim White has a shelf life of 140 days from the date of production.\"><span class=\"Y2IQFc\" lang=\"en\">The snus has a pH value of 8.7 and a moisture content of 46%. A can weighs 16 g and each portion weighs 0.8 g. There are 20 portions\/prills in each can. XR G\u00f6teborgs Rap\u00e9 Slim White has a shelf life of 140 days from the date of production.<\/span><\/p>","protected":false},"excerpt":{"rendered":"<p class=\"product-detail__name\"><strong>G\u00f6teborgs Rap\u00e9 Slim White<\/strong><\/p>\n<p id=\"tw-target-text\" class=\"tw-data-text tw-text-large tw-ta\" dir=\"ltr\" role=\"text\" data-placeholder=\"\u00d6vers\u00e4ttning\" data-ved=\"2ahUKEwiF9LCTlJCRAxVbJxAIHbdJFboQ3ewLegQIDBAV\" aria-label=\"\u00d6versatt text: XR G\u00f6teborgs Rap\u00e9 Slim White is a white portion snus with hints of lavender and juniper, as well as notes of wood and citrus. The pills come in slim format and have a nicotine content of 8.5mg\/g nicotine.  NOTE! New name and new design but the same taste!\"><span class=\"Y2IQFc\" lang=\"en\">XR G\u00f6teborgs Rap\u00e9 Slim White is a white portion snus with hints of lavender and juniper, as well as notes of wood and citrus. The pills come in slim format and have a nicotine content of 8.5mg\/g nicotine. <\/span><\/p>\n<p class=\"tw-data-text tw-text-large tw-ta\" dir=\"ltr\" role=\"text\" data-placeholder=\"\u00d6vers\u00e4ttning\" data-ved=\"2ahUKEwiF9LCTlJCRAxVbJxAIHbdJFboQ3ewLegQIDBAV\" aria-label=\"\u00d6versatt text: XR G\u00f6teborgs Rap\u00e9 Slim White is a white portion snus with hints of lavender and juniper, as well as notes of wood and citrus. The pills come in slim format and have a nicotine content of 8.5mg\/g nicotine.  NOTE! New name and new design but the same taste!\"><span class=\"Y2IQFc\" lang=\"en\">NOTE! New name and new design but the same taste!<\/span><\/p>","protected":false},"featured_media":1000067,"comment_status":"closed","ping_status":"closed","template":"","meta":[],"product_brand":[1282],"product_cat":[89],"product_tag":[91],"class_list":{"0":"post-1000037","1":"product","2":"type-product","3":"status-publish","4":"has-post-thumbnail","6":"product_brand-goteborgs","7":"product_cat-portion-snus-slim","8":"product_tag-goteborgs-rape-slim-white","10":"first","11":"instock","12":"shipping-taxable","13":"purchasable","14":"product-type-simple"},"_links":{"self":[{"href":"https:\/\/nicopouche.com\/ja\/wp-json\/wp\/v2\/product\/1000037","targetHints":{"allow":["GET"]}}],"collection":[{"href":"https:\/\/nicopouche.com\/ja\/wp-json\/wp\/v2\/product"}],"about":[{"href":"https:\/\/nicopouche.com\/ja\/wp-json\/wp\/v2\/types\/product"}],"replies":[{"embeddable":true,"href":"https:\/\/nicopouche.com\/ja\/wp-json\/wp\/v2\/comments?post=1000037"}],"version-history":[{"count":1,"href":"https:\/\/nicopouche.com\/ja\/wp-json\/wp\/v2\/product\/1000037\/revisions"}],"predecessor-version":[{"id":1003044,"href":"https:\/\/nicopouche.com\/ja\/wp-json\/wp\/v2\/product\/1000037\/revisions\/1003044"}],"wp:featuredmedia":[{"embeddable":true,"href":"https:\/\/nicopouche.com\/ja\/wp-json\/wp\/v2\/media\/1000067"}],"wp:attachment":[{"href":"https:\/\/nicopouche.com\/ja\/wp-json\/wp\/v2\/media?parent=1000037"}],"wp:term":[{"taxonomy":"product_brand","embeddable":true,"href":"https:\/\/nicopouche.com\/ja\/wp-json\/wp\/v2\/product_brand?post=1000037"},{"taxonomy":"product_cat","embeddable":true,"href":"https:\/\/nicopouche.com\/ja\/wp-json\/wp\/v2\/product_cat?post=1000037"},{"taxonomy":"product_tag","embeddable":true,"href":"https:\/\/nicopouche.com\/ja\/wp-json\/wp\/v2\/product_tag?post=1000037"}],"curies":[{"name":"wp","href":"https:\/\/api.w.org\/{rel}","templated":true}]}}