{"id":1001289,"date":"2025-11-28T09:20:38","date_gmt":"2025-11-28T09:20:38","guid":{"rendered":"https:\/\/nicopouche.com\/?post_type=product&#038;p=1001289"},"modified":"2026-01-17T18:34:11","modified_gmt":"2026-01-17T18:34:11","slug":"kickup-real-white-soft-mint-slim","status":"publish","type":"product","link":"https:\/\/nicopouche.com\/it\/catalogo\/kickup-real-white-soft-mint-slim\/","title":{"rendered":"Kickup Real White Soft Mint Slim"},"content":{"rendered":"<p dir=\"ltr\" data-placeholder=\"\u00d6vers\u00e4ttning\"><span lang=\"en\">Kickup Real White non \u00e8 un tabacco da fiuto. Non contiene n\u00e9 tabacco n\u00e9 nicotina. Kickup ha solo preso in prestito la pratica scatola e il modo efficace per trasportare rapidamente il contenuto nel corpo, cio\u00e8 sotto il labbro. L'unica prilla energetica bianca del mercato Ugualmente bianca, prima, durante e dopo l'uso Fornisce un'impressione di freschezza in pi\u00f9 per voi e per gli altri, ha un buon odore e un buon sapore Sopprime il \u201cdolce risucchio\u201d e solo 1kcal \/ prilla Real White \u00e8 un prodotto energetico che fornisce una dose extra di energia per circa 20 minuti. Quella spinta che ti fa avere una marcia in pi\u00f9! Completamente carico di vitamine, minerali, guaran\u00e0 e ginseng. Inoltre, contiene xilitolo che dona un alito fresco e fa bene alla salute orale. Questa novit\u00e0 di Real White \u00e8 la nostra prima variante con una cosiddetta prill SLIM, il che significa che pu\u00f2 rivolgersi anche a una ragazza, perch\u00e9 \u00e8 pi\u00f9 discreta. Soft Mint Slim ha un sapore rotondo e fresco di menta.<\/span><\/p>\n<p id=\"tw-target-text\" class=\"tw-data-text tw-text-large tw-ta\" dir=\"ltr\" data-placeholder=\"\u00d6vers\u00e4ttning\"><span lang=\"en\">KickUp Real White \u00e8 un tabacco da fiuto senza nicotina che offre l'esperienza di un normale tabacco da fiuto. Tuttavia, al posto del tabacco e della nicotina, contiene sostanze che possono dare una carica di energia! Il gusto \u00e8 quello di un tabacco da fiuto tradizionale, con bergamotto forte e speziato e note di pepe. Sostanze come il guaran\u00e0 e il ginseng, insieme, conferiscono al prodotto un effetto e un gusto pi\u00f9 duraturi. KickUp Strong contiene inoltre livelli pi\u00f9 elevati di guaran\u00e0 e vitamine rispetto alle altre variet\u00e0 di KickUp. Fatti sul prodotto Marca KickUp Tipo di prodotto Porzione originale Forza Senza nicotina Contenuto di nicotina 0 mg \/ g Contenuto \/ confezione 20 g Tipo di Snus, formato senza nicotina Produttore normale BAT. SNUS SENZA TABACCO E NIKOTINA KICKUP STRONG offre il gusto e la sensazione di un normale tabacco da fiuto, con la grande differenza che questo prodotto non contiene n\u00e9 tabacco n\u00e9 nicotina! Prodotto funzionale con vitamine, minerali e caffeina Prodotto sostitutivo perfetto per chi vuole smettere di sniffare STRONG: Pi\u00f9 energia, pi\u00f9 gusto Non deve essere conservato in frigorifero KICKUP - Quando si vuole ottenere di pi\u00f9 dalla vita Al posto del tabacco, KICKUP contiene t\u00e8 nero, vitamine, minerali, ginseng e caffeina. Sostanze benefiche che aiutano a proteggere le cellule del corpo. Il contenuto accuratamente composto regala all'utente una piacevole sensazione. Uno snus senza tabacco e senza nicotina perfetto per chi vuole smettere di fumare e sniffare o semplicemente godere!<\/span><\/p>\n<p dir=\"ltr\" data-placeholder=\"\u00d6vers\u00e4ttning\"><strong><a href=\"https:\/\/nicopouche.com\/it\/?s=kickup&#038;post_type=product\">Acquista Kickup<\/a><\/strong> nel nostro webstore a prezzi bassi e all'avanguardia.<\/p>\n<p dir=\"ltr\" data-placeholder=\"\u00d6vers\u00e4ttning\">Per saperne di pi\u00f9 <strong><a href=\"https:\/\/swedishsnuff.online\" target=\"_blank\" rel=\"noopener\">Kickup snus senza tabacco e nicotina<\/a><\/strong>,<\/p>\n<p id=\"tw-target-text\" class=\"tw-data-text tw-ta tw-text-small\" dir=\"ltr\" data-placeholder=\"\u00d6vers\u00e4ttning\"><span lang=\"en\">Vitamina B8 (Biotina) 944 \u00b5g Vitamina C 472 mg Vitamina B12 15,7 \u00b5g Vitamina B3 (Niacina) 63 mg Vitamina B9 (Acido Folico) 944 \u00b5g Vitamina B2 (Riboflavina) 5,4 mg Vitamina B1 (Tiamina) 3,7 mg Vitamina B6 (Piridossina) 4,1 mg Vitamina B5 (Acido Pantone) 15,7 mg Vitamina E 8,9 mg Zinco 23,6 mg Magnesio 459 mg Selenio 63 \u00b5g Ingredienti: Cellulosa microcristallina (E460), Acqua, Aromi (fumo blu ambiente), Sale, Edulcoranti (Xilitolo, E950), Conservanti (Potassio sorbato), Regolatori di acidit\u00e0 (Sodio carbonato), Vitamina C (Antiossidante), Vitamina B3 (Niacina), Vitamina C (Antiossidante), Vitamina B3 (Niacina), Vitamina B5 (Acido pantotenico) ), Vitamina E (antiossidante), Vitamina B2 (riboflavina), Vitamina B6 (piridossina), Vitamina B1 (tiamina), Vitamina B9 (acido folico), Vitamina B8 (biotina), Vitamina B12, magnesio, zinco, selenio (vitamina B12, magnesio, zinco, selenio), Vitamina B12, magnesio, zinco, selenio (antiossidante), caffeina, ginseng.<\/span><\/p>\n<p>\u00a0<\/p>","protected":false},"excerpt":{"rendered":"<p id=\"tw-target-text\" class=\"tw-data-text tw-ta tw-text-small\" dir=\"ltr\" data-placeholder=\"\u00d6vers\u00e4ttning\"><span lang=\"en\">Real White non \u00e8 un tabacco da fiuto. Non contiene n\u00e9 tabacco n\u00e9 nicotina. Kickup ha solo preso in prestito la pratica scatola e il modo efficace per trasportare rapidamente il contenuto nel corpo, cio\u00e8 sotto il labbro. L'unica prilla energetica bianca del mercato Ugualmente bianca, prima, durante e dopo l'uso Fornisce un'impressione di freschezza in pi\u00f9 per voi e per gli altri, ha un buon odore e un buon sapore Sopprime il \u201cdolce risucchio\u201d e solo 1kcal \/ prilla Real White \u00e8 un prodotto energetico che fornisce una dose extra di energia per circa 20 minuti. Quella spinta che ti fa avere una marcia in pi\u00f9! Completamente carico di vitamine, minerali, guaran\u00e0 e ginseng. Inoltre, contiene xilitolo che dona un alito fresco e fa bene alla salute orale. Questa novit\u00e0 di Real White \u00e8 la nostra prima variante con una cosiddetta prill SLIM, il che significa che pu\u00f2 rivolgersi anche a una ragazza, perch\u00e9 \u00e8 pi\u00f9 discreta. Soft Mint Slim ha un sapore rotondo e fresco di menta.<\/span><\/p>\n<p>\u00a0<\/p>","protected":false},"featured_media":1001319,"comment_status":"closed","ping_status":"closed","template":"","meta":[],"product_brand":[1324],"product_cat":[646],"product_tag":[1066,1067,1068],"class_list":{"0":"post-1001289","1":"product","2":"type-product","3":"status-publish","4":"has-post-thumbnail","6":"product_brand-kickup","7":"product_cat-tobacco-nicotinefree-snus","8":"product_tag-kickup","9":"product_tag-nicotinefree","10":"product_tag-tobaccofree","12":"first","13":"instock","14":"shipping-taxable","15":"purchasable","16":"product-type-simple"},"_links":{"self":[{"href":"https:\/\/nicopouche.com\/it\/wp-json\/wp\/v2\/product\/1001289","targetHints":{"allow":["GET"]}}],"collection":[{"href":"https:\/\/nicopouche.com\/it\/wp-json\/wp\/v2\/product"}],"about":[{"href":"https:\/\/nicopouche.com\/it\/wp-json\/wp\/v2\/types\/product"}],"replies":[{"embeddable":true,"href":"https:\/\/nicopouche.com\/it\/wp-json\/wp\/v2\/comments?post=1001289"}],"version-history":[{"count":1,"href":"https:\/\/nicopouche.com\/it\/wp-json\/wp\/v2\/product\/1001289\/revisions"}],"predecessor-version":[{"id":1002652,"href":"https:\/\/nicopouche.com\/it\/wp-json\/wp\/v2\/product\/1001289\/revisions\/1002652"}],"wp:featuredmedia":[{"embeddable":true,"href":"https:\/\/nicopouche.com\/it\/wp-json\/wp\/v2\/media\/1001319"}],"wp:attachment":[{"href":"https:\/\/nicopouche.com\/it\/wp-json\/wp\/v2\/media?parent=1001289"}],"wp:term":[{"taxonomy":"product_brand","embeddable":true,"href":"https:\/\/nicopouche.com\/it\/wp-json\/wp\/v2\/product_brand?post=1001289"},{"taxonomy":"product_cat","embeddable":true,"href":"https:\/\/nicopouche.com\/it\/wp-json\/wp\/v2\/product_cat?post=1001289"},{"taxonomy":"product_tag","embeddable":true,"href":"https:\/\/nicopouche.com\/it\/wp-json\/wp\/v2\/product_tag?post=1001289"}],"curies":[{"name":"wp","href":"https:\/\/api.w.org\/{rel}","templated":true}]}}