{"id":1000792,"date":"2025-11-28T09:15:16","date_gmt":"2025-11-28T09:15:16","guid":{"rendered":"https:\/\/nicopouche.com\/?post_type=product&#038;p=1000792"},"modified":"2026-01-17T18:38:59","modified_gmt":"2026-01-17T18:38:59","slug":"xrange-goteborgs-rape-slim-white","status":"publish","type":"product","link":"https:\/\/nicopouche.com\/it\/catalogo\/xrange-goteborgs-rape-slim-white\/","title":{"rendered":"XRANGE G\u00f6teborgs Rap\u00e9 Slim White"},"content":{"rendered":"<p>XRANGE G\u00f6teborgs Rap\u00e9 White. Get the best of two worlds with XR G\u00f6teborgs Rap\u00e9 Slim White Portion. The classic taste of mild tobacco with notes of juniper and lavendel.<\/p>\n<p><span lang=\"en\">XR Gothenburg Rap\u00e9 Strong is sniffed with the classic Gothenburg Rap\u00e9 flavor from 1919, but in a more discreet format and which tastes longer, runs less and with extra strength. Strong mugs in slim white format. The taste is the same as XR Gothenburg\u2019s Rap\u00e9 and has a light and spicy tobacco character with clear elements of lavender and juniper, as well as slightly wood and citrus.<\/span><\/p>\n<p>XRANGE (XR) is a snus series based on Swedish Match\u2019s most famous brands and flavors. What distinguishes the XR is the slim size, which tastes longer and runs less compared to our usual pills. XRANGE G\u00f6teborgs Rap\u00e9 White.<\/p>\n<p id=\"tw-target-text\" class=\"tw-data-text tw-text-large tw-ta\" dir=\"ltr\" data-placeholder=\"\u00d6vers\u00e4ttning\"><span lang=\"en\">KNOWN TASTE IN A TIMER PRILLA You probably recognize the flavors in the XR series. It consists of variations on some of our most used flavors. Whether it is General\u2019s spicy tobacco character with hints of bergamot, or the juniper and lavender tones in Gothenburg\u2019s Rap\u00e9, the basic character is there. What distinguishes the XR series is the mucous membrane. It is slightly narrower than Swedish Match\u2019s regular portions, for an optimized fit under the lip. Thanks to new technology, the snus also tastes longer, while the portion runs less compared to our other portion products. SLIM LARGE An elongated format for an optimized fit under the lip LONG LASTING Servings with longer taste delivery and a smoother taste compared to other larg products from Swedish Match MINIMAL DRIP Portions with lower purity compared to other larg products from Swedish Match. This is one of the most popular swedish portion pouches in Sweden as well as the Nordics.<\/span><\/p>\n<p dir=\"ltr\" data-placeholder=\"\u00d6vers\u00e4ttning\"><a href=\"https:\/\/swedishproducts.online\" target=\"_blank\" rel=\"noopener\">XRANGE<\/a><\/p>\n<p dir=\"ltr\" data-placeholder=\"\u00d6vers\u00e4ttning\"><a href=\"https:\/\/swedishproducts.online\" target=\"_blank\" rel=\"noopener\">Buy XR<\/a><\/p>\n<p dir=\"ltr\" data-placeholder=\"\u00d6vers\u00e4ttning\"><a href=\"https:\/\/swedishproducts.online\" target=\"_blank\" rel=\"noopener\">SMOKELESS TOBACCO<\/a><\/p>\n<p dir=\"ltr\" data-placeholder=\"\u00d6vers\u00e4ttning\"><a href=\"http:\/\/snubie.com\" target=\"_blank\" rel=\"noopener\">SNUS REVIEW<\/a><\/p>\n<p dir=\"ltr\" data-placeholder=\"\u00d6vers\u00e4ttning\"><a href=\"https:\/\/swedishsnuff.online\" target=\"_blank\" rel=\"noopener\">G\u00d6TEBORGS RAP\u00c9<\/a><\/p>\n<p>\u00a0<\/p>","protected":false},"excerpt":{"rendered":"<div>A mellow tobacco taste with distinct notes of lavender and juniper, along with hints of oak and citrus.<\/div>\n<div><\/div>\n<div>G\u00f6teborgs Rap\u00e9 Slim White has a long and narrow pouch for an optimized fit under the lip. Dry on the surface to prevent dripping, and with an extensive release of flavor.<\/div>","protected":false},"featured_media":1000823,"comment_status":"closed","ping_status":"closed","template":"","meta":[],"product_brand":[1297],"product_cat":[200],"product_tag":[260,261,262,263,264,265,266,267,741,349,114,294,295,296,350,297,298,299,742,300],"class_list":{"0":"post-1000792","1":"product","2":"type-product","3":"status-publish","4":"has-post-thumbnail","6":"product_brand-xr","7":"product_cat-white-snus","8":"product_tag-buy-snus-online","9":"product_tag-buy-swedish-snuff","10":"product_tag-buycheapsnus","11":"product_tag-buysnus","12":"product_tag-buysnuscheap","13":"product_tag-buysnusonline","14":"product_tag-camel-snus","15":"product_tag-camel-snus-flavours","16":"product_tag-goteborgs-rape","17":"product_tag-smokeless-tobacco","18":"product_tag-snus","19":"product_tag-svenskt-snus","20":"product_tag-swedishproductsonline","21":"product_tag-swedishsnuff","22":"product_tag-us-smokeless-tobacco","23":"product_tag-where-to-buy-general","24":"product_tag-where-to-buy-marlboro-snus","25":"product_tag-where-to-buy-snus","26":"product_tag-xr","27":"product_tag-xrange","29":"first","30":"instock","31":"shipping-taxable","32":"purchasable","33":"product-type-simple"},"_links":{"self":[{"href":"https:\/\/nicopouche.com\/it\/wp-json\/wp\/v2\/product\/1000792","targetHints":{"allow":["GET"]}}],"collection":[{"href":"https:\/\/nicopouche.com\/it\/wp-json\/wp\/v2\/product"}],"about":[{"href":"https:\/\/nicopouche.com\/it\/wp-json\/wp\/v2\/types\/product"}],"replies":[{"embeddable":true,"href":"https:\/\/nicopouche.com\/it\/wp-json\/wp\/v2\/comments?post=1000792"}],"version-history":[{"count":1,"href":"https:\/\/nicopouche.com\/it\/wp-json\/wp\/v2\/product\/1000792\/revisions"}],"predecessor-version":[{"id":1002709,"href":"https:\/\/nicopouche.com\/it\/wp-json\/wp\/v2\/product\/1000792\/revisions\/1002709"}],"wp:featuredmedia":[{"embeddable":true,"href":"https:\/\/nicopouche.com\/it\/wp-json\/wp\/v2\/media\/1000823"}],"wp:attachment":[{"href":"https:\/\/nicopouche.com\/it\/wp-json\/wp\/v2\/media?parent=1000792"}],"wp:term":[{"taxonomy":"product_brand","embeddable":true,"href":"https:\/\/nicopouche.com\/it\/wp-json\/wp\/v2\/product_brand?post=1000792"},{"taxonomy":"product_cat","embeddable":true,"href":"https:\/\/nicopouche.com\/it\/wp-json\/wp\/v2\/product_cat?post=1000792"},{"taxonomy":"product_tag","embeddable":true,"href":"https:\/\/nicopouche.com\/it\/wp-json\/wp\/v2\/product_tag?post=1000792"}],"curies":[{"name":"wp","href":"https:\/\/api.w.org\/{rel}","templated":true}]}}