{"id":1000170,"date":"2025-11-28T08:59:22","date_gmt":"2025-11-28T08:59:22","guid":{"rendered":"https:\/\/nicopouche.com\/?post_type=product&#038;p=1000170"},"modified":"2026-01-17T18:41:08","modified_gmt":"2026-01-17T18:41:08","slug":"vargarda-bar-strong-white-portion-snus","status":"publish","type":"product","link":"https:\/\/nicopouche.com\/it\/catalogo\/vargarda-bar-strong-white-portion-snus\/","title":{"rendered":"V\u00e5rg\u00e5rda B\u00e4r Strong White Portion snus"},"content":{"rendered":"<p><strong>V\u00e5rg\u00e5rda B\u00e4r Strong White Portion snus Vargarda Snus<\/strong><\/p>\n<h2><strong>About V\u00e5rg\u00e5rda B\u00e4r Strong White Portion snus<\/strong><\/h2>\n<p>V\u00e5rg\u00e5rda B\u00e4r Stark has a spicy tobacco character combined with the taste of red forest berries and a hint of elderberry. The sachets are large and weigh one gram each. There are 20 sachets in a box. The product is sold both as single boxes and in packs. The lid of the box has a storage space where used capsules can be discarded.<\/p>\n<p><strong>Facts: Vargarda snus, V\u00e5rg\u00e5rda B\u00e4r Strong White Portion snus<\/strong><\/p>\n<ul>\n<li id=\"tw-target-text\" class=\"tw-data-text tw-text-large tw-ta\" dir=\"ltr\" data-placeholder=\"\u00d6vers\u00e4ttning\" data-ved=\"2ahUKEwjWt-6svbOOAxVXAxAIHUGXNLIQ3ewLegQICRAV\" aria-label=\"\u00d6versatt text: Brand: V\u00e5rg\u00e5rda Manufacturer: Nordic Snus Flavor: Spicy tobacco, red berries, elderberry Format: Large Product type: White Portion Number of servings per box: 20 pieces Nicotine content: 14 mg\/g Strength: Strong\"><span class=\"Y2IQFc\" lang=\"en\">Brand: V\u00e5rg\u00e5rda <\/span><\/li>\n<li class=\"tw-data-text tw-text-large tw-ta\" dir=\"ltr\" data-placeholder=\"\u00d6vers\u00e4ttning\" data-ved=\"2ahUKEwjWt-6svbOOAxVXAxAIHUGXNLIQ3ewLegQICRAV\" aria-label=\"\u00d6versatt text: Brand: V\u00e5rg\u00e5rda Manufacturer: Nordic Snus Flavor: Spicy tobacco, red berries, elderberry Format: Large Product type: White Portion Number of servings per box: 20 pieces Nicotine content: 14 mg\/g Strength: Strong\"><span class=\"Y2IQFc\" lang=\"en\">Manufacturer: Nordic Snus <\/span><\/li>\n<li class=\"tw-data-text tw-text-large tw-ta\" dir=\"ltr\" data-placeholder=\"\u00d6vers\u00e4ttning\" data-ved=\"2ahUKEwjWt-6svbOOAxVXAxAIHUGXNLIQ3ewLegQICRAV\" aria-label=\"\u00d6versatt text: Brand: V\u00e5rg\u00e5rda Manufacturer: Nordic Snus Flavor: Spicy tobacco, red berries, elderberry Format: Large Product type: White Portion Number of servings per box: 20 pieces Nicotine content: 14 mg\/g Strength: Strong\"><span class=\"Y2IQFc\" lang=\"en\">Flavor: Spicy tobacco, red berries, elderberry <\/span><\/li>\n<li class=\"tw-data-text tw-text-large tw-ta\" dir=\"ltr\" data-placeholder=\"\u00d6vers\u00e4ttning\" data-ved=\"2ahUKEwjWt-6svbOOAxVXAxAIHUGXNLIQ3ewLegQICRAV\" aria-label=\"\u00d6versatt text: Brand: V\u00e5rg\u00e5rda Manufacturer: Nordic Snus Flavor: Spicy tobacco, red berries, elderberry Format: Large Product type: White Portion Number of servings per box: 20 pieces Nicotine content: 14 mg\/g Strength: Strong\"><span class=\"Y2IQFc\" lang=\"en\">Format: Large <\/span><\/li>\n<li class=\"tw-data-text tw-text-large tw-ta\" dir=\"ltr\" data-placeholder=\"\u00d6vers\u00e4ttning\" data-ved=\"2ahUKEwjWt-6svbOOAxVXAxAIHUGXNLIQ3ewLegQICRAV\" aria-label=\"\u00d6versatt text: Brand: V\u00e5rg\u00e5rda Manufacturer: Nordic Snus Flavor: Spicy tobacco, red berries, elderberry Format: Large Product type: White Portion Number of servings per box: 20 pieces Nicotine content: 14 mg\/g Strength: Strong\"><span class=\"Y2IQFc\" lang=\"en\">Product type: White Portion <\/span><\/li>\n<li class=\"tw-data-text tw-text-large tw-ta\" dir=\"ltr\" data-placeholder=\"\u00d6vers\u00e4ttning\" data-ved=\"2ahUKEwjWt-6svbOOAxVXAxAIHUGXNLIQ3ewLegQICRAV\" aria-label=\"\u00d6versatt text: Brand: V\u00e5rg\u00e5rda Manufacturer: Nordic Snus Flavor: Spicy tobacco, red berries, elderberry Format: Large Product type: White Portion Number of servings per box: 20 pieces Nicotine content: 14 mg\/g Strength: Strong\"><span class=\"Y2IQFc\" lang=\"en\">Number of servings per box: 20 pieces<\/span><\/li>\n<li class=\"tw-data-text tw-text-large tw-ta\" dir=\"ltr\" data-placeholder=\"\u00d6vers\u00e4ttning\" data-ved=\"2ahUKEwjWt-6svbOOAxVXAxAIHUGXNLIQ3ewLegQICRAV\" aria-label=\"\u00d6versatt text: Brand: V\u00e5rg\u00e5rda Manufacturer: Nordic Snus Flavor: Spicy tobacco, red berries, elderberry Format: Large Product type: White Portion Number of servings per box: 20 pieces Nicotine content: 14 mg\/g Strength: Strong\"><span class=\"Y2IQFc\" lang=\"en\">Nicotine content: 14 mg\/g <\/span><\/li>\n<li class=\"tw-data-text tw-text-large tw-ta\" dir=\"ltr\" data-placeholder=\"\u00d6vers\u00e4ttning\" data-ved=\"2ahUKEwjWt-6svbOOAxVXAxAIHUGXNLIQ3ewLegQICRAV\" aria-label=\"\u00d6versatt text: Brand: V\u00e5rg\u00e5rda Manufacturer: Nordic Snus Flavor: Spicy tobacco, red berries, elderberry Format: Large Product type: White Portion Number of servings per box: 20 pieces Nicotine content: 14 mg\/g Strength: Strong\"><span class=\"Y2IQFc\" lang=\"en\">Strength: Strong<\/span><\/li>\n<\/ul>\n<p id=\"tw-target-text\" class=\"tw-data-text tw-text-large tw-ta\" dir=\"ltr\" data-placeholder=\"\u00d6vers\u00e4ttning\" data-ved=\"2ahUKEwjWt-6svbOOAxVXAxAIHUGXNLIQ3ewLegQICRAV\" aria-label=\"\u00d6versatt text: Nicotine pouches B\u00e4r Stark from V\u00e5rg\u00e5rda contain 14 milligrams of nicotine per gram and are classified as strong. The product also contains tobacco and is of the White Portion type.\"><span class=\"Y2IQFc\" lang=\"en\">The snus B\u00e4r Stark from V\u00e5rg\u00e5rda contain 14 milligrams of nicotine per gram and are classified as strong. The product also contains tobacco and is of the White Portion type.<\/span><\/p>\n<p>Buy Vargarda snus, V\u00e5rg\u00e5rda snus, in the US online! Fast shipping worldwide!<\/p>\n<p>\u00a0<\/p>","protected":false},"excerpt":{"rendered":"<p><strong>V\u00e5rg\u00e5rda B\u00e4r Strong White Portion snus<\/strong><\/p>\n<p id=\"tw-target-text\" class=\"tw-data-text tw-text-large tw-ta\" dir=\"ltr\" data-placeholder=\"\u00d6vers\u00e4ttning\" data-ved=\"2ahUKEwjWt-6svbOOAxVXAxAIHUGXNLIQ3ewLegQICRAV\" aria-label=\"\u00d6versatt text: V\u00e5rg\u00e5rda B\u00e4r Stark has a spicy taste of tobacco and berries and the prills are large in size. This is a white V\u00e5rg\u00e5rda snus that has a high nicotine content and contains tobacco.\"><span class=\"Y2IQFc\" lang=\"en\">V\u00e5rg\u00e5rda B\u00e4r Strong white portion has a spicy taste of tobacco and berries and the prills are large in size. This is a white V\u00e5rg\u00e5rda snus that has a high nicotine content and contains tobacco.<\/span><\/p>","protected":false},"featured_media":1000203,"comment_status":"closed","ping_status":"closed","template":"","meta":[],"product_brand":[1281],"product_cat":[201],"product_tag":[246,227,228,247],"class_list":{"0":"post-1000170","1":"product","2":"type-product","3":"status-publish","4":"has-post-thumbnail","6":"product_brand-vargarda","7":"product_cat-original-portion-pouches","8":"product_tag-vargarda-bar-strong-white-portion-snus","9":"product_tag-vargarda-snus","10":"product_tag-vargarda-snus-in-the-us","11":"product_tag-vargarda-snus-united-states","13":"first","14":"instock","15":"shipping-taxable","16":"purchasable","17":"product-type-simple"},"_links":{"self":[{"href":"https:\/\/nicopouche.com\/it\/wp-json\/wp\/v2\/product\/1000170","targetHints":{"allow":["GET"]}}],"collection":[{"href":"https:\/\/nicopouche.com\/it\/wp-json\/wp\/v2\/product"}],"about":[{"href":"https:\/\/nicopouche.com\/it\/wp-json\/wp\/v2\/types\/product"}],"replies":[{"embeddable":true,"href":"https:\/\/nicopouche.com\/it\/wp-json\/wp\/v2\/comments?post=1000170"}],"version-history":[{"count":1,"href":"https:\/\/nicopouche.com\/it\/wp-json\/wp\/v2\/product\/1000170\/revisions"}],"predecessor-version":[{"id":1002890,"href":"https:\/\/nicopouche.com\/it\/wp-json\/wp\/v2\/product\/1000170\/revisions\/1002890"}],"wp:featuredmedia":[{"embeddable":true,"href":"https:\/\/nicopouche.com\/it\/wp-json\/wp\/v2\/media\/1000203"}],"wp:attachment":[{"href":"https:\/\/nicopouche.com\/it\/wp-json\/wp\/v2\/media?parent=1000170"}],"wp:term":[{"taxonomy":"product_brand","embeddable":true,"href":"https:\/\/nicopouche.com\/it\/wp-json\/wp\/v2\/product_brand?post=1000170"},{"taxonomy":"product_cat","embeddable":true,"href":"https:\/\/nicopouche.com\/it\/wp-json\/wp\/v2\/product_cat?post=1000170"},{"taxonomy":"product_tag","embeddable":true,"href":"https:\/\/nicopouche.com\/it\/wp-json\/wp\/v2\/product_tag?post=1000170"}],"curies":[{"name":"wp","href":"https:\/\/api.w.org\/{rel}","templated":true}]}}