{"id":1001331,"date":"2025-11-28T09:21:02","date_gmt":"2025-11-28T09:21:02","guid":{"rendered":"https:\/\/nicopouche.com\/?post_type=product&#038;p=1001331"},"modified":"2026-01-17T18:33:58","modified_gmt":"2026-01-17T18:33:58","slug":"ettan-snus","status":"publish","type":"product","link":"https:\/\/nicopouche.com\/fi\/luettelo\/ettan-snus\/","title":{"rendered":"Ettan Snus"},"content":{"rendered":"<div class=\"row\">\n<div class=\"large-12 col\">\n<div style=\"background-color:#FFF\" class=\"slider flipContainer slider-nav-circle slide box-shadow-2\" data-flickity-options='{               \"cellAlign\": \"center\",               \"wrapAround\": true,               \"percentPosition\": true,               \"imagesLoaded\": true,               \"pageDots\": true,               \"contain\": true           }'>\n<div class=\"slide\" style=\"background-color:#FFF\">\n<div class=\"row row-collapse align-middle flip-slide\" style=\"width:100%\">\n<div class=\"large-6 col flip-page-one\">\n<div class=\"featured-product col-inner\">           <a href=\"https:\/\/nicopouche.com\/product\/prismaster-portion-tool\/\">                 <\/p>\n<div class=\"product-image relative\">\n<div class=\"front-image\">                     <img decoding=\"async\" width=\"480\" height=\"480\" src=\"https:\/\/nicopouche.com\/wp-content\/uploads\/2021\/05\/Prismaster.png\" class=\"attachment-woocommerce_single size-woocommerce_single wp-post-image\" alt=\"Prismaster Portion Tool\" loading=\"lazy\" title=\"\">                  <\/div>\n<div class=\"badge-container absolute left top z-1\">  <\/div>\n<\/p><\/div>\n<p>           <\/a>         <\/div>\n<\/p><\/div>\n<div class=\"large-6 col flip-page-two\">\n<div class=\"product-info col-inner inner-padding\">\n<h1 class=\"entry-title\"><a href=\"https:\/\/nicopouche.com\/product\/prismaster-portion-tool\/\">Prismaster Portion Tool<\/a><\/h1>\n<div class=\"is-divider medium\"><\/div>\n<div class=\"price-wrapper\">\n<p class=\"price product-page-price \">   <span class=\"woocommerce-Price-amount amount\"><span class=\"woocommerce-Price-currencySymbol\">$<\/span>2.66<\/span><\/p>\n<\/p><\/div>\n<div class=\"product-short-description\">\n<p>The Prismaster Portion Tool helps you form the perfect and consistent size loose snus portion. It is very easy to use and comes in a small bag that fits in you pocket. No more getting your loose snus stuck under your nails.<\/p>\n<\/p><\/div>\n<div class=\"product_meta\">  \t \t \t\t<span class=\"sku_wrapper\">SKU: <span class=\"sku\">4321<\/span><\/span>  \t \t<span class=\"posted_in\">Categories: <a href=\"https:\/\/nicopouche.com\/product-category\/accessories\/\" rel=\"tag\">Accessories<\/a>, <a href=\"https:\/\/nicopouche.com\/product-category\/loose-snus-2\/\" rel=\"tag\">Loose Snus<\/a><\/span> \t<span class=\"tagged_as\">Tags: <a href=\"https:\/\/nicopouche.com\/product-tag\/loose-snus\/\" rel=\"tag\">loose snus<\/a>, <a href=\"https:\/\/nicopouche.com\/product-tag\/prismaster\/\" rel=\"tag\">prismaster<\/a>, <a href=\"https:\/\/nicopouche.com\/product-tag\/swedish-products\/\" rel=\"tag\">swedish products<\/a><\/span> \t <\/div>\n<p>               <a href=\"https:\/\/nicopouche.com\/product\/prismaster-portion-tool\/\" class=\"button\">Read more<\/a>          <\/div>\n<\/p><\/div>\n<\/p><\/div>\n<\/p><\/div>\n<\/p><\/div>\n<\/p><\/div>\n<\/div>\n<p>\u00a0<\/p>\n<p><strong>Ettan Snus<\/strong><\/p>\n<h2><strong>Ettan Snus<\/strong><\/h2>\n<div><\/div>\n<div><a class=\"product__content__tabs__attributes__item\" href=\"https:\/\/www.swedishmatch.ch\/en\/buy-snus\/ettan\/\" target=\"_blank\" rel=\"noopener\"><span class=\"product__content__tabs__attributes__item__label\">Brand:<\/span><i class=\"product__content__tabs__attributes__item__icon product__content__tabs__attributes__item__icon--logo\"><\/i><span class=\"product__content__tabs__attributes__item__value\">Ettan<\/span><\/a><\/div>\n<div><a class=\"product__content__tabs__attributes__item\" href=\"https:\/\/www.swedishmatch.ch\/en\/buy-snus\/?strength=42370\" target=\"_blank\" rel=\"noopener\"><span class=\"product__content__tabs__attributes__item__label\">Strength:<\/span><i class=\"product__content__tabs__attributes__item__icon icon--snus-strength-2\"><\/i><span class=\"product__content__tabs__attributes__item__value\">Normal<\/span><\/a><\/div>\n<div><a class=\"product__content__tabs__attributes__item\" href=\"https:\/\/www.swedishmatch.ch\/en\/buy-snus\/?type=42209\" target=\"_blank\" rel=\"noopener\"><span class=\"product__content__tabs__attributes__item__label\">Type:<\/span><i class=\"product__content__tabs__attributes__item__icon icon--snus-type\"><\/i><span class=\"product__content__tabs__attributes__item__value\">Loose Snus<\/span><\/a><\/div>\n<div><a class=\"product__content__tabs__attributes__item\" href=\"https:\/\/www.swedishmatch.ch\/en\/buy-snus\/?taste=9923\" target=\"_blank\" rel=\"noopener\"><span class=\"product__content__tabs__attributes__item__label\">Taste:<\/span><i class=\"product__content__tabs__attributes__item__icon icon--snus-taste\"><\/i><span class=\"product__content__tabs__attributes__item__value\">Tobacco with notes of smoke<\/span><\/a><\/div>\n<div><\/div>\n<div class=\"product__content__tabs__attributes__item\"><span class=\"product__content__tabs__attributes__item__label\">Nicotine Content:<\/span><span class=\"product__content__tabs__attributes__item__value\">0.75 %<\/span><\/div>\n<div class=\"product__content__tabs__attributes__item\"><span class=\"product__content__tabs__attributes__item__label\">pH:<\/span><span class=\"product__content__tabs__attributes__item__value\">8.4<\/span><\/div>\n<div class=\"product__content__tabs__attributes__item\"><span class=\"product__content__tabs__attributes__item__label\">Moisture content:<\/span><span class=\"product__content__tabs__attributes__item__value\">58 %<\/span><\/div>\n<div class=\"product__content__tabs__attributes__item\"><span class=\"product__content__tabs__attributes__item__label\">Snus weight\/can:<\/span><span class=\"product__content__tabs__attributes__item__value\">42 g<\/span><\/div>\n<div class=\"product__content__tabs__attributes__item\"><span class=\"product__content__tabs__attributes__item__label\">Shelf life:<\/span><span class=\"product__content__tabs__attributes__item__value\">98 days<\/span><\/div>\n<p>Ingredients: water, tobacco (contains nicotine), humectants (propylene glycol, glycerin), salt, pH adjuster (sodium carbonate), natural and artificial flavors including artificial smoke flavor.<\/p>\n<p>\u00a0<\/p>\n<p>All major Swedish snus brands you will find at\u00a0<strong><a href=\"https:\/\/swedishproducts.online\" target=\"_blank\" rel=\"noopener\">SWEDISHPRODUCTS.ONLINE.\u00a0<\/a><\/strong><\/p>\n<h2 dir=\"ltr\" data-placeholder=\"Translation\"><em><strong>Buy Ettan snus cheap online!<\/strong><\/em><\/h2>\n<p id=\"tw-target-text\" class=\"tw-data-text tw-text-large tw-ta\" dir=\"ltr\" data-placeholder=\"Translation\"><span lang=\"en\">One can be said to be the first modern snuff. In the early 1800s, snus was produced by fermenting tobacco at elevated temperatures for up to six months. Jacob Fredrik Ljungl\u00f6f had a theory: if tobacco could be processed without fermentation, it would both taste better and could be produced more efficiently. He turned to his friend the chemist Jacob Berzelius for advice. Together, they created a new method for producing snus, using tobacco, salt, water and pot ash. Instead of having to be prepared for months, a batch of snus could now be completed in a week. [4] Both the new production method and the success of the recipe for Ljungl\u00f6fs No. 1. helped build Jacob Fredrik Ljungl\u00f6f\u2019s fortune. When he died in 1860 he was one of Sweden\u2019s richest men.<\/span><\/p>\n<h2 dir=\"ltr\" data-placeholder=\"Translation\"><em><strong>Ettan snus for sale online!<\/strong><\/em><\/h2>\n<p id=\"tw-target-text\" class=\"tw-data-text tw-text-large tw-ta\" dir=\"ltr\" data-placeholder=\"Translation\"><span lang=\"en\">His son, Knut Ljungl\u00f6f, developed the Ettan brand and the factory so successfully that he became known as the \u201cKing of Snus\u201d. Knut Ljungl\u00f6f won the reputation for being almost obsessed with the quality of the product. Every morning, a silver bowl of fresh snuff was placed on his desk. With a spoon, the manufacturer put a smell test in each nostril and sneezed into his handkerchief. In this way he had learned to determine the degree of humidity in the snuff and the quality of the tobacco. If the sample was approved, the snuff could be packaged and sold. If the message in the sample was not approved, the entire shipment was discarded. [2] Knut Ljungl\u00f6f became more successful in business than his father. His company grew into Europe\u2019s largest producer of smokeless tobacco. At his death, he left behind one of Sweden\u2019s greatest assets, SEK 16 million. Knut Ljungl\u00f6f also left a larger property north of Stockholm, popularly known as the Ljungl\u00f6fska Palace, because of its castle-like exterior. [5] In 1915, a tobacco monopoly was created in Sweden in order to finance Sweden\u2019s defense force and the first public pension reform. The entire Swedish tobacco industry was incorporated into the newly formed company AB Swedish Tobacco Monopoly. To see his life work go out of his hands made Knut Ljungl\u00f6f a bitter man. In 1920 \u2013 five years after the business was monopolized \u2013 he passed away, 87 years old. [6] However, the Ettan brand lives on as one of the oldest brands for snus and one of the oldest Swedish brands regardless of category. In R\u00c5 1970 p.74, the Governmental Court (the current Supreme Administrative Court found that the Ljungl\u00f6fs brand was protected by incorporation, despite the fact that the term Ljungl\u00f6fs has not been used since the introduction of the tobacco monopoly. Ettan range Ettan is sold as loose snus (42 grams \/ box), portion snus (Ettan Original portion) and \u201cWhite portion\u201d (Ettan White portion).<\/span><\/p>\n<p>\u00a0<\/p>\n<p>\u00a0<\/p>\n<p>\u00a0<\/p>\n","protected":false},"excerpt":{"rendered":"<p>A dark and smoky tobacco taste with distinct notes of smoke and malt, along with hints of dark chocolate. A moist loose snus of grounded tobacco. Forms to a pouch of optional size that yields a quick and strong flavour release.<\/p>","protected":false},"featured_media":1001373,"comment_status":"closed","ping_status":"closed","template":"","meta":[],"product_brand":[],"product_cat":[206],"product_tag":[260,261,262,263,264,265,266,267,268,1076,1077,1078,269,270,271,272,273,274,275,276,277,1079,278,279,1080,1081,1082,1083,280,281,282,283,284,1084,1085,1086,1087,1088,1089,285,1090,1091,1092,1093,1094,1095,1096,1097,1098,1099,1100,1101,349,114,287,292,294,295,296,350,1102,1103,297,298,299,300,174,301],"class_list":{"0":"post-1001331","1":"product","2":"type-product","3":"status-publish","4":"has-post-thumbnail","6":"product_cat-loose-snus","7":"product_tag-buy-snus-online","8":"product_tag-buy-swedish-snuff","9":"product_tag-buycheapsnus","10":"product_tag-buysnus","11":"product_tag-buysnuscheap","12":"product_tag-buysnusonline","13":"product_tag-camel-snus","14":"product_tag-camel-snus-flavours","15":"product_tag-central-snus","16":"product_tag-chicago-chew","17":"product_tag-chicago-dip","18":"product_tag-chicago-snus","19":"product_tag-ettan-snus","20":"product_tag-fabodsnus","21":"product_tag-general","22":"product_tag-general-onyx","23":"product_tag-general-snus","24":"product_tag-general-storelocator","25":"product_tag-granit-snuff","26":"product_tag-granit-snus","27":"product_tag-grov-snus","28":"product_tag-h-w","29":"product_tag-kaliber-vit","30":"product_tag-kaliber-vit-salmiak","31":"product_tag-kansas-chew","32":"product_tag-kansas-dip","33":"product_tag-kentucky-chew","34":"product_tag-kentucky-dip","35":"product_tag-kurbits","36":"product_tag-kurbits-snus","37":"product_tag-lyft-flavors","38":"product_tag-lyft-flavours","39":"product_tag-lyft-usa","40":"product_tag-minnesota-chew","41":"product_tag-minnesota-dip","42":"product_tag-minnesota-snus","43":"product_tag-mlb-chew","44":"product_tag-mlb-dip","45":"product_tag-mlb-snus","46":"product_tag-morgondagg","47":"product_tag-new-jersey-chew","48":"product_tag-new-jersey-dip","49":"product_tag-new-jersey-snus","50":"product_tag-new-york-chew","51":"product_tag-new-york-dip","52":"product_tag-new-york-snus","53":"product_tag-nfl-chew","54":"product_tag-nfl-dip","55":"product_tag-nfl-snus","56":"product_tag-nhl-chew","57":"product_tag-nhl-dip","58":"product_tag-nhl-snus","59":"product_tag-smokeless-tobacco","60":"product_tag-snus","61":"product_tag-snus-central","62":"product_tag-soldatsnus","63":"product_tag-svenskt-snus","64":"product_tag-swedishproductsonline","65":"product_tag-swedishsnuff","66":"product_tag-us-smokeless-tobacco","67":"product_tag-utah-chew","68":"product_tag-utah-snus","69":"product_tag-where-to-buy-general","70":"product_tag-where-to-buy-marlboro-snus","71":"product_tag-where-to-buy-snus","72":"product_tag-xrange","73":"product_tag-zyn-flavors","74":"product_tag-zyn-flavours","76":"first","77":"instock","78":"shipping-taxable","79":"purchasable","80":"product-type-simple"},"_links":{"self":[{"href":"https:\/\/nicopouche.com\/fi\/wp-json\/wp\/v2\/product\/1001331","targetHints":{"allow":["GET"]}}],"collection":[{"href":"https:\/\/nicopouche.com\/fi\/wp-json\/wp\/v2\/product"}],"about":[{"href":"https:\/\/nicopouche.com\/fi\/wp-json\/wp\/v2\/types\/product"}],"replies":[{"embeddable":true,"href":"https:\/\/nicopouche.com\/fi\/wp-json\/wp\/v2\/comments?post=1001331"}],"version-history":[{"count":1,"href":"https:\/\/nicopouche.com\/fi\/wp-json\/wp\/v2\/product\/1001331\/revisions"}],"predecessor-version":[{"id":1002635,"href":"https:\/\/nicopouche.com\/fi\/wp-json\/wp\/v2\/product\/1001331\/revisions\/1002635"}],"wp:featuredmedia":[{"embeddable":true,"href":"https:\/\/nicopouche.com\/fi\/wp-json\/wp\/v2\/media\/1001373"}],"wp:attachment":[{"href":"https:\/\/nicopouche.com\/fi\/wp-json\/wp\/v2\/media?parent=1001331"}],"wp:term":[{"taxonomy":"product_brand","embeddable":true,"href":"https:\/\/nicopouche.com\/fi\/wp-json\/wp\/v2\/product_brand?post=1001331"},{"taxonomy":"product_cat","embeddable":true,"href":"https:\/\/nicopouche.com\/fi\/wp-json\/wp\/v2\/product_cat?post=1001331"},{"taxonomy":"product_tag","embeddable":true,"href":"https:\/\/nicopouche.com\/fi\/wp-json\/wp\/v2\/product_tag?post=1001331"}],"curies":[{"name":"wp","href":"https:\/\/api.w.org\/{rel}","templated":true}]}}