{"id":1002352,"date":"2025-12-02T12:53:55","date_gmt":"2025-12-02T12:53:55","guid":{"rendered":"https:\/\/nicopouche.com\/?page_id=1002352"},"modified":"2025-12-03T11:23:30","modified_gmt":"2025-12-03T11:23:30","slug":"yleinen-vastuuvapauslauseke","status":"publish","type":"page","link":"https:\/\/nicopouche.com\/fi\/yleinen-vastuuvapauslauseke\/","title":{"rendered":"Yleinen vastuuvapauslauseke"},"content":{"rendered":"<h1 class=\"wp-block-heading\"><strong>Vastuuvapauslauseke - Nicopouche.com<\/strong><\/h1>\n\n\n\n<h2 class=\"wp-block-heading\"><strong>Yleinen vastuuvapauslauseke<\/strong><\/h2>\n\n\n\n<p>Osoitteessa <strong>Nicopouche.com<\/strong>, teemme kaikkemme tarjotaksemme tarkkaa ja luotettavaa tietoa tuotteistamme ja palveluistamme. K\u00e4ym\u00e4ll\u00e4 ja k\u00e4ytt\u00e4m\u00e4ll\u00e4 t\u00e4t\u00e4 verkkosivustoa vahvistat, ett\u00e4 olet lukenut, ymm\u00e4rt\u00e4nyt ja hyv\u00e4ksynyt meid\u00e4n <strong>ehdot ja edellytykset<\/strong>, ja hyv\u00e4ksyt, ett\u00e4 ne sitovat sinua.<\/p>\n\n\n\n<p>T\u00e4m\u00e4n verkkosivuston sis\u00e4lt\u00f6 on tarkoitettu <strong>ainoastaan tiedotustarkoituksiin<\/strong>. Vaikka pyrimme tarkkuuteen, k\u00e4ytt\u00e4j\u00e4 ottaa t\u00e4yden vastuun kaikista p\u00e4\u00e4t\u00f6ksist\u00e4, joita h\u00e4n tekee t\u00e4\u00e4ll\u00e4 annettujen tietojen perusteella. T\u00e4m\u00e4n verkkosivuston sis\u00e4ll\u00f6st\u00e4 ei voida johtaa mit\u00e4\u00e4n oikeuksia tai takuita. Nicopouche.com pid\u00e4tt\u00e4\u00e4 oikeuden <strong>muuttaa, p\u00e4ivitt\u00e4\u00e4 tai poistaa sis\u00e4lt\u00f6\u00e4 milloin tahansa.<\/strong> ilman ennakkoilmoitusta.<\/p>\n\n\n\n<h2 class=\"wp-block-heading\"><strong>Immateriaalioikeudet<\/strong><\/h2>\n\n\n\n<p>Kaikki t\u00e4ll\u00e4 verkkosivustolla oleva materiaali - mukaan lukien <strong>tekstit, kuvat, grafiikka, logot, tuotenimet ja kauppanimet.<\/strong>-suojellaan <strong>tekij\u00e4noikeudet, tavaramerkkilains\u00e4\u00e4d\u00e4nt\u00f6 ja muut immateriaalioikeudet<\/strong>. Kaikki oikeudet omistaa <strong>Nicopouche.com<\/strong> tai lisenssinantajiamme.<\/p>\n\n\n\n<p>K\u00e4ytt\u00e4j\u00e4t voivat <strong>tarkastella ja k\u00e4ytt\u00e4\u00e4 sis\u00e4lt\u00f6\u00e4 vain henkil\u00f6kohtaisiin, ei-kaupallisiin tarkoituksiin.<\/strong>. T\u00e4m\u00e4n verkkosivuston sis\u00e4ll\u00f6n j\u00e4ljent\u00e4minen, muuttaminen, jakelu tai siirt\u00e4minen ilman ennakkoilmoitusta. <strong>Nicopouche.comin kirjallinen lupa<\/strong> tai vastaavien oikeudenhaltijoiden oikeudet on ehdottomasti kielletty.<\/p>\n\n\n\n<h2 class=\"wp-block-heading\"><strong>Vastuu ja tarkkuus<\/strong><\/h2>\n\n\n\n<p>Vaikka Nicopouche.com pyrkii yll\u00e4pit\u00e4m\u00e4\u00e4n tarkkoja, ajantasaisia ja t\u00e4ydellisi\u00e4 tietoja, me <strong>ei voi taata absoluuttista tarkkuutta tai t\u00e4ydellisyytt\u00e4<\/strong> sis\u00e4ll\u00f6st\u00e4.<\/p>\n\n\n\n<ul class=\"wp-block-list\">\n<li>T\u00e4m\u00e4 verkkosivusto voi toisinaan olla <strong>tilap\u00e4isesti poissa k\u00e4yt\u00f6st\u00e4<\/strong> huollon tai teknisten ongelmien vuoksi.<\/li>\n\n\n\n<li>Osa tiedoista voi olla per\u00e4isin seuraavista l\u00e4hteist\u00e4 <strong>kolmannen osapuolen palveluntarjoajat<\/strong>, emmek\u00e4 voi taata sen tarkkuutta.<\/li>\n\n\n\n<li>Nicopouche.com <strong>kielt\u00e4ytyy kaikesta vastuusta<\/strong> mink\u00e4 tahansa <strong>v\u00e4litt\u00f6m\u00e4t, v\u00e4lilliset, satunnaiset, v\u00e4lilliset tai erityiset vahingot.<\/strong>, mukaan lukien ne, jotka johtuvat luottamuksesta sis\u00e4lt\u00f6\u00f6n, p\u00e4\u00e4syst\u00e4 verkkosivustolle tai lueteltujen tuotteiden k\u00e4yt\u00f6st\u00e4.<\/li>\n<\/ul>\n\n\n\n<p>K\u00e4ytt\u00e4m\u00e4ll\u00e4 t\u00e4t\u00e4 verkkosivustoa hyv\u00e4ksyt, ett\u00e4 <strong>tietojen k\u00e4ytt\u00f6\u00f6n liittyv\u00e4t riskit<\/strong> Nicopouche.com-sivustosta on yksinomaan sinun vastuullasi.<\/p>\n\n\n\n<h2 class=\"wp-block-heading\"><strong>Terveys ja tuotteen vastuuvapauslauseke<\/strong><\/h2>\n\n\n\n<p>Nicopouche.com tarjoaa <strong>nikotiinipussit<\/strong> ja niihin liittyv\u00e4t tuotteet <strong>vain aikuisille kuluttajille<\/strong>. Nikotiini on <strong>riippuvuutta aiheuttava aine<\/strong>, ja tuotteita olisi k\u00e4ytett\u00e4v\u00e4 <strong>vastuullisesti ja paikallisten lakien mukaisesti<\/strong>.<\/p>\n\n\n\n<ul class=\"wp-block-list\">\n<li>Sis\u00e4lt\u00f6mme on tarkoitettu <strong>ainoastaan tiedotustarkoituksiin<\/strong> ja <strong>ei pid\u00e4 pit\u00e4\u00e4 l\u00e4\u00e4ketieteellisen\u00e4 neuvona<\/strong>.<\/li>\n\n\n\n<li>Nicopouche.com ei ota vastuuta seuraavista asioista <strong>terveyteen liittyv\u00e4t seuraukset<\/strong> jotka johtuvat nikotiinituotteiden k\u00e4yt\u00f6st\u00e4.<\/li>\n\n\n\n<li>Ota aina yhteytt\u00e4 <strong>terveydenhuollon ammattilainen<\/strong> jos olet huolissasi nikotiinin k\u00e4yt\u00f6st\u00e4.<\/li>\n<\/ul>\n\n\n\n<h2 class=\"wp-block-heading\"><strong>Ulkoiset linkit Vastuuvapauslauseke<\/strong><\/h2>\n\n\n\n<p>Nicopouche.com saattaa ajoittain sis\u00e4lt\u00e4\u00e4 seuraavia tietoja <strong>linkit ulkoisille verkkosivustoille<\/strong>. N\u00e4m\u00e4 linkit on annettu mukavuuden vuoksi, ja me <strong>eiv\u00e4t hyv\u00e4ksy tai ota vastuuta<\/strong> kolmansien osapuolten sivustojen sis\u00e4ll\u00f6st\u00e4, tietosuojak\u00e4yt\u00e4nn\u00f6ist\u00e4 tai k\u00e4yt\u00e4nn\u00f6ist\u00e4.<\/p>\n\n\n\n<h2 class=\"wp-block-heading\"><strong>K\u00e4ytt\u00e4j\u00e4n vastuu<\/strong><\/h2>\n\n\n\n<p>K\u00e4ytt\u00e4m\u00e4ll\u00e4 Nicopouche.com-sivustoa hyv\u00e4ksyt:<\/p>\n\n\n\n<ul class=\"wp-block-list\">\n<li>K\u00e4yt\u00e4 kaikkia tietoja vastuullisesti ja laillisesti.<\/li>\n\n\n\n<li>Noudata kaikkia paikallisia m\u00e4\u00e4r\u00e4yksi\u00e4, jotka koskevat <strong>nikotiinituotteet<\/strong>.<\/li>\n\n\n\n<li>Ymm\u00e4rt\u00e4\u00e4, ett\u00e4 Nicopouche.com <strong>ei voida pit\u00e4\u00e4 vastuullisena<\/strong> v\u00e4\u00e4rink\u00e4yt\u00f6st\u00e4, virheellisest\u00e4 k\u00e4yt\u00f6st\u00e4 tai k\u00e4ytt\u00e4jien tekemist\u00e4 lakien rikkomisista.<\/li>\n<\/ul>\n\n\n\n<h2 class=\"wp-block-heading\"><strong>Tarkistukset<\/strong><\/h2>\n\n\n\n<p>Nicopouche.com pid\u00e4tt\u00e4\u00e4 oikeuden <strong>p\u00e4ivitt\u00e4\u00e4 tai muuttaa t\u00e4t\u00e4 vastuuvapauslauseketta<\/strong> milloin tahansa ilman ennakkoilmoitusta, jotta varmistetaan sovellettavien lakien ja asetusten noudattaminen. K\u00e4ytt\u00e4ji\u00e4 kehotetaan <strong>Tarkista t\u00e4m\u00e4 sivu s\u00e4\u00e4nn\u00f6llisesti<\/strong> pysy\u00e4ksesi ajan tasalla kaikista muutoksista.<\/p>","protected":false},"excerpt":{"rendered":"<p>Disclaimer \u2013 Nicopouche.com General Disclaimer At Nicopouche.com, we take every precaution to provide accurate and reliable information about our products<\/p>","protected":false},"author":1,"featured_media":0,"parent":0,"menu_order":0,"comment_status":"closed","ping_status":"closed","template":"","meta":{"footnotes":""},"class_list":["post-1002352","page","type-page","status-publish","hentry"],"_links":{"self":[{"href":"https:\/\/nicopouche.com\/fi\/wp-json\/wp\/v2\/pages\/1002352","targetHints":{"allow":["GET"]}}],"collection":[{"href":"https:\/\/nicopouche.com\/fi\/wp-json\/wp\/v2\/pages"}],"about":[{"href":"https:\/\/nicopouche.com\/fi\/wp-json\/wp\/v2\/types\/page"}],"author":[{"embeddable":true,"href":"https:\/\/nicopouche.com\/fi\/wp-json\/wp\/v2\/users\/1"}],"replies":[{"embeddable":true,"href":"https:\/\/nicopouche.com\/fi\/wp-json\/wp\/v2\/comments?post=1002352"}],"version-history":[{"count":1,"href":"https:\/\/nicopouche.com\/fi\/wp-json\/wp\/v2\/pages\/1002352\/revisions"}],"predecessor-version":[{"id":1002354,"href":"https:\/\/nicopouche.com\/fi\/wp-json\/wp\/v2\/pages\/1002352\/revisions\/1002354"}],"wp:attachment":[{"href":"https:\/\/nicopouche.com\/fi\/wp-json\/wp\/v2\/media?parent=1002352"}],"curies":[{"name":"wp","href":"https:\/\/api.w.org\/{rel}","templated":true}]}}