{"id":1002152,"date":"2025-12-01T10:22:09","date_gmt":"2025-12-01T10:22:09","guid":{"rendered":"https:\/\/nicopouche.com\/?post_type=product&#038;p=1002152"},"modified":"2026-01-14T20:07:28","modified_gmt":"2026-01-14T20:07:28","slug":"iceberg-freeze","status":"publish","type":"product","link":"https:\/\/nicopouche.com\/el\/%ce%ba%ce%b1%cf%84%ce%ac%ce%bb%ce%bf%ce%b3%ce%bf%cf%82\/iceberg-freeze\/","title":{"rendered":"ICEBERG FREEZE"},"content":{"rendered":"<p>ICEBERG freeze Snus is speciaal gemaakt voor de ervaren gebruiker die houdt van een sterke muntsmaak. Bij ICEBERG Freeze Snus kan je een zeer sterke kick verwachten, voor de liefhebber hiervan (wat veel consumenten zijn) zal ICEBERG Freeze Snus je nooit teleurstellen. ICEBERG Freeze Snus is \u00e9\u00e9n van de populaire producten ter wereld, en dat is niet zomaar. Hiernaast is ICEBERG Freeze Snus \u00e9\u00e9n van de allereerste nicotinezakjes en is het product door de tijd heen, enorm ontwikkeld.<\/p>\n<p>ICEBERG Freeze Snus heeft een nicotinegehalte van 20mg\/g<\/p>","protected":false},"excerpt":{"rendered":"<ul class=\"buy-block__usps check-list--succes check-list--usps\" data-test=\"buy-block-usps\">\n<li style=\"list-style-type: none\">\n<ul class=\"buy-block__usps check-list--succes check-list--usps\" data-test=\"buy-block-usps\">\n<li><strong>Gratis<\/strong>\u00a0verzendkosten vanaf \u20ac250,00<\/li>\n<li>Volledig discreet verzonden<\/li>\n<li>Volumekorting vanaf\u00a0<strong>100 stuks<\/strong><\/li>\n<li>Lagere verzendkosten bij volume<\/li>\n<li>Beoordeeld met 4,5\/5 op Trustpilot<\/li>\n<\/ul>\n<\/li>\n<\/ul>\n<p><img decoding=\"async\" src=\"https:\/\/cdn.trustpilot.net\/brand-assets\/4.1.0\/stars\/stars-4.5.svg\" width=\"100\" \/><\/p>","protected":false},"featured_media":1001766,"comment_status":"closed","ping_status":"closed","template":"","meta":[],"product_brand":[],"product_cat":[1384],"product_tag":[1326,1327,1328,1329,1330,1331,1332,1333,1334,1335,1336,1337,1338,1339,1340,1341,1342,1343,1344,1345,1346,1347,1348,1349,1350,1351,1352,1353,1354,1355,1356,1357,1358,1359,1360,1361,1362,1363,1364,1365,1366,1367,1368,1369,1370,1371,1372,1373,1374],"class_list":{"0":"post-1002152","1":"product","2":"type-product","3":"status-publish","4":"has-post-thumbnail","6":"product_cat-iceberg-snus","7":"product_tag-fox-snus-kopen","8":"product_tag-hoe-oud-moet-je-zijn-om-snus-te-kopen","9":"product_tag-iceberg-snus-kopen","10":"product_tag-killa-snus-kopen","11":"product_tag-lyft-snus-kopen","12":"product_tag-pablo-snus-kopen","13":"product_tag-siberia-snus-kopen","14":"product_tag-snus-amsterdam-kopen","15":"product_tag-snus-belgie-kopen","16":"product_tag-snus-killa-cold-mint-kopen","17":"product_tag-snus-killa-kopen","18":"product_tag-snus-kopen","19":"product_tag-snus-kopen-amsterdam","20":"product_tag-snus-kopen-amsterdam-winkel","21":"product_tag-snus-kopen-antwerpen","22":"product_tag-snus-kopen-belgie","23":"product_tag-snus-kopen-den-haag","24":"product_tag-snus-kopen-duitsland","25":"product_tag-snus-kopen-groningen","26":"product_tag-snus-kopen-groothandel","27":"product_tag-snus-kopen-haarlem","28":"product_tag-snus-kopen-in-belgie","29":"product_tag-snus-kopen-in-nederland","30":"product_tag-snus-kopen-in-winkel","31":"product_tag-snus-kopen-killa","32":"product_tag-snus-kopen-nederland","33":"product_tag-snus-kopen-nl","34":"product_tag-snus-kopen-online","35":"product_tag-snus-kopen-pablo","36":"product_tag-snus-kopen-prijs","37":"product_tag-snus-kopen-primera","38":"product_tag-snus-kopen-rotterdam","39":"product_tag-snus-kopen-rotterdam-winkel","40":"product_tag-snus-kopen-utrecht","41":"product_tag-snus-kopen-winkel","42":"product_tag-snus-kopen-zweden","43":"product_tag-snus-nederland-kopen","44":"product_tag-snus-online-kopen","45":"product_tag-snus-rol-kopen","46":"product_tag-snus-rollen-kopen","47":"product_tag-snus-tabak-kopen","48":"product_tag-snus-zonder-nicotine-kopen","49":"product_tag-snus-zonder-tabak-kopen","50":"product_tag-snus-zweden-kopen","51":"product_tag-waar-kan-ik-snus-kopen","52":"product_tag-waar-kan-je-snus-kopen","53":"product_tag-waar-kun-je-snus-kopen","54":"product_tag-waar-snus-kopen","55":"product_tag-zweedse-snus-kopen","57":"first","58":"instock","59":"shipping-taxable","60":"purchasable","61":"product-type-simple"},"_links":{"self":[{"href":"https:\/\/nicopouche.com\/el\/wp-json\/wp\/v2\/product\/1002152","targetHints":{"allow":["GET"]}}],"collection":[{"href":"https:\/\/nicopouche.com\/el\/wp-json\/wp\/v2\/product"}],"about":[{"href":"https:\/\/nicopouche.com\/el\/wp-json\/wp\/v2\/types\/product"}],"replies":[{"embeddable":true,"href":"https:\/\/nicopouche.com\/el\/wp-json\/wp\/v2\/comments?post=1002152"}],"version-history":[{"count":1,"href":"https:\/\/nicopouche.com\/el\/wp-json\/wp\/v2\/product\/1002152\/revisions"}],"predecessor-version":[{"id":1002182,"href":"https:\/\/nicopouche.com\/el\/wp-json\/wp\/v2\/product\/1002152\/revisions\/1002182"}],"wp:featuredmedia":[{"embeddable":true,"href":"https:\/\/nicopouche.com\/el\/wp-json\/wp\/v2\/media\/1001766"}],"wp:attachment":[{"href":"https:\/\/nicopouche.com\/el\/wp-json\/wp\/v2\/media?parent=1002152"}],"wp:term":[{"taxonomy":"product_brand","embeddable":true,"href":"https:\/\/nicopouche.com\/el\/wp-json\/wp\/v2\/product_brand?post=1002152"},{"taxonomy":"product_cat","embeddable":true,"href":"https:\/\/nicopouche.com\/el\/wp-json\/wp\/v2\/product_cat?post=1002152"},{"taxonomy":"product_tag","embeddable":true,"href":"https:\/\/nicopouche.com\/el\/wp-json\/wp\/v2\/product_tag?post=1002152"}],"curies":[{"name":"wp","href":"https:\/\/api.w.org\/{rel}","templated":true}]}}