{"id":1000312,"date":"2025-11-28T09:01:30","date_gmt":"2025-11-28T09:01:30","guid":{"rendered":"https:\/\/nicopouche.com\/?post_type=product&#038;p=1000312"},"modified":"2026-01-17T18:38:55","modified_gmt":"2026-01-17T18:38:55","slug":"lundgrens-manskara-all-white","status":"publish","type":"product","link":"https:\/\/nicopouche.com\/el\/%ce%ba%ce%b1%cf%84%ce%ac%ce%bb%ce%bf%ce%b3%ce%bf%cf%82\/lundgrens-manskara-all-white\/","title":{"rendered":"Lundgrens M\u00e5nsk\u00e4ra All White"},"content":{"rendered":"<p><strong>Lundgrens M\u00e5nsk\u00e4ra All White<\/strong><\/p>\n<h2><strong>Lundgrens M\u00e5nsk\u00e4ra All White<\/strong><\/h2>\n<p id=\"tw-target-text\" class=\"tw-data-text tw-text-large tw-ta\" dir=\"ltr\" data-placeholder=\"\u00d6vers\u00e4ttning\" data-ved=\"2ahUKEwjy0tXx5NiNAxUJIxAIHeXsA98Q3ewLegQICRAW\" aria-label=\"\u00d6versatt text: Lundgrens M\u00e5nsk\u00e4ra All White is a white snus from the brand Lundgrens, manufactured by BAT. The product has a flavor of tobacco and licorice and is a strong nicotine pouch with a nicotine content of 1.5%. The product has a normal portion size and does not contain tobacco but does contain nicotine.\"><span class=\"Y2IQFc\" lang=\"en\">Lundgrens M\u00e5nsk\u00e4ra All White is a white snus from the brand Lundgrens, manufactured by BAT. The product has a flavor of tobacco and licorice and is a strong nicotine pouch with a nicotine content of 1.5%. The product has a normal portion size and does not contain tobacco but does contain nicotine.<\/span><\/p>\n<p id=\"tw-target-text\" class=\"tw-data-text tw-text-large tw-ta\" dir=\"ltr\" data-placeholder=\"\u00d6vers\u00e4ttning\" data-ved=\"2ahUKEwjy0tXx5NiNAxUJIxAIHeXsA98Q3ewLegQICRAW\" aria-label=\"\u00d6versatt text: As a white snus, Lundgrens M\u00e5nsk\u00e4ra All White offers a tobacco and licorice flavor. The product comes in a regular format and has a strong strength, with a nicotine content of 10 mg\/g and 8 mg per serving.\"><span class=\"Y2IQFc\" lang=\"en\">As a white snus, Lundgrens M\u00e5nsk\u00e4ra All White offers a tobacco and licorice flavor. The product comes in a regular format and has a strong strength, with a nicotine content of 10 mg\/g and 8 mg per serving.<\/span><\/p>\n<p id=\"tw-target-text\" class=\"tw-data-text tw-text-large tw-ta\" dir=\"ltr\" data-placeholder=\"\u00d6vers\u00e4ttning\" data-ved=\"2ahUKEwjy0tXx5NiNAxUJIxAIHeXsA98Q3ewLegQICRAW\" aria-label=\"\u00d6versatt text: Lundgren's Moonshine All White is delivered in a normal portion format.\"><span class=\"Y2IQFc\" lang=\"en\">Lundgren\u2019s Moonshine All White is delivered in a normal portion format.<\/span><\/p>\n<p dir=\"ltr\" data-placeholder=\"\u00d6vers\u00e4ttning\" data-ved=\"2ahUKEwjy0tXx5NiNAxUJIxAIHeXsA98Q3ewLegQICRAW\" aria-label=\"\u00d6versatt text: Lundgren's Moonshine All White is delivered in a normal portion format.\">Lundgrens is a Swedish brand known for its traditional and innovative snus varieties. The brand offers a wide range of flavors and strengths and is part of British American Tobacco (BAT).<\/p>","protected":false},"excerpt":{"rendered":"<p><strong>Lundgrens M\u00e5nsk\u00e4ra All White<\/strong><\/p>\n<p id=\"tw-target-text\" class=\"tw-data-text tw-text-large tw-ta\" dir=\"ltr\" data-placeholder=\"\u00d6vers\u00e4ttning\" data-ved=\"2ahUKEwjy0tXx5NiNAxUJIxAIHeXsA98Q3ewLegQICRAW\" aria-label=\"\u00d6versatt text: Lundgrens M\u00e5nsk\u00e4ra All White from Lundgrens has a flavor combination of tobacco and licorice. The product comes in a normal format, with 21 servings per can and is in the white snus category.\"><span class=\"Y2IQFc\" lang=\"en\">Lundgrens M\u00e5nsk\u00e4ra All White from Lundgrens has a flavor combination of tobacco and licorice. The product comes in a normal format, with 21 servings per can and is in the white snus category.<\/span><\/p>","protected":false},"featured_media":1000356,"comment_status":"closed","ping_status":"closed","template":"","meta":[],"product_brand":[1304],"product_cat":[104],"product_tag":[338,339,336,113],"class_list":{"0":"post-1000312","1":"product","2":"type-product","3":"status-publish","4":"has-post-thumbnail","6":"product_brand-lundgrens","7":"product_cat-nicotine-pouches","8":"product_tag-lundgrens-all-white-snus","9":"product_tag-lundgrens-manskara","10":"product_tag-lundgrens-snus","11":"product_tag-nicotine-pouches","13":"first","14":"instock","15":"shipping-taxable","16":"purchasable","17":"product-type-simple"},"_links":{"self":[{"href":"https:\/\/nicopouche.com\/el\/wp-json\/wp\/v2\/product\/1000312","targetHints":{"allow":["GET"]}}],"collection":[{"href":"https:\/\/nicopouche.com\/el\/wp-json\/wp\/v2\/product"}],"about":[{"href":"https:\/\/nicopouche.com\/el\/wp-json\/wp\/v2\/types\/product"}],"replies":[{"embeddable":true,"href":"https:\/\/nicopouche.com\/el\/wp-json\/wp\/v2\/comments?post=1000312"}],"version-history":[{"count":1,"href":"https:\/\/nicopouche.com\/el\/wp-json\/wp\/v2\/product\/1000312\/revisions"}],"predecessor-version":[{"id":1002689,"href":"https:\/\/nicopouche.com\/el\/wp-json\/wp\/v2\/product\/1000312\/revisions\/1002689"}],"wp:featuredmedia":[{"embeddable":true,"href":"https:\/\/nicopouche.com\/el\/wp-json\/wp\/v2\/media\/1000356"}],"wp:attachment":[{"href":"https:\/\/nicopouche.com\/el\/wp-json\/wp\/v2\/media?parent=1000312"}],"wp:term":[{"taxonomy":"product_brand","embeddable":true,"href":"https:\/\/nicopouche.com\/el\/wp-json\/wp\/v2\/product_brand?post=1000312"},{"taxonomy":"product_cat","embeddable":true,"href":"https:\/\/nicopouche.com\/el\/wp-json\/wp\/v2\/product_cat?post=1000312"},{"taxonomy":"product_tag","embeddable":true,"href":"https:\/\/nicopouche.com\/el\/wp-json\/wp\/v2\/product_tag?post=1000312"}],"curies":[{"name":"wp","href":"https:\/\/api.w.org\/{rel}","templated":true}]}}