{"id":1001328,"date":"2025-11-28T09:21:02","date_gmt":"2025-11-28T09:21:02","guid":{"rendered":"https:\/\/nicopouche.com\/?post_type=product&#038;p=1001328"},"modified":"2026-01-17T18:34:07","modified_gmt":"2026-01-17T18:34:07","slug":"skruf-superwhite-polar-eukalyptus-3","status":"publish","type":"product","link":"https:\/\/nicopouche.com\/de\/katalog\/skruf-superwhite-polar-eukalyptus-3\/","title":{"rendered":"Skruf Superwhite Polar Eukalyptus #3"},"content":{"rendered":"<p><span lang=\"en\">Skruf Superwhite Polar Eucalyptus #3 ist ein voller wei\u00dfer Nikotinbeutel mit einem eisigen Geschmack von Minze und Menthol. Der Geschmack erinnert ein wenig an Fisherman's Friend.   Das Produkt ist v\u00f6llig tabakfrei und kommt in einem schlanken Format f\u00fcr eine bessere Passform unter der Lippe.<\/span><\/p>\n<p><span lang=\"en\">Skruf Superwhite Polar Eucalyptus #3 ist ein voller wei\u00dfer Nikotinbeutel mit einem eisigen Geschmack von Minze und Menthol. Der Geschmack erinnert ein wenig an Fisherman's Friend. Das Produkt ist v\u00f6llig tabakfrei und kommt in einem schlanken Format f\u00fcr eine bessere Passform unter der Lippe. <a href=\"https:\/\/nicopouche.com\/de\/?s=skruf&#038;post_type=product#\"><strong>Skruf kaufen<\/strong><\/a> in unserem Webstore, wo Sie alle verf\u00fcgbaren Geschmacksrichtungen und Formate finden<\/span><\/p>\n<p>Skruf wurde im Jahr 2002 von den Freunden Adam Gillberg und Jonas Engwall gegr\u00fcndet. Ihre Vision war es, einen Schnupftabak zu produzieren, den sie selbst wollten. Genau wie normaler Schnupftabak, nur besser! Ein Jahr sp\u00e4ter produzieren und verkaufen sie die erste Schnupftabakdose der Marke Skruf in Schweden. Damals waren sie einer der ersten Schnupftabakhersteller, die Swedish Match in Schweden wirklich herausforderten. Zwei Jahre sp\u00e4ter wird Skruf von der Imperial Tobacco Group \u00fcbernommen. Zu diesem Zeitpunkt, 2005, ist es das viertgr\u00f6\u00dfte Tabakunternehmen der Welt.  Lesen Sie mehr Die Betriebe von Skruf befinden sich in Stockholm und Sm\u00e5land. In Stockholm befindet sich der Hauptsitz und in Sm\u00e5land findet die gesamte Produktion statt. Skruf besch\u00e4ftigt heute \u00fcber 200 Mitarbeiter und ist damit das zweitgr\u00f6\u00dfte Snusunternehmen in Skandinavien. Die Snus-Sorten, die sie herstellen, sind: Skruf, Knox und Sm\u00e5lands Brukssnus. Skruf war die erste Snus-Sorte auf dem Markt, die nur Bio-Tabak enthielt, Knox ist eine der meistverkauften Snus-Marken Schwedens und Sm\u00e5lands Brukssnus ist ein einfacher Snus ohne Schnickschnack!  Zeitleiste Screw Snuff 2002: Screw Snus wird von den Freunden Adam Gillberg und Jonas Engwall gegr\u00fcndet. 2003: Die erste Schnupftabakdose Skruf wird in Schweden hergestellt und verkauft. 2005: Skruf Snus wird von der Imperial Tobacco Group, dem viertgr\u00f6\u00dften Tabakunternehmen der Welt, gekauft. 2006: Die Marke Knox wird eingef\u00fchrt. 2012: Die Marke Sm\u00e5lands wird eingef\u00fchrt. 2015: Die Produktpalette von Skruf wird die erste auf dem schwedischen Markt sein, die ausschlie\u00dflich Bio-Tabak enth\u00e4lt. Skruf Super White Polar.<\/p>\n<p><a href=\"https:\/\/skruf.se\" target=\"_blank\" rel=\"noopener\">SKRUF<\/a><\/p>\n<p><a href=\"https:\/\/swedishsnuff.online\" target=\"_blank\" rel=\"noopener\">Snus online kaufen<\/a><\/p>\n<p><a href=\"https:\/\/nicopouche.com\/de\/general-snus-as-less-harmful-alternative-to-cigarettes\/\">Snus allgemein als weniger sch\u00e4dliche Alternative zu Zigaretten<\/a><\/p>\n<p><a href=\"https:\/\/nicopouche.com\/de\/buy-lyft-uk-snus-in-uk-from-a-british-perspective\/\">LYFT UK, Snus in UK kaufen<\/a><\/p>\n<pre id=\"tw-target-text\" class=\"tw-data-text tw-text-large tw-ta\" dir=\"ltr\" data-placeholder=\"\u00d6vers\u00e4ttning\"><span lang=\"en\">\u00a0<\/span><\/pre>\n<p>\u00a0<\/p>\n<p>\u00a0<\/p>\n<p>\u00a0<\/p>","protected":false},"excerpt":{"rendered":"<p>Skruf Superwhite Polar Eucalyptus #3 is a full white nicotine bag with an icy taste of mint and menthol. The<\/p>","protected":false},"featured_media":1001370,"comment_status":"closed","ping_status":"closed","template":"","meta":[],"product_brand":[1285],"product_cat":[104],"product_tag":[645],"class_list":{"0":"post-1001328","1":"product","2":"type-product","3":"status-publish","4":"has-post-thumbnail","6":"product_brand-skruf","7":"product_cat-nicotine-pouches","8":"product_tag-skruf","10":"first","11":"instock","12":"shipping-taxable","13":"purchasable","14":"product-type-simple"},"_links":{"self":[{"href":"https:\/\/nicopouche.com\/de\/wp-json\/wp\/v2\/product\/1001328","targetHints":{"allow":["GET"]}}],"collection":[{"href":"https:\/\/nicopouche.com\/de\/wp-json\/wp\/v2\/product"}],"about":[{"href":"https:\/\/nicopouche.com\/de\/wp-json\/wp\/v2\/types\/product"}],"replies":[{"embeddable":true,"href":"https:\/\/nicopouche.com\/de\/wp-json\/wp\/v2\/comments?post=1001328"}],"version-history":[{"count":1,"href":"https:\/\/nicopouche.com\/de\/wp-json\/wp\/v2\/product\/1001328\/revisions"}],"predecessor-version":[{"id":1002632,"href":"https:\/\/nicopouche.com\/de\/wp-json\/wp\/v2\/product\/1001328\/revisions\/1002632"}],"wp:featuredmedia":[{"embeddable":true,"href":"https:\/\/nicopouche.com\/de\/wp-json\/wp\/v2\/media\/1001370"}],"wp:attachment":[{"href":"https:\/\/nicopouche.com\/de\/wp-json\/wp\/v2\/media?parent=1001328"}],"wp:term":[{"taxonomy":"product_brand","embeddable":true,"href":"https:\/\/nicopouche.com\/de\/wp-json\/wp\/v2\/product_brand?post=1001328"},{"taxonomy":"product_cat","embeddable":true,"href":"https:\/\/nicopouche.com\/de\/wp-json\/wp\/v2\/product_cat?post=1001328"},{"taxonomy":"product_tag","embeddable":true,"href":"https:\/\/nicopouche.com\/de\/wp-json\/wp\/v2\/product_tag?post=1001328"}],"curies":[{"name":"wp","href":"https:\/\/api.w.org\/{rel}","templated":true}]}}