{"id":1001413,"date":"2025-11-28T09:21:55","date_gmt":"2025-11-28T09:21:55","guid":{"rendered":"https:\/\/nicopouche.com\/?post_type=product&#038;p=1001413"},"modified":"2026-01-17T18:34:05","modified_gmt":"2026-01-17T18:34:05","slug":"lundgrens-vastkusten","status":"publish","type":"product","link":"https:\/\/nicopouche.com\/da\/katalog\/lundgrens-vastkusten\/","title":{"rendered":"Lundgrens V\u00e4stkusten"},"content":{"rendered":"<p>Lundgrens has looked all over Sweden in search of inspiration of how they think snus is supposed to taste like. This has brought us the very popular Lundgrens Norrland, based on the northerner woods and Lundgrens Sk\u00e5ne, based on the big rapeseed fields situated in Sk\u00e5ne. The next destination is V\u00e4stkusten (West Coast). Lundgrens V\u00e4stkusten has a classic tobacco taste with normal strength with a flavour of rosehip and heather.<\/p>","protected":false},"excerpt":{"rendered":"<p>Lundgrens has looked all over Sweden in search of inspiration of how they think snus is supposed to taste like.<\/p>","protected":false},"featured_media":1001462,"comment_status":"closed","ping_status":"closed","template":"","meta":[],"product_brand":[1304],"product_cat":[200],"product_tag":[],"class_list":{"0":"post-1001413","1":"product","2":"type-product","3":"status-publish","4":"has-post-thumbnail","6":"product_brand-lundgrens","7":"product_cat-white-snus","9":"first","10":"instock","11":"shipping-taxable","12":"purchasable","13":"product-type-simple"},"_links":{"self":[{"href":"https:\/\/nicopouche.com\/da\/wp-json\/wp\/v2\/product\/1001413","targetHints":{"allow":["GET"]}}],"collection":[{"href":"https:\/\/nicopouche.com\/da\/wp-json\/wp\/v2\/product"}],"about":[{"href":"https:\/\/nicopouche.com\/da\/wp-json\/wp\/v2\/types\/product"}],"replies":[{"embeddable":true,"href":"https:\/\/nicopouche.com\/da\/wp-json\/wp\/v2\/comments?post=1001413"}],"version-history":[{"count":1,"href":"https:\/\/nicopouche.com\/da\/wp-json\/wp\/v2\/product\/1001413\/revisions"}],"predecessor-version":[{"id":1002584,"href":"https:\/\/nicopouche.com\/da\/wp-json\/wp\/v2\/product\/1001413\/revisions\/1002584"}],"wp:featuredmedia":[{"embeddable":true,"href":"https:\/\/nicopouche.com\/da\/wp-json\/wp\/v2\/media\/1001462"}],"wp:attachment":[{"href":"https:\/\/nicopouche.com\/da\/wp-json\/wp\/v2\/media?parent=1001413"}],"wp:term":[{"taxonomy":"product_brand","embeddable":true,"href":"https:\/\/nicopouche.com\/da\/wp-json\/wp\/v2\/product_brand?post=1001413"},{"taxonomy":"product_cat","embeddable":true,"href":"https:\/\/nicopouche.com\/da\/wp-json\/wp\/v2\/product_cat?post=1001413"},{"taxonomy":"product_tag","embeddable":true,"href":"https:\/\/nicopouche.com\/da\/wp-json\/wp\/v2\/product_tag?post=1001413"}],"curies":[{"name":"wp","href":"https:\/\/api.w.org\/{rel}","templated":true}]}}