{"id":1001359,"date":"2025-11-28T09:21:30","date_gmt":"2025-11-28T09:21:30","guid":{"rendered":"https:\/\/nicopouche.com\/?post_type=product&#038;p=1001359"},"modified":"2026-01-17T18:33:59","modified_gmt":"2026-01-17T18:33:59","slug":"xrange-goteborgs-rape-slim-strong","status":"publish","type":"product","link":"https:\/\/nicopouche.com\/da\/katalog\/xrange-goteborgs-rape-slim-strong\/","title":{"rendered":"XRANGE G\u00f6teborgs Rap\u00e9 Slim Strong"},"content":{"rendered":"<p>XRANGE G\u00f6teborgs. F\u00e5 det bedste fra to verdener med XR G\u00f6teborgs Rap\u00e9 Slim White Strong Portion. Den klassiske smag af mild tobak med noter af eneb\u00e6r og lavendel.<\/p>\n<p><span lang=\"en\">XR Gothenburg Rap\u00e9 Strong er sniffet med den klassiske Gothenburg Rap\u00e9-smag fra 1919, men i et mere diskret format og som smager l\u00e6ngere, l\u00f8ber mindre og med ekstra styrke. Strong-krus i slankt hvidt format. Smagen er den samme som XR G\u00f6teborgs Rap\u00e9 og har en let og krydret tobakskarakter med tydelige elementer af lavendel og eneb\u00e6r samt lidt tr\u00e6 og citrus.<\/span><\/p>\n<p>XRANGE (XR) er en snusserie baseret p\u00e5 Swedish Match' mest kendte m\u00e6rker og smagsvarianter. Det, der kendetegner XR, er den slanke st\u00f8rrelse, som smager l\u00e6ngere og l\u00f8ber mindre sammenlignet med vores s\u00e6dvanlige piller. XRANGE G\u00f6teborg.<\/p>\n<p id=\"tw-target-text\" class=\"tw-data-text tw-text-large tw-ta\" dir=\"ltr\" data-placeholder=\"\u00d6vers\u00e4ttning\"><span lang=\"en\">KENDT SMAG I EN TIMER PRILLA Du genkender sikkert smagene i XR-serien. Den best\u00e5r af variationer over nogle af vores mest brugte smage. Uanset om det er Generals krydrede tobakskarakter med et strejf af bergamot eller eneb\u00e6r- og lavendeltonerne i G\u00f6teborgs Rap\u00e9, s\u00e5 er grundkarakteren der. Det, der adskiller XR-serien, er slimhinden. Den er lidt smallere end Swedish Match' almindelige portioner, s\u00e5 den passer optimalt under l\u00e6ben. Takket v\u00e6re ny teknologi smager snusen ogs\u00e5 l\u00e6ngere, mens portionen l\u00f8ber mindre sammenlignet med vores andre portionsprodukter. SLIM LARGE Et aflangt format for en optimeret pasform under l\u00e6ben LONG LASTING Portioner med l\u00e6ngere smagsafgivelse og en glattere smag sammenlignet med andre larg-produkter fra Swedish Match MINIMAL DRIP Portioner med lavere renhed sammenlignet med andre larg-produkter fra Swedish Match.<\/span><\/p>\n<p dir=\"ltr\" data-placeholder=\"\u00d6vers\u00e4ttning\"><a href=\"https:\/\/swedishproducts.online\" target=\"_blank\" rel=\"noopener\">XRANGE<\/a><\/p>\n<p dir=\"ltr\" data-placeholder=\"\u00d6vers\u00e4ttning\"><a href=\"https:\/\/swedishproducts.online\" target=\"_blank\" rel=\"noopener\">K\u00f8b XR<\/a><\/p>\n<p dir=\"ltr\" data-placeholder=\"\u00d6vers\u00e4ttning\"><a href=\"https:\/\/swedishproducts.online\" target=\"_blank\" rel=\"noopener\">R\u00d8GFRI TOBAK<\/a><\/p>\n<p dir=\"ltr\" data-placeholder=\"\u00d6vers\u00e4ttning\"><a href=\"http:\/\/snubie.com\" target=\"_blank\" rel=\"noopener\">SNUS-ANMELDELSE<\/a><\/p>\n<p>\u00a0<\/p>","protected":false},"excerpt":{"rendered":"<p>F\u00e5 det bedste fra to verdener med XR G\u00f6teborgs Rap\u00e9 Slim White Strong Portion. Den klassiske smag af mild tobak med noter af eneb\u00e6r og lavendel.<\/p>","protected":false},"featured_media":1000827,"comment_status":"closed","ping_status":"closed","template":"","meta":[],"product_brand":[1297],"product_cat":[89],"product_tag":[260,261,262,263,264,265,266,267,268,271,273,274,741,276,287,292,294,295,296,350,297,298,299,300,174,301],"class_list":{"0":"post-1001359","1":"product","2":"type-product","3":"status-publish","4":"has-post-thumbnail","6":"product_brand-xr","7":"product_cat-portion-snus-slim","8":"product_tag-buy-snus-online","9":"product_tag-buy-swedish-snuff","10":"product_tag-buycheapsnus","11":"product_tag-buysnus","12":"product_tag-buysnuscheap","13":"product_tag-buysnusonline","14":"product_tag-camel-snus","15":"product_tag-camel-snus-flavours","16":"product_tag-central-snus","17":"product_tag-general","18":"product_tag-general-snus","19":"product_tag-general-storelocator","20":"product_tag-goteborgs-rape","21":"product_tag-granit-snus","22":"product_tag-snus-central","23":"product_tag-soldatsnus","24":"product_tag-svenskt-snus","25":"product_tag-swedishproductsonline","26":"product_tag-swedishsnuff","27":"product_tag-us-smokeless-tobacco","28":"product_tag-where-to-buy-general","29":"product_tag-where-to-buy-marlboro-snus","30":"product_tag-where-to-buy-snus","31":"product_tag-xrange","32":"product_tag-zyn-flavors","33":"product_tag-zyn-flavours","35":"first","36":"instock","37":"shipping-taxable","38":"purchasable","39":"product-type-simple"},"_links":{"self":[{"href":"https:\/\/nicopouche.com\/da\/wp-json\/wp\/v2\/product\/1001359","targetHints":{"allow":["GET"]}}],"collection":[{"href":"https:\/\/nicopouche.com\/da\/wp-json\/wp\/v2\/product"}],"about":[{"href":"https:\/\/nicopouche.com\/da\/wp-json\/wp\/v2\/types\/product"}],"replies":[{"embeddable":true,"href":"https:\/\/nicopouche.com\/da\/wp-json\/wp\/v2\/comments?post=1001359"}],"version-history":[{"count":1,"href":"https:\/\/nicopouche.com\/da\/wp-json\/wp\/v2\/product\/1001359\/revisions"}],"predecessor-version":[{"id":1002607,"href":"https:\/\/nicopouche.com\/da\/wp-json\/wp\/v2\/product\/1001359\/revisions\/1002607"}],"wp:featuredmedia":[{"embeddable":true,"href":"https:\/\/nicopouche.com\/da\/wp-json\/wp\/v2\/media\/1000827"}],"wp:attachment":[{"href":"https:\/\/nicopouche.com\/da\/wp-json\/wp\/v2\/media?parent=1001359"}],"wp:term":[{"taxonomy":"product_brand","embeddable":true,"href":"https:\/\/nicopouche.com\/da\/wp-json\/wp\/v2\/product_brand?post=1001359"},{"taxonomy":"product_cat","embeddable":true,"href":"https:\/\/nicopouche.com\/da\/wp-json\/wp\/v2\/product_cat?post=1001359"},{"taxonomy":"product_tag","embeddable":true,"href":"https:\/\/nicopouche.com\/da\/wp-json\/wp\/v2\/product_tag?post=1001359"}],"curies":[{"name":"wp","href":"https:\/\/api.w.org\/{rel}","templated":true}]}}