{"id":1000176,"date":"2025-11-28T08:59:48","date_gmt":"2025-11-28T08:59:48","guid":{"rendered":"https:\/\/nicopouche.com\/?post_type=product&#038;p=1000176"},"modified":"2026-01-17T18:41:08","modified_gmt":"2026-01-17T18:41:08","slug":"%d9%81%d8%a7%d8%b1%d8%ac%d8%a7%d8%b1%d8%af%d8%a7-%d8%b3%d9%83%d9%88%d8%ac-%d8%a7%d9%84%d8%ac%d8%b2%d8%a1-%d8%a7%d9%84%d8%a3%d8%a8%d9%8a%d8%b6-%d8%a7%d9%84%d9%82%d9%88%d9%8a","status":"publish","type":"product","link":"https:\/\/nicopouche.com\/ar\/%d8%a7%d9%84%d9%83%d8%aa%d8%a7%d9%84%d9%88%d8%ac\/%d9%81%d8%a7%d8%b1%d8%ac%d8%a7%d8%b1%d8%af%d8%a7-%d8%b3%d9%83%d9%88%d8%ac-%d8%a7%d9%84%d8%ac%d8%b2%d8%a1-%d8%a7%d9%84%d8%a3%d8%a8%d9%8a%d8%b6-%d8%a7%d9%84%d9%82%d9%88%d9%8a\/","title":{"rendered":"\u0641\u0627\u0631\u062c\u0627\u0631\u062f\u0627 \u0633\u0643\u0648\u063a \u0627\u0644\u062c\u0632\u0621 \u0627\u0644\u0623\u0628\u064a\u0636 \u0627\u0644\u0642\u0648\u064a"},"content":{"rendered":"<p><strong>\u0641\u0627\u0631\u062c\u0627\u0631\u062f\u0627 \u0633\u0643\u0648\u063a \u0627\u0644\u062c\u0632\u0621 \u0627\u0644\u0623\u0628\u064a\u0636 \u0627\u0644\u0642\u0648\u064a<\/strong><\/p>\n<h2><strong>\u0646\u0628\u0630\u0629 \u0639\u0646 V\u00e5rg\u00e5rda Skog \u0627\u0644\u062c\u0632\u0621 \u0627\u0644\u0623\u0628\u064a\u0636 \u0627\u0644\u0642\u0648\u064a<\/strong><\/h2>\n<p id=\"tw-target-text\" class=\"tw-data-text tw-text-large tw-ta\" dir=\"ltr\" data-placeholder=\"\u00d6vers\u00e4ttning\" data-ved=\"2ahUKEwjWt-6svbOOAxVXAxAIHUGXNLIQ3ewLegQICRAV\" aria-label=\"\u0646\u0635 \u00d6versatt: \u0625\u0646 \u062c\u0632\u0621 V\u00e5rg\u00e5rda Skog Stark Vit \u0645\u0646 V\u00e5rg\u00e5rda \u0647\u0648 \u062c\u0632\u0621 \u0645\u0646 \u0641\u0627\u0631\u062c\u0627\u0631\u062f\u0627 \u0633\u0643\u0648\u062c \u0633\u062a\u0627\u0631\u0643 \u0641\u064a\u062a \u0647\u0648 \u0639\u0628\u0627\u0631\u0629 \u0639\u0646 \u0634\u0645\u0629 \u0630\u0627\u062a \u0637\u0627\u0628\u0639 \u062d\u0627\u0631. \u0628\u0627\u0644\u0625\u0636\u0627\u0641\u0629 \u0625\u0644\u0649 \u0646\u0643\u0647\u0629 \u0627\u0644\u062a\u0628\u063a\u060c \u0647\u0646\u0627\u0643 \u062a\u0644\u0645\u064a\u062d\u0627\u062a \u0645\u0646 \u0627\u0644\u062e\u0632\u0627\u0645\u0649 \u0648\u0627\u0644\u0639\u0631\u0639\u0631. \u064a\u0623\u062a\u064a \u0627\u0644\u062c\u0632\u0621 \u0641\u064a \u0634\u0643\u0644 \u0643\u0628\u064a\u0631 \u0648\u0628\u0627\u0644\u062a\u0627\u0644\u064a \u0641\u0647\u0648 \u0643\u0628\u064a\u0631 \u0627\u0644\u062d\u062c\u0645 \u0644\u0644\u063a\u0627\u064a\u0629. \u0625\u0646 V\u00e5rg\u00e5rda Skog \u0639\u0628\u0627\u0631\u0629 \u0639\u0646 \u062d\u0628\u0629 \u0628\u064a\u0636\u0627\u0621\u060c \u0645\u0645\u0627 \u064a\u0639\u0646\u064a \u0623\u0646 \u0633\u0637\u062d\u0647\u0627 \u062c\u0627\u0641 \u0645\u0639 \u0645\u062d\u062a\u0648\u0649 \u0631\u0637\u0628.\"><span class=\"Y2IQFc\" lang=\"en\">\u0625\u0646 \u0627\u0644\u062c\u0632\u0621 \u0627\u0644\u0623\u0628\u064a\u0636 \u0627\u0644\u0642\u0648\u064a \u0645\u0646 V\u00e5rg\u00e5rda Skog \u0645\u0646 V\u00e5rg\u00e5rda Skog \u0647\u0648 \u062c\u0632\u0621 \u0645\u0646 \u0627\u0644\u0633\u0646\u0648\u0633 \u0630\u0648 \u0637\u0627\u0628\u0639 \u062d\u0627\u0631. \u0628\u0627\u0644\u0625\u0636\u0627\u0641\u0629 \u0625\u0644\u0649 \u0646\u0643\u0647\u0629 \u0627\u0644\u062a\u0628\u063a\u060c \u0647\u0646\u0627\u0643 \u0644\u0645\u062d\u0627\u062a \u0645\u0646 \u0627\u0644\u062e\u0632\u0627\u0645\u0649 \u0648\u0627\u0644\u0639\u0631\u0639\u0631. \u064a\u0623\u062a\u064a \u0627\u0644\u062c\u0632\u0621 \u0641\u064a \u0634\u0643\u0644 \u0643\u0628\u064a\u0631 \u0648\u0628\u0627\u0644\u062a\u0627\u0644\u064a \u0641\u0647\u0648 \u0643\u0628\u064a\u0631 \u0627\u0644\u062d\u062c\u0645 \u0644\u0644\u063a\u0627\u064a\u0629. \u0625\u0646 V\u00e5rg\u00e5rda Skog \u0639\u0628\u0627\u0631\u0629 \u0639\u0646 \u062d\u0628\u0629 \u0628\u064a\u0636\u0627\u0621\u060c \u0645\u0645\u0627 \u064a\u0639\u0646\u064a \u0623\u0646 \u0633\u0637\u062d\u0647\u0627 \u062c\u0627\u0641 \u0645\u0639 \u0645\u062d\u062a\u0648\u0649 \u0631\u0637\u0628.<\/span><\/p>\n<ul>\n<li id=\"tw-target-text\" class=\"tw-data-text tw-text-large tw-ta\" dir=\"ltr\" data-placeholder=\"\u00d6vers\u00e4ttning\" data-ved=\"2ahUKEwjWt-6svbOOAxVXAxAIHUGXNLIQ3ewLegQICRAV\" aria-label=\"\u0646\u0635 \u0623\u0648\u0641\u0631\u0633\u0627\u062a \u0627\u0644\u0639\u0644\u0627\u0645\u0629 \u0627\u0644\u062a\u062c\u0627\u0631\u064a\u0629: \u0627\u0644\u0634\u0631\u0643\u0629 \u0627\u0644\u0645\u0635\u0646\u0639\u0629 V\u00e5rg\u00e5rda: \u0646\u0643\u0647\u0629 \u0633\u0646\u0648\u0633 \u0627\u0644\u0634\u0645\u0627\u0644 \u0627\u0644\u0623\u0648\u0631\u0648\u0628\u064a: \u062a\u0628\u063a \u062d\u0627\u0631 \u0627\u0644\u0634\u0643\u0644: \u062a\u0628\u063a \u062d\u0627\u0631: \u0646\u0648\u0639 \u0627\u0644\u0645\u0646\u062a\u062c \u0639\u0627\u062f\u064a: \u062c\u0632\u0621 \u0623\u0628\u064a\u0636 \u0639\u062f\u062f \u0627\u0644\u0623\u0643\u064a\u0627\u0633 \u0641\u064a \u0627\u0644\u0639\u0644\u0628\u0629 \u0627\u0644\u0648\u0627\u062d\u062f\u0629: 20 \u0645\u062d\u062a\u0648\u0649 \u0627\u0644\u0646\u064a\u0643\u0648\u062a\u064a\u0646: 14 \u0645\u0644\u063a\u0645\/\u063a\u0645 \u0627\u0644\u0642\u0648\u0629: \u0642\u0648\u064a\"><span class=\"Y2IQFc\" lang=\"en\">\u0627\u0644\u0639\u0644\u0627\u0645\u0629 \u0627\u0644\u062a\u062c\u0627\u0631\u064a\u0629: V\u00e5rg\u00e5rda <\/span><\/li>\n<li class=\"tw-data-text tw-text-large tw-ta\" dir=\"ltr\" data-placeholder=\"\u00d6vers\u00e4ttning\" data-ved=\"2ahUKEwjWt-6svbOOAxVXAxAIHUGXNLIQ3ewLegQICRAV\" aria-label=\"\u0646\u0635 \u0623\u0648\u0641\u0631\u0633\u0627\u062a \u0627\u0644\u0639\u0644\u0627\u0645\u0629 \u0627\u0644\u062a\u062c\u0627\u0631\u064a\u0629: \u0627\u0644\u0634\u0631\u0643\u0629 \u0627\u0644\u0645\u0635\u0646\u0639\u0629 V\u00e5rg\u00e5rda: \u0646\u0643\u0647\u0629 \u0633\u0646\u0648\u0633 \u0627\u0644\u0634\u0645\u0627\u0644 \u0627\u0644\u0623\u0648\u0631\u0648\u0628\u064a: \u062a\u0628\u063a \u062d\u0627\u0631 \u0627\u0644\u0634\u0643\u0644: \u062a\u0628\u063a \u062d\u0627\u0631: \u0646\u0648\u0639 \u0627\u0644\u0645\u0646\u062a\u062c \u0639\u0627\u062f\u064a: \u062c\u0632\u0621 \u0623\u0628\u064a\u0636 \u0639\u062f\u062f \u0627\u0644\u0623\u0643\u064a\u0627\u0633 \u0641\u064a \u0627\u0644\u0639\u0644\u0628\u0629 \u0627\u0644\u0648\u0627\u062d\u062f\u0629: 20 \u0645\u062d\u062a\u0648\u0649 \u0627\u0644\u0646\u064a\u0643\u0648\u062a\u064a\u0646: 14 \u0645\u0644\u063a\u0645\/\u063a\u0645 \u0627\u0644\u0642\u0648\u0629: \u0642\u0648\u064a\"><span class=\"Y2IQFc\" lang=\"en\">\u0627\u0644\u0634\u0631\u0643\u0629 \u0627\u0644\u0645\u0635\u0646\u0639\u0629: \u0646\u0648\u0631\u062f\u064a\u0643 \u0633\u0646\u0648\u0633 \u0627\u0644\u0634\u0645\u0627\u0644 <\/span><\/li>\n<li class=\"tw-data-text tw-text-large tw-ta\" dir=\"ltr\" data-placeholder=\"\u00d6vers\u00e4ttning\" data-ved=\"2ahUKEwjWt-6svbOOAxVXAxAIHUGXNLIQ3ewLegQICRAV\" aria-label=\"\u0646\u0635 \u0623\u0648\u0641\u0631\u0633\u0627\u062a \u0627\u0644\u0639\u0644\u0627\u0645\u0629 \u0627\u0644\u062a\u062c\u0627\u0631\u064a\u0629: \u0627\u0644\u0634\u0631\u0643\u0629 \u0627\u0644\u0645\u0635\u0646\u0639\u0629 V\u00e5rg\u00e5rda: \u0646\u0643\u0647\u0629 \u0633\u0646\u0648\u0633 \u0627\u0644\u0634\u0645\u0627\u0644 \u0627\u0644\u0623\u0648\u0631\u0648\u0628\u064a: \u062a\u0628\u063a \u062d\u0627\u0631 \u0627\u0644\u0634\u0643\u0644: \u062a\u0628\u063a \u062d\u0627\u0631: \u0646\u0648\u0639 \u0627\u0644\u0645\u0646\u062a\u062c \u0639\u0627\u062f\u064a: \u062c\u0632\u0621 \u0623\u0628\u064a\u0636 \u0639\u062f\u062f \u0627\u0644\u0623\u0643\u064a\u0627\u0633 \u0641\u064a \u0627\u0644\u0639\u0644\u0628\u0629 \u0627\u0644\u0648\u0627\u062d\u062f\u0629: 20 \u0645\u062d\u062a\u0648\u0649 \u0627\u0644\u0646\u064a\u0643\u0648\u062a\u064a\u0646: 14 \u0645\u0644\u063a\u0645\/\u063a\u0645 \u0627\u0644\u0642\u0648\u0629: \u0642\u0648\u064a\"><span class=\"Y2IQFc\" lang=\"en\">\u0627\u0644\u0646\u0643\u0647\u0629: \u0627\u0644\u062a\u0628\u063a \u0627\u0644\u062d\u0627\u0631 <\/span><\/li>\n<li class=\"tw-data-text tw-text-large tw-ta\" dir=\"ltr\" data-placeholder=\"\u00d6vers\u00e4ttning\" data-ved=\"2ahUKEwjWt-6svbOOAxVXAxAIHUGXNLIQ3ewLegQICRAV\" aria-label=\"\u0646\u0635 \u0623\u0648\u0641\u0631\u0633\u0627\u062a \u0627\u0644\u0639\u0644\u0627\u0645\u0629 \u0627\u0644\u062a\u062c\u0627\u0631\u064a\u0629: \u0627\u0644\u0634\u0631\u0643\u0629 \u0627\u0644\u0645\u0635\u0646\u0639\u0629 V\u00e5rg\u00e5rda: \u0646\u0643\u0647\u0629 \u0633\u0646\u0648\u0633 \u0627\u0644\u0634\u0645\u0627\u0644 \u0627\u0644\u0623\u0648\u0631\u0648\u0628\u064a: \u062a\u0628\u063a \u062d\u0627\u0631 \u0627\u0644\u0634\u0643\u0644: \u062a\u0628\u063a \u062d\u0627\u0631: \u0646\u0648\u0639 \u0627\u0644\u0645\u0646\u062a\u062c \u0639\u0627\u062f\u064a: \u062c\u0632\u0621 \u0623\u0628\u064a\u0636 \u0639\u062f\u062f \u0627\u0644\u0623\u0643\u064a\u0627\u0633 \u0641\u064a \u0627\u0644\u0639\u0644\u0628\u0629 \u0627\u0644\u0648\u0627\u062d\u062f\u0629: 20 \u0645\u062d\u062a\u0648\u0649 \u0627\u0644\u0646\u064a\u0643\u0648\u062a\u064a\u0646: 14 \u0645\u0644\u063a\u0645\/\u063a\u0645 \u0627\u0644\u0642\u0648\u0629: \u0642\u0648\u064a\"><span class=\"Y2IQFc\" lang=\"en\">\u0627\u0644\u062a\u0646\u0633\u064a\u0642: \u0639\u0627\u062f\u064a <\/span><\/li>\n<li class=\"tw-data-text tw-text-large tw-ta\" dir=\"ltr\" data-placeholder=\"\u00d6vers\u00e4ttning\" data-ved=\"2ahUKEwjWt-6svbOOAxVXAxAIHUGXNLIQ3ewLegQICRAV\" aria-label=\"\u0646\u0635 \u0623\u0648\u0641\u0631\u0633\u0627\u062a \u0627\u0644\u0639\u0644\u0627\u0645\u0629 \u0627\u0644\u062a\u062c\u0627\u0631\u064a\u0629: \u0627\u0644\u0634\u0631\u0643\u0629 \u0627\u0644\u0645\u0635\u0646\u0639\u0629 V\u00e5rg\u00e5rda: \u0646\u0643\u0647\u0629 \u0633\u0646\u0648\u0633 \u0627\u0644\u0634\u0645\u0627\u0644 \u0627\u0644\u0623\u0648\u0631\u0648\u0628\u064a: \u062a\u0628\u063a \u062d\u0627\u0631 \u0627\u0644\u0634\u0643\u0644: \u062a\u0628\u063a \u062d\u0627\u0631: \u0646\u0648\u0639 \u0627\u0644\u0645\u0646\u062a\u062c \u0639\u0627\u062f\u064a: \u062c\u0632\u0621 \u0623\u0628\u064a\u0636 \u0639\u062f\u062f \u0627\u0644\u0623\u0643\u064a\u0627\u0633 \u0641\u064a \u0627\u0644\u0639\u0644\u0628\u0629 \u0627\u0644\u0648\u0627\u062d\u062f\u0629: 20 \u0645\u062d\u062a\u0648\u0649 \u0627\u0644\u0646\u064a\u0643\u0648\u062a\u064a\u0646: 14 \u0645\u0644\u063a\u0645\/\u063a\u0645 \u0627\u0644\u0642\u0648\u0629: \u0642\u0648\u064a\"><span class=\"Y2IQFc\" lang=\"en\">\u0646\u0648\u0639 \u0627\u0644\u0645\u0646\u062a\u062c: \u062c\u0632\u0621 \u0623\u0628\u064a\u0636 <\/span><\/li>\n<li class=\"tw-data-text tw-text-large tw-ta\" dir=\"ltr\" data-placeholder=\"\u00d6vers\u00e4ttning\" data-ved=\"2ahUKEwjWt-6svbOOAxVXAxAIHUGXNLIQ3ewLegQICRAV\" aria-label=\"\u0646\u0635 \u0623\u0648\u0641\u0631\u0633\u0627\u062a \u0627\u0644\u0639\u0644\u0627\u0645\u0629 \u0627\u0644\u062a\u062c\u0627\u0631\u064a\u0629: \u0627\u0644\u0634\u0631\u0643\u0629 \u0627\u0644\u0645\u0635\u0646\u0639\u0629 V\u00e5rg\u00e5rda: \u0646\u0643\u0647\u0629 \u0633\u0646\u0648\u0633 \u0627\u0644\u0634\u0645\u0627\u0644 \u0627\u0644\u0623\u0648\u0631\u0648\u0628\u064a: \u062a\u0628\u063a \u062d\u0627\u0631 \u0627\u0644\u0634\u0643\u0644: \u062a\u0628\u063a \u062d\u0627\u0631: \u0646\u0648\u0639 \u0627\u0644\u0645\u0646\u062a\u062c \u0639\u0627\u062f\u064a: \u062c\u0632\u0621 \u0623\u0628\u064a\u0636 \u0639\u062f\u062f \u0627\u0644\u0623\u0643\u064a\u0627\u0633 \u0641\u064a \u0627\u0644\u0639\u0644\u0628\u0629 \u0627\u0644\u0648\u0627\u062d\u062f\u0629: 20 \u0645\u062d\u062a\u0648\u0649 \u0627\u0644\u0646\u064a\u0643\u0648\u062a\u064a\u0646: 14 \u0645\u0644\u063a\u0645\/\u063a\u0645 \u0627\u0644\u0642\u0648\u0629: \u0642\u0648\u064a\"><span class=\"Y2IQFc\" lang=\"en\">\u0639\u062f\u062f \u0627\u0644\u0623\u0643\u064a\u0627\u0633 \u0641\u064a \u0643\u0644 \u0635\u0646\u062f\u0648\u0642: 20 <\/span><\/li>\n<li class=\"tw-data-text tw-text-large tw-ta\" dir=\"ltr\" data-placeholder=\"\u00d6vers\u00e4ttning\" data-ved=\"2ahUKEwjWt-6svbOOAxVXAxAIHUGXNLIQ3ewLegQICRAV\" aria-label=\"\u0646\u0635 \u0623\u0648\u0641\u0631\u0633\u0627\u062a \u0627\u0644\u0639\u0644\u0627\u0645\u0629 \u0627\u0644\u062a\u062c\u0627\u0631\u064a\u0629: \u0627\u0644\u0634\u0631\u0643\u0629 \u0627\u0644\u0645\u0635\u0646\u0639\u0629 V\u00e5rg\u00e5rda: \u0646\u0643\u0647\u0629 \u0633\u0646\u0648\u0633 \u0627\u0644\u0634\u0645\u0627\u0644 \u0627\u0644\u0623\u0648\u0631\u0648\u0628\u064a: \u062a\u0628\u063a \u062d\u0627\u0631 \u0627\u0644\u0634\u0643\u0644: \u062a\u0628\u063a \u062d\u0627\u0631: \u0646\u0648\u0639 \u0627\u0644\u0645\u0646\u062a\u062c \u0639\u0627\u062f\u064a: \u062c\u0632\u0621 \u0623\u0628\u064a\u0636 \u0639\u062f\u062f \u0627\u0644\u0623\u0643\u064a\u0627\u0633 \u0641\u064a \u0627\u0644\u0639\u0644\u0628\u0629 \u0627\u0644\u0648\u0627\u062d\u062f\u0629: 20 \u0645\u062d\u062a\u0648\u0649 \u0627\u0644\u0646\u064a\u0643\u0648\u062a\u064a\u0646: 14 \u0645\u0644\u063a\u0645\/\u063a\u0645 \u0627\u0644\u0642\u0648\u0629: \u0642\u0648\u064a\"><span class=\"Y2IQFc\" lang=\"en\">\u0645\u062d\u062a\u0648\u0649 \u0627\u0644\u0646\u064a\u0643\u0648\u062a\u064a\u0646 14 \u0645\u0644\u063a\u0645\/\u063a\u0645 <\/span><\/li>\n<li class=\"tw-data-text tw-text-large tw-ta\" dir=\"ltr\" data-placeholder=\"\u00d6vers\u00e4ttning\" data-ved=\"2ahUKEwjWt-6svbOOAxVXAxAIHUGXNLIQ3ewLegQICRAV\" aria-label=\"\u0646\u0635 \u0623\u0648\u0641\u0631\u0633\u0627\u062a \u0627\u0644\u0639\u0644\u0627\u0645\u0629 \u0627\u0644\u062a\u062c\u0627\u0631\u064a\u0629: \u0627\u0644\u0634\u0631\u0643\u0629 \u0627\u0644\u0645\u0635\u0646\u0639\u0629 V\u00e5rg\u00e5rda: \u0646\u0643\u0647\u0629 \u0633\u0646\u0648\u0633 \u0627\u0644\u0634\u0645\u0627\u0644 \u0627\u0644\u0623\u0648\u0631\u0648\u0628\u064a: \u062a\u0628\u063a \u062d\u0627\u0631 \u0627\u0644\u0634\u0643\u0644: \u062a\u0628\u063a \u062d\u0627\u0631: \u0646\u0648\u0639 \u0627\u0644\u0645\u0646\u062a\u062c \u0639\u0627\u062f\u064a: \u062c\u0632\u0621 \u0623\u0628\u064a\u0636 \u0639\u062f\u062f \u0627\u0644\u0623\u0643\u064a\u0627\u0633 \u0641\u064a \u0627\u0644\u0639\u0644\u0628\u0629 \u0627\u0644\u0648\u0627\u062d\u062f\u0629: 20 \u0645\u062d\u062a\u0648\u0649 \u0627\u0644\u0646\u064a\u0643\u0648\u062a\u064a\u0646: 14 \u0645\u0644\u063a\u0645\/\u063a\u0645 \u0627\u0644\u0642\u0648\u0629: \u0642\u0648\u064a\"><span class=\"Y2IQFc\" lang=\"en\">\u0627\u0644\u0642\u0648\u0629: \u0642\u0648\u064a<\/span><\/li>\n<\/ul>\n<p id=\"tw-target-text\" class=\"tw-data-text tw-text-large tw-ta\" dir=\"ltr\" data-placeholder=\"\u00d6vers\u00e4ttning\" data-ved=\"2ahUKEwjWt-6svbOOAxVXAxAIHUGXNLIQ3ewLegQICRAV\" aria-label=\"\u0646\u0635 \u00d6versatt: \u0627\u0644\u062c\u0632\u0621 \u0627\u0644\u0623\u0628\u064a\u0636 \u0645\u0646 V\u00e5rg\u00e5rda Skog \u0647\u0648 \u062c\u0632\u0621 \u0623\u0628\u064a\u0636 \u0645\u0646 V\u00e5rg\u00e5rda Skog \u0647\u0648 \u0639\u0628\u0627\u0631\u0629 \u0639\u0646 \u0633\u0646\u0648\u0633 \u064a\u062a\u0643\u0648\u0646 \u0628\u0634\u0643\u0644 \u0623\u0633\u0627\u0633\u064a \u0645\u0646 \u0627\u0644\u062a\u0628\u063a \u0648\u0644\u0647 \u0642\u0648\u0629 \u0646\u064a\u0643\u0648\u062a\u064a\u0646 \u062a\u0628\u0644\u063a 14 \u0645\u0644\u0644\u064a\u063a\u0631\u0627\u0645 \u0644\u0643\u0644 \u063a\u0631\u0627\u0645. \u0648\u064a\u0648\u0635\u0641 \u0628\u0623\u0646\u0647 \u0642\u0648\u0629 \u0642\u0648\u064a\u0629 \u0641\u064a \u0645\u062c\u0645\u0648\u0639\u0629 \u0627\u0644\u0639\u0644\u0627\u0645\u0629 \u0627\u0644\u062a\u062c\u0627\u0631\u064a\u0629. \u064a\u062a\u0645 \u062a\u0635\u0646\u064a\u0639 \u0627\u0644\u0639\u0644\u0627\u0645\u0629 \u0627\u0644\u062a\u062c\u0627\u0631\u064a\u0629 V\u00e5rg\u00e5rda \u0628\u0648\u0627\u0633\u0637\u0629 \u0634\u0631\u0643\u0629 \u0627\u0644\u062a\u0628\u063a \u0627\u0644\u0633\u0648\u064a\u062f\u064a\u0629 Nordic Snus. \u0648\u062a\u062a\u0648\u0641\u0631 V\u00e5rg\u00e5rda \u0623\u064a\u0636\u064b\u0627 \u0628\u0646\u0643\u0647\u0627\u062a \u0648\u0642\u0648\u0629 \u0623\u062e\u0631\u0649.\"><span class=\"Y2IQFc\" lang=\"en\">\u0627\u0644\u062c\u0632\u0621 \u0627\u0644\u0623\u0628\u064a\u0636 \u0645\u0646 V\u00e5rg\u00e5rda Skog \u0647\u0648 \u062c\u0632\u0621 \u0623\u0628\u064a\u0636 \u0645\u0646 \u0627\u0644\u0633\u0646\u0648\u0633 \u0627\u0644\u0630\u064a \u064a\u062a\u0643\u0648\u0646 \u0628\u0634\u0643\u0644 \u0623\u0633\u0627\u0633\u064a \u0645\u0646 \u0627\u0644\u062a\u0628\u063a \u0648\u0644\u0647 \u0642\u0648\u0629 \u0646\u064a\u0643\u0648\u062a\u064a\u0646 \u062a\u0628\u0644\u063a 14 \u0645\u0644\u0644\u064a\u063a\u0631\u0627\u0645 \u0644\u0643\u0644 \u062c\u0631\u0627\u0645. \u0648\u064a\u0648\u0635\u0641 \u0628\u0623\u0646\u0647 \u0642\u0648\u0629 \u0642\u0648\u064a\u0629 \u0641\u064a \u0645\u062c\u0645\u0648\u0639\u0629 \u0627\u0644\u0639\u0644\u0627\u0645\u0629 \u0627\u0644\u062a\u062c\u0627\u0631\u064a\u0629. <\/span><\/p>\n<p class=\"tw-data-text tw-text-large tw-ta\" dir=\"ltr\" data-placeholder=\"\u00d6vers\u00e4ttning\" data-ved=\"2ahUKEwjWt-6svbOOAxVXAxAIHUGXNLIQ3ewLegQICRAV\" aria-label=\"\u0646\u0635 \u00d6versatt: \u0627\u0644\u062c\u0632\u0621 \u0627\u0644\u0623\u0628\u064a\u0636 \u0645\u0646 V\u00e5rg\u00e5rda Skog \u0647\u0648 \u062c\u0632\u0621 \u0623\u0628\u064a\u0636 \u0645\u0646 V\u00e5rg\u00e5rda Skog \u0647\u0648 \u0639\u0628\u0627\u0631\u0629 \u0639\u0646 \u0633\u0646\u0648\u0633 \u064a\u062a\u0643\u0648\u0646 \u0628\u0634\u0643\u0644 \u0623\u0633\u0627\u0633\u064a \u0645\u0646 \u0627\u0644\u062a\u0628\u063a \u0648\u0644\u0647 \u0642\u0648\u0629 \u0646\u064a\u0643\u0648\u062a\u064a\u0646 \u062a\u0628\u0644\u063a 14 \u0645\u0644\u0644\u064a\u063a\u0631\u0627\u0645 \u0644\u0643\u0644 \u063a\u0631\u0627\u0645. \u0648\u064a\u0648\u0635\u0641 \u0628\u0623\u0646\u0647 \u0642\u0648\u0629 \u0642\u0648\u064a\u0629 \u0641\u064a \u0645\u062c\u0645\u0648\u0639\u0629 \u0627\u0644\u0639\u0644\u0627\u0645\u0629 \u0627\u0644\u062a\u062c\u0627\u0631\u064a\u0629. \u064a\u062a\u0645 \u062a\u0635\u0646\u064a\u0639 \u0627\u0644\u0639\u0644\u0627\u0645\u0629 \u0627\u0644\u062a\u062c\u0627\u0631\u064a\u0629 V\u00e5rg\u00e5rda \u0628\u0648\u0627\u0633\u0637\u0629 \u0634\u0631\u0643\u0629 \u0627\u0644\u062a\u0628\u063a \u0627\u0644\u0633\u0648\u064a\u062f\u064a\u0629 Nordic Snus. \u0648\u062a\u062a\u0648\u0641\u0631 V\u00e5rg\u00e5rda \u0623\u064a\u0636\u064b\u0627 \u0628\u0646\u0643\u0647\u0627\u062a \u0648\u0642\u0648\u0629 \u0623\u062e\u0631\u0649.\"><span class=\"Y2IQFc\" lang=\"en\">\u064a\u062a\u0645 \u062a\u0635\u0646\u064a\u0639 \u0627\u0644\u0639\u0644\u0627\u0645\u0629 \u0627\u0644\u062a\u062c\u0627\u0631\u064a\u0629 V\u00e5rg\u00e5rda \u0628\u0648\u0627\u0633\u0637\u0629 \u0634\u0631\u0643\u0629 \u0627\u0644\u062a\u0628\u063a \u0627\u0644\u0633\u0648\u064a\u062f\u064a\u0629 Nordic Snus. \u0648\u062a\u062a\u0648\u0641\u0631 V\u00e5rg\u00e5rda \u0623\u064a\u0636\u0627\u064b \u0628\u0646\u0643\u0647\u0627\u062a \u0648\u0642\u0648\u0649 \u0623\u062e\u0631\u0649.<\/span><\/p>","protected":false},"excerpt":{"rendered":"<p><strong>\u0641\u0627\u0631\u062c\u0627\u0631\u062f\u0627 \u0633\u0643\u0648\u063a \u0627\u0644\u062c\u0632\u0621 \u0627\u0644\u0623\u0628\u064a\u0636 \u0627\u0644\u0642\u0648\u064a<\/strong><\/p>\n<p id=\"tw-target-text\" class=\"tw-data-text tw-text-large tw-ta\" dir=\"ltr\" data-placeholder=\"\u00d6vers\u00e4ttning\" data-ved=\"2ahUKEwjWt-6svbOOAxVXAxAIHUGXNLIQ3ewLegQICRAV\" aria-label=\"\u0646\u0635 \u00d6versatt: Prillan V\u00e5rg\u00e5rda Skog Stark Vit Portion \u0647\u064a \u062d\u0628\u0629 \u0628\u0631\u064a\u0644\u0627\u0646 \u0641\u0627\u0631\u062c\u0627\u0631\u062f\u0627 \u0633\u0643\u0648\u062c \u0633\u062a\u0627\u0631\u0643 \u0641\u064a\u062a \u0628\u0648\u0631\u062a\u064a\u0648\u0646 Prillan V\u00e5rg\u00e5rda Skog \u0647\u064a \u062d\u0628\u0629 \u0628\u0631\u064a\u0644\u0627\u0646 \u0630\u0627\u062a \u0645\u0630\u0627\u0642 \u0645\u0645\u064a\u0632 \u0645\u0646 \u0627\u0644\u062a\u0628\u063a \u0627\u0644\u062d\u0627\u0631. \u064a\u0648\u062c\u062f 20 \u062d\u0628\u0629 \u0641\u064a \u0627\u0644\u0639\u0644\u0628\u0629 \u0648\u0647\u0646\u0627\u0643 \u0645\u0633\u0627\u062d\u0629 \u0641\u064a \u0627\u0644\u063a\u0637\u0627\u0621 \u0644\u0644\u062d\u0628\u0648\u0628 \u0627\u0644\u0645\u0633\u062a\u0639\u0645\u0644\u0629.\"><span class=\"Y2IQFc\" lang=\"en\">\u0625\u0646 Prillan V\u00e5rg\u00e5rda Skog \u0627\u0644\u062c\u0632\u0621 \u0627\u0644\u0623\u0628\u064a\u0636 \u0627\u0644\u0642\u0648\u064a \u0647\u0648 \u0639\u0628\u0627\u0631\u0629 \u0639\u0646 \u062d\u0628\u0629 \u0628\u0631\u064a\u0644\u0627\u0646 \u0641\u0627\u0631\u062c\u0627\u0631\u062f\u0627 \u0633\u0643\u0648\u063a \u0630\u0627\u062a \u0645\u0630\u0627\u0642 \u0645\u0645\u064a\u0632 \u0645\u0646 \u0627\u0644\u062a\u0628\u063a \u0627\u0644\u062d\u0627\u0631. \u064a\u0648\u062c\u062f 20 \u062d\u0628\u0629 \u0641\u064a \u0627\u0644\u0639\u0644\u0628\u0629 \u0648\u064a\u0648\u062c\u062f \u0645\u0633\u0627\u062d\u0629 \u0641\u064a \u0627\u0644\u063a\u0637\u0627\u0621 \u0644\u0644\u062d\u0628\u0648\u0628 \u0627\u0644\u0645\u0633\u062a\u0639\u0645\u0644\u0629.<\/span><\/p>","protected":false},"featured_media":1000232,"comment_status":"closed","ping_status":"closed","template":"","meta":[],"product_brand":[1281],"product_cat":[103,201],"product_tag":[252,227],"class_list":{"0":"post-1000176","1":"product","2":"type-product","3":"status-publish","4":"has-post-thumbnail","6":"product_brand-vargarda","7":"product_cat-news","8":"product_cat-original-portion-pouches","9":"product_tag-vargarda-skog-strong-white-portion","10":"product_tag-vargarda-snus","12":"first","13":"instock","14":"shipping-taxable","15":"purchasable","16":"product-type-simple"},"_links":{"self":[{"href":"https:\/\/nicopouche.com\/ar\/wp-json\/wp\/v2\/product\/1000176","targetHints":{"allow":["GET"]}}],"collection":[{"href":"https:\/\/nicopouche.com\/ar\/wp-json\/wp\/v2\/product"}],"about":[{"href":"https:\/\/nicopouche.com\/ar\/wp-json\/wp\/v2\/types\/product"}],"replies":[{"embeddable":true,"href":"https:\/\/nicopouche.com\/ar\/wp-json\/wp\/v2\/comments?post=1000176"}],"version-history":[{"count":1,"href":"https:\/\/nicopouche.com\/ar\/wp-json\/wp\/v2\/product\/1000176\/revisions"}],"predecessor-version":[{"id":1002886,"href":"https:\/\/nicopouche.com\/ar\/wp-json\/wp\/v2\/product\/1000176\/revisions\/1002886"}],"wp:featuredmedia":[{"embeddable":true,"href":"https:\/\/nicopouche.com\/ar\/wp-json\/wp\/v2\/media\/1000232"}],"wp:attachment":[{"href":"https:\/\/nicopouche.com\/ar\/wp-json\/wp\/v2\/media?parent=1000176"}],"wp:term":[{"taxonomy":"product_brand","embeddable":true,"href":"https:\/\/nicopouche.com\/ar\/wp-json\/wp\/v2\/product_brand?post=1000176"},{"taxonomy":"product_cat","embeddable":true,"href":"https:\/\/nicopouche.com\/ar\/wp-json\/wp\/v2\/product_cat?post=1000176"},{"taxonomy":"product_tag","embeddable":true,"href":"https:\/\/nicopouche.com\/ar\/wp-json\/wp\/v2\/product_tag?post=1000176"}],"curies":[{"name":"wp","href":"https:\/\/api.w.org\/{rel}","templated":true}]}}